{"id":2786,"date":"2020-03-04T15:41:56","date_gmt":"2020-03-04T14:41:56","guid":{"rendered":"https:\/\/warsztatykultury.pl\/events\/"},"modified":"2021-03-18T16:03:51","modified_gmt":"2021-03-18T15:03:51","slug":"events","status":"publish","type":"page","link":"https:\/\/warsztatykultury.pl\/en\/events\/","title":{"rendered":"Events"},"content":{"rendered":"<p><div class=\"fusion-fullwidth fullwidth-box fusion-builder-row-1 nonhundred-percent-fullwidth non-hundred-percent-height-scrolling\" style=\"--awb-border-radius-top-left:0px;--awb-border-radius-top-right:0px;--awb-border-radius-bottom-right:0px;--awb-border-radius-bottom-left:0px;--awb-padding-right:7%;--awb-padding-left:7%;--awb-margin-top:2%;--awb-flex-wrap:wrap;\" ><div class=\"fusion-builder-row fusion-row\"><div class=\"fusion-layout-column fusion_builder_column fusion-builder-column-0 fusion_builder_column_1_1 1_1 fusion-one-full fusion-column-first fusion-column-last\" style=\"--awb-bg-size:cover;\"><div class=\"fusion-column-wrapper fusion-column-has-shadow fusion-flex-column-wrapper-legacy\"><div class=\"fusion-text fusion-text-1\"><h1>Events<\/h1>\n<\/div><div class=\"fusion-clearfix\"><\/div><\/div><\/div><\/div><\/div><div class=\"fusion-fullwidth fullwidth-box fusion-builder-row-2 nonhundred-percent-fullwidth non-hundred-percent-height-scrolling\" style=\"--awb-border-radius-top-left:0px;--awb-border-radius-top-right:0px;--awb-border-radius-bottom-right:0px;--awb-border-radius-bottom-left:0px;--awb-padding-right:7%;--awb-padding-left:7%;--awb-flex-wrap:wrap;\" ><div class=\"fusion-builder-row fusion-row\"><div class=\"fusion-layout-column fusion_builder_column fusion-builder-column-1 fusion_builder_column_1_1 1_1 fusion-one-full fusion-column-first fusion-column-last\" style=\"--awb-bg-size:cover;\"><div class=\"fusion-column-wrapper fusion-column-has-shadow fusion-flex-column-wrapper-legacy\"><div class=\"mec-wrap mec-skin-list-container  \" id=\"mec_skin_2598\">\r\n\r\n    <div id=\"mec_search_form_2598\" class=\"mec-search-form mec-totalcal-box\"><div class=\"mec-dropdown-wrap\" ><div class=\"mec-dropdown-search\"><i class=\"mec-sl-tag\"><\/i><select  name=' ' id='mec_sf_tag_2598' class='postform'>\n\t<option value='' selected='selected'>Tag<\/option>\n\t<option class=\"level-0\" value=\"65\">adults<\/option>\n\t<option class=\"level-0\" value=\"266\">ASD-friendly event<\/option>\n\t<option class=\"level-0\" value=\"101\">circus<\/option>\n\t<option class=\"level-0\" value=\"107\">creative sector<\/option>\n\t<option class=\"level-0\" value=\"69\">cultural sector<\/option>\n\t<option class=\"level-0\" value=\"109\">dance<\/option>\n\t<option class=\"level-0\" value=\"102\">design<\/option>\n\t<option class=\"level-0\" value=\"64\">diy &#8211; do it yourself<\/option>\n\t<option class=\"level-0\" value=\"67\">film<\/option>\n\t<option class=\"level-0\" value=\"66\">kids<\/option>\n\t<option class=\"level-0\" value=\"104\">literature<\/option>\n\t<option class=\"level-0\" value=\"397\">music<\/option>\n\t<option class=\"level-0\" value=\"105\">music<\/option>\n\t<option class=\"level-0\" value=\"106\">new technologies<\/option>\n\t<option class=\"level-0\" value=\"71\">older adults<\/option>\n\t<option class=\"level-0\" value=\"133\">online events<\/option>\n\t<option class=\"level-0\" value=\"68\">photography<\/option>\n\t<option class=\"level-0\" value=\"431\">Polish Sign Language<\/option>\n\t<option class=\"level-0\" value=\"70\">teens<\/option>\n\t<option class=\"level-0\" value=\"111\">theatre<\/option>\n\t<option class=\"level-0\" value=\"110\">trade fairs<\/option>\n\t<option class=\"level-0\" value=\"398\">tradition<\/option>\n\t<option class=\"level-0\" value=\"72\">tradition<\/option>\n\t<option class=\"level-0\" value=\"309\">Ukraine<\/option>\n\t<option class=\"level-0\" value=\"108\">visual arts<\/option>\n\t<option class=\"level-0\" value=\"75\">workshops<\/option>\n<\/select>\n<\/div><\/div><div class=\"mec-date-search\"><input type=\"hidden\" id=\"mec-filter-none\" value=\"Select\"><i class=\"mec-sl-calendar\"><\/i>\r\n                    <select id=\"mec_sf_month_2598\" title=\"Month Filter\">\r\n                        <option class=\"mec-none-item\" value=\"none\" selected=\"selected\">Select<\/option><option value=\"01\">January<\/option><option value=\"02\">February<\/option><option value=\"03\">March<\/option><option value=\"04\">April<\/option><option value=\"05\">May<\/option><option value=\"06\">June<\/option><option value=\"07\">July<\/option><option value=\"08\">August<\/option><option value=\"09\">September<\/option><option value=\"10\">October<\/option><option value=\"11\">November<\/option><option value=\"12\">December<\/option><\/select><select id=\"mec_sf_year_2598\" title=\"Year Filter\"><option class=\"mec-none-item\" value=\"none\" selected=\"selected\">Select<\/option><option value=\"2020\" >2020<\/option><option value=\"2021\" >2021<\/option><option value=\"2022\" >2022<\/option><option value=\"2023\" >2023<\/option><option value=\"2024\" >2024<\/option><option value=\"2025\" >2025<\/option><option value=\"2026\" >2026<\/option><option value=\"2027\" >2027<\/option><option value=\"2028\" >2028<\/option><option value=\"2029\" >2029<\/option><option value=\"2030\" >2030<\/option><\/select><\/div><div class=\"mec-text-input-search\"><i class=\"mec-sl-magnifier\"><\/i>\r\n                    <input type=\"search\" value=\"\" id=\"mec_sf_s_2598\" placeholder=\"\" title=\"\" \/>\r\n                <\/div><div class=\"mec-search-reset-button\"><button class=\"button mec-button\" id=\"mec_search_form_2598_reset\" type=\"button\">Reset<\/button><\/div><\/div>\r\n            <div class=\"mec-skin-list-events-container\" id=\"mec_skin_events_2598\">\r\n        <div class=\"mec-wrap colorskin-custom\">\r\n\t<div class=\"mec-event-list-classic\">\r\n\t\t\r\n                        <div class=\"mec-month-divider\" data-toggle-divider=\"mec-toggle-202606-2598\"><h5 style=\"display: inline;\">June 2026<\/h5><i class=\"mec-sl-arrow-down\"><\/i><\/div>\r\n            \r\n                        <article class=\"mec-event-article  mec-clear  mec-divider-toggle mec-toggle-202606-2598\" itemscope>\r\n                                    <div class=\"mec-event-image\"><a class=\"mec-color-hover\" data-event-id=\"33306\" href=\"https:\/\/warsztatykultury.pl\/en\/wydarzenia\/noc-2026\/?occurrence=2026-06-06\" target=\"_self\" rel=\"noopener\"><img decoding=\"async\" width=\"300\" height=\"300\" src=\"https:\/\/warsztatykultury.pl\/wp-content\/uploads\/2025\/06\/nk_26_final_wydarzenie_tlo-300x300.webp\" class=\"attachment-thumbnail size-thumbnail lazyload wp-post-image\" alt=\"Instalacja artystyczna z pod\u015bwietlanymi ozdobami z firanek. Napis: 6\/7.06 2026 Lublin\" data-mec-postid=\"33306\" data-orig-src=\"https:\/\/warsztatykultury.pl\/wp-content\/uploads\/2025\/06\/nk_26_final_wydarzenie_tlo-300x300.webp\" data-srcset=\"https:\/\/warsztatykultury.pl\/wp-content\/uploads\/2025\/06\/nk_26_final_wydarzenie_tlo-66x66.webp 66w, https:\/\/warsztatykultury.pl\/wp-content\/uploads\/2025\/06\/nk_26_final_wydarzenie_tlo-300x300.webp 300w, https:\/\/warsztatykultury.pl\/wp-content\/uploads\/2025\/06\/nk_26_final_wydarzenie_tlo-500x500.webp 500w\" data-sizes=\"auto\" \/><\/a><\/div>\r\n                                            <div class=\"mec-event-date mec-color\"><i class=\"mec-sl-calendar\"><\/i> <span class=\"mec-start-date-label\">06 June 2026<\/span><\/div>\r\n                        <div class=\"mec-event-time mec-color\"><\/div>\r\n                                                                                <h4 class=\"mec-event-title\"><a class=\"mec-color-hover\" data-event-id=\"33306\" href=\"https:\/\/warsztatykultury.pl\/en\/wydarzenia\/noc-2026\/?occurrence=2026-06-06\" target=\"_self\" rel=\"noopener\">Night of Culture 2026<\/a><\/h4>\r\n                    <div class=\"mec-event-detail\"><div class=\"mec-event-loc-place\"><i class=\"mec-sl-map-marker\"><\/i> Old Town<\/div><\/div>                                                                                                                                <\/article>\r\n            \t\t\r\n                        <div class=\"mec-month-divider\" data-toggle-divider=\"mec-toggle-202607-2598\"><h5 style=\"display: inline;\">July 2026<\/h5><i class=\"mec-sl-arrow-down\"><\/i><\/div>\r\n            \r\n                        <article class=\"mec-event-article  mec-clear  mec-divider-toggle mec-toggle-202607-2598\" itemscope>\r\n                                    <div class=\"mec-event-image\"><a class=\"mec-color-hover\" data-event-id=\"33307\" href=\"https:\/\/warsztatykultury.pl\/en\/wydarzenia\/differentsounds2026\/?occurrence=2026-07-02\" target=\"_self\" rel=\"noopener\"><img decoding=\"async\" width=\"300\" height=\"300\" src=\"https:\/\/warsztatykultury.pl\/wp-content\/uploads\/2025\/07\/pop_prawie_hd-300x300.jpg\" class=\"attachment-thumbnail size-thumbnail lazyload wp-post-image\" alt=\"Zapowied\u017a Innych Brzmie\u0144 w przysz\u0142ym roku.\" data-mec-postid=\"33307\" data-orig-src=\"https:\/\/warsztatykultury.pl\/wp-content\/uploads\/2025\/07\/pop_prawie_hd-300x300.jpg\" data-srcset=\"https:\/\/warsztatykultury.pl\/wp-content\/uploads\/2025\/07\/pop_prawie_hd-66x66.jpg 66w, https:\/\/warsztatykultury.pl\/wp-content\/uploads\/2025\/07\/pop_prawie_hd-300x300.jpg 300w, https:\/\/warsztatykultury.pl\/wp-content\/uploads\/2025\/07\/pop_prawie_hd-500x500.jpg 500w\" data-sizes=\"auto\" \/><\/a><\/div>\r\n                                            <div class=\"mec-event-date mec-color\"><i class=\"mec-sl-calendar\"><\/i> <span class=\"mec-start-date-label\">02 - 05 July 2026<\/span><\/div>\r\n                        <div class=\"mec-event-time mec-color\"><\/div>\r\n                                                                                <h4 class=\"mec-event-title\"><a class=\"mec-color-hover\" data-event-id=\"33307\" href=\"https:\/\/warsztatykultury.pl\/en\/wydarzenia\/differentsounds2026\/?occurrence=2026-07-02\" target=\"_self\" rel=\"noopener\">East pf Culture &#8211; Different Sounds 2026<\/a><\/h4>\r\n                    <div class=\"mec-event-detail\"><div class=\"mec-event-loc-place\"><i class=\"mec-sl-map-marker\"><\/i> Old Town<\/div><\/div>                                                                                                                                <\/article>\r\n            \t\t\r\n            \r\n                        <article class=\"mec-event-article  mec-clear  mec-divider-toggle mec-toggle-202607-2598\" itemscope>\r\n                                    <div class=\"mec-event-image\"><a class=\"mec-color-hover\" data-event-id=\"33308\" href=\"https:\/\/warsztatykultury.pl\/en\/wydarzenia\/carnaval-sztukmistrzow-2026\/?occurrence=2026-07-23\" target=\"_self\" rel=\"noopener\"><img decoding=\"async\" width=\"300\" height=\"300\" src=\"https:\/\/warsztatykultury.pl\/wp-content\/uploads\/2025\/07\/nowa_data_cs_hd-300x300.webp\" class=\"attachment-thumbnail size-thumbnail lazyload wp-post-image\" alt=\"Grafika zapowiadaj\u0105ca Carnaval Sztukmistrz\u00f3w 23-26 lipca 2026.\" data-mec-postid=\"33308\" data-orig-src=\"https:\/\/warsztatykultury.pl\/wp-content\/uploads\/2025\/07\/nowa_data_cs_hd-300x300.webp\" data-srcset=\"https:\/\/warsztatykultury.pl\/wp-content\/uploads\/2025\/07\/nowa_data_cs_hd-66x66.webp 66w, https:\/\/warsztatykultury.pl\/wp-content\/uploads\/2025\/07\/nowa_data_cs_hd-300x300.webp 300w, https:\/\/warsztatykultury.pl\/wp-content\/uploads\/2025\/07\/nowa_data_cs_hd-500x500.webp 500w\" data-sizes=\"auto\" \/><\/a><\/div>\r\n                                            <div class=\"mec-event-date mec-color\"><i class=\"mec-sl-calendar\"><\/i> <span class=\"mec-start-date-label\">23 - 26 July 2026<\/span><\/div>\r\n                        <div class=\"mec-event-time mec-color\"><\/div>\r\n                                                                                <h4 class=\"mec-event-title\"><a class=\"mec-color-hover\" data-event-id=\"33308\" href=\"https:\/\/warsztatykultury.pl\/en\/wydarzenia\/carnaval-sztukmistrzow-2026\/?occurrence=2026-07-23\" target=\"_self\" rel=\"noopener\">Carnaval Sztukmistrz\u00f3w 2026<\/a><\/h4>\r\n                                                                                                                                                    <\/article>\r\n            \t\t\r\n                        <div class=\"mec-month-divider\" data-toggle-divider=\"mec-toggle-202608-2598\"><h5 style=\"display: inline;\">August 2026<\/h5><i class=\"mec-sl-arrow-down\"><\/i><\/div>\r\n            \r\n                        <article class=\"mec-event-article  mec-clear  mec-divider-toggle mec-toggle-202608-2598\" itemscope>\r\n                                    <div class=\"mec-event-image\"><a class=\"mec-color-hover\" data-event-id=\"33309\" href=\"https:\/\/warsztatykultury.pl\/en\/wydarzenia\/retradition-2026\/?occurrence=2026-08-21\" target=\"_self\" rel=\"noopener\"><img decoding=\"async\" width=\"300\" height=\"300\" src=\"https:\/\/warsztatykultury.pl\/wp-content\/uploads\/2025\/08\/4_hd-300x300.webp\" class=\"attachment-thumbnail size-thumbnail lazyload wp-post-image\" alt=\"Ludzie ta\u0144cz\u0105 podczas pota\u0144c\u00f3wki. Napis: Do zobaczenia za rok! Re:tradycja 21-23 sierpnia 2026.\" data-mec-postid=\"33309\" data-orig-src=\"https:\/\/warsztatykultury.pl\/wp-content\/uploads\/2025\/08\/4_hd-300x300.webp\" data-srcset=\"https:\/\/warsztatykultury.pl\/wp-content\/uploads\/2025\/08\/4_hd-66x66.webp 66w, https:\/\/warsztatykultury.pl\/wp-content\/uploads\/2025\/08\/4_hd-300x300.webp 300w, https:\/\/warsztatykultury.pl\/wp-content\/uploads\/2025\/08\/4_hd-500x500.webp 500w\" data-sizes=\"auto\" \/><\/a><\/div>\r\n                                            <div class=\"mec-event-date mec-color\"><i class=\"mec-sl-calendar\"><\/i> <span class=\"mec-start-date-label\">21 - 23 August 2026<\/span><\/div>\r\n                        <div class=\"mec-event-time mec-color\"><\/div>\r\n                                                                                <h4 class=\"mec-event-title\"><a class=\"mec-color-hover\" data-event-id=\"33309\" href=\"https:\/\/warsztatykultury.pl\/en\/wydarzenia\/retradition-2026\/?occurrence=2026-08-21\" target=\"_self\" rel=\"noopener\">Re:tradition &#8211; The Jagiellonian Fair Festival 2026<\/a><\/h4>\r\n                    <div class=\"mec-event-detail\"><div class=\"mec-event-loc-place\"><i class=\"mec-sl-map-marker\"><\/i> Old Town<\/div><\/div>                                                                                                                                <\/article>\r\n            \t\t\t<\/div>\r\n<\/div>\r\n\r\n    <\/div>\r\n    <div class=\"mec-skin-list-no-events-container mec-util-hidden\" id=\"mec_skin_no_events_2598\">\r\n        No event found!    <\/div>\r\n    \r\n    \r\n<\/div>\r\n<div class=\"fusion-clearfix\"><\/div><\/div><\/div><\/div><\/div><div class=\"fusion-fullwidth fullwidth-box fusion-builder-row-3 nonhundred-percent-fullwidth non-hundred-percent-height-scrolling\" style=\"--awb-border-radius-top-left:0px;--awb-border-radius-top-right:0px;--awb-border-radius-bottom-right:0px;--awb-border-radius-bottom-left:0px;--awb-padding-right:7%;--awb-padding-left:7%;--awb-flex-wrap:wrap;\" ><div class=\"fusion-builder-row fusion-row\"><div class=\"fusion-layout-column fusion_builder_column fusion-builder-column-2 fusion_builder_column_1_1 1_1 fusion-one-full fusion-column-first fusion-column-last\" style=\"--awb-bg-size:cover;\"><div class=\"fusion-column-wrapper fusion-column-has-shadow fusion-flex-column-wrapper-legacy\"><div class=\"fusion-sep-clear\"><\/div><div class=\"fusion-separator fusion-full-width-sep\" style=\"margin-left: auto;margin-right: auto;width:100%;\"><div class=\"fusion-separator-border sep-single\" style=\"--awb-height:20px;--awb-amount:20px;border-color:#000000;border-top-width:3px;\"><\/div><\/div><div class=\"fusion-sep-clear\"><\/div><div class=\"fusion-clearfix\"><\/div><\/div><\/div><\/div><\/div><\/p>\n","protected":false},"excerpt":{"rendered":"","protected":false},"author":1,"featured_media":0,"parent":0,"menu_order":0,"comment_status":"closed","ping_status":"closed","template":"","meta":{"_acf_changed":false,"ngg_post_thumbnail":0,"footnotes":""},"class_list":["post-2786","page","type-page","status-publish","hentry"],"acf":[],"yoast_head":"<!-- This site is optimized with the Yoast SEO plugin v22.0 - https:\/\/yoast.com\/wordpress\/plugins\/seo\/ -->\n<title>Events - Warsztaty Kultury<\/title>\n<meta name=\"robots\" content=\"index, follow, max-snippet:-1, max-image-preview:large, max-video-preview:-1\" \/>\n<link rel=\"canonical\" href=\"https:\/\/warsztatykultury.pl\/en\/events\/\" \/>\n<meta property=\"og:locale\" content=\"en_US\" \/>\n<meta property=\"og:type\" content=\"article\" \/>\n<meta property=\"og:title\" content=\"Events - Warsztaty Kultury\" \/>\n<meta property=\"og:url\" content=\"https:\/\/warsztatykultury.pl\/en\/events\/\" \/>\n<meta property=\"og:site_name\" content=\"Warsztaty Kultury\" \/>\n<meta property=\"article:publisher\" content=\"https:\/\/www.facebook.com\/WarsztatyKultury\/\" \/>\n<meta property=\"article:modified_time\" content=\"2021-03-18T15:03:51+00:00\" \/>\n<meta name=\"twitter:card\" content=\"summary_large_image\" \/>\n<meta name=\"twitter:label1\" content=\"Est. reading time\" \/>\n\t<meta name=\"twitter:data1\" content=\"5 minutes\" \/>\n<script type=\"application\/ld+json\" class=\"yoast-schema-graph\">{\"@context\":\"https:\/\/schema.org\",\"@graph\":[{\"@type\":\"WebPage\",\"@id\":\"https:\/\/warsztatykultury.pl\/en\/events\/\",\"url\":\"https:\/\/warsztatykultury.pl\/en\/events\/\",\"name\":\"Events - Warsztaty Kultury\",\"isPartOf\":{\"@id\":\"https:\/\/warsztatykultury.pl\/pl\/#website\"},\"datePublished\":\"2020-03-04T14:41:56+00:00\",\"dateModified\":\"2021-03-18T15:03:51+00:00\",\"breadcrumb\":{\"@id\":\"https:\/\/warsztatykultury.pl\/en\/events\/#breadcrumb\"},\"inLanguage\":\"en-US\",\"potentialAction\":[{\"@type\":\"ReadAction\",\"target\":[\"https:\/\/warsztatykultury.pl\/en\/events\/\"]}]},{\"@type\":\"BreadcrumbList\",\"@id\":\"https:\/\/warsztatykultury.pl\/en\/events\/#breadcrumb\",\"itemListElement\":[{\"@type\":\"ListItem\",\"position\":1,\"name\":\"Strona g\u0142\u00f3wna\",\"item\":\"https:\/\/warsztatykultury.pl\/pl\/\"},{\"@type\":\"ListItem\",\"position\":2,\"name\":\"Events\"}]},{\"@type\":\"WebSite\",\"@id\":\"https:\/\/warsztatykultury.pl\/pl\/#website\",\"url\":\"https:\/\/warsztatykultury.pl\/pl\/\",\"name\":\"Warsztaty Kultury\",\"description\":\"\",\"publisher\":{\"@id\":\"https:\/\/warsztatykultury.pl\/pl\/#organization\"},\"potentialAction\":[{\"@type\":\"SearchAction\",\"target\":{\"@type\":\"EntryPoint\",\"urlTemplate\":\"https:\/\/warsztatykultury.pl\/pl\/?s={search_term_string}\"},\"query-input\":\"required name=search_term_string\"}],\"inLanguage\":\"en-US\"},{\"@type\":\"Organization\",\"@id\":\"https:\/\/warsztatykultury.pl\/pl\/#organization\",\"name\":\"Warsztaty Kultury w Lublinie\",\"url\":\"https:\/\/warsztatykultury.pl\/pl\/\",\"logo\":{\"@type\":\"ImageObject\",\"inLanguage\":\"en-US\",\"@id\":\"https:\/\/warsztatykultury.pl\/pl\/#\/schema\/logo\/image\/\",\"url\":\"https:\/\/warsztatykultury.pl\/wp-content\/uploads\/2020\/05\/LogoWKRetina-e1589382721171.png\",\"contentUrl\":\"https:\/\/warsztatykultury.pl\/wp-content\/uploads\/2020\/05\/LogoWKRetina-e1589382721171.png\",\"width\":700,\"height\":112,\"caption\":\"Warsztaty Kultury w Lublinie\"},\"image\":{\"@id\":\"https:\/\/warsztatykultury.pl\/pl\/#\/schema\/logo\/image\/\"},\"sameAs\":[\"https:\/\/www.facebook.com\/WarsztatyKultury\/\",\"https:\/\/www.instagram.com\/warsztatykultury\/?hl=pl\",\"https:\/\/www.youtube.com\/user\/WarsztatyKultury\",\"https:\/\/pl.wikipedia.org\/wiki\/Warsztaty_Kultury\"]}]}<\/script>\n<!-- \/ Yoast SEO plugin. -->","yoast_head_json":{"title":"Events - Warsztaty Kultury","robots":{"index":"index","follow":"follow","max-snippet":"max-snippet:-1","max-image-preview":"max-image-preview:large","max-video-preview":"max-video-preview:-1"},"canonical":"https:\/\/warsztatykultury.pl\/en\/events\/","og_locale":"en_US","og_type":"article","og_title":"Events - Warsztaty Kultury","og_url":"https:\/\/warsztatykultury.pl\/en\/events\/","og_site_name":"Warsztaty Kultury","article_publisher":"https:\/\/www.facebook.com\/WarsztatyKultury\/","article_modified_time":"2021-03-18T15:03:51+00:00","twitter_card":"summary_large_image","twitter_misc":{"Est. reading time":"5 minutes"},"schema":{"@context":"https:\/\/schema.org","@graph":[{"@type":"WebPage","@id":"https:\/\/warsztatykultury.pl\/en\/events\/","url":"https:\/\/warsztatykultury.pl\/en\/events\/","name":"Events - Warsztaty Kultury","isPartOf":{"@id":"https:\/\/warsztatykultury.pl\/pl\/#website"},"datePublished":"2020-03-04T14:41:56+00:00","dateModified":"2021-03-18T15:03:51+00:00","breadcrumb":{"@id":"https:\/\/warsztatykultury.pl\/en\/events\/#breadcrumb"},"inLanguage":"en-US","potentialAction":[{"@type":"ReadAction","target":["https:\/\/warsztatykultury.pl\/en\/events\/"]}]},{"@type":"BreadcrumbList","@id":"https:\/\/warsztatykultury.pl\/en\/events\/#breadcrumb","itemListElement":[{"@type":"ListItem","position":1,"name":"Strona g\u0142\u00f3wna","item":"https:\/\/warsztatykultury.pl\/pl\/"},{"@type":"ListItem","position":2,"name":"Events"}]},{"@type":"WebSite","@id":"https:\/\/warsztatykultury.pl\/pl\/#website","url":"https:\/\/warsztatykultury.pl\/pl\/","name":"Warsztaty Kultury","description":"","publisher":{"@id":"https:\/\/warsztatykultury.pl\/pl\/#organization"},"potentialAction":[{"@type":"SearchAction","target":{"@type":"EntryPoint","urlTemplate":"https:\/\/warsztatykultury.pl\/pl\/?s={search_term_string}"},"query-input":"required name=search_term_string"}],"inLanguage":"en-US"},{"@type":"Organization","@id":"https:\/\/warsztatykultury.pl\/pl\/#organization","name":"Warsztaty Kultury w Lublinie","url":"https:\/\/warsztatykultury.pl\/pl\/","logo":{"@type":"ImageObject","inLanguage":"en-US","@id":"https:\/\/warsztatykultury.pl\/pl\/#\/schema\/logo\/image\/","url":"https:\/\/warsztatykultury.pl\/wp-content\/uploads\/2020\/05\/LogoWKRetina-e1589382721171.png","contentUrl":"https:\/\/warsztatykultury.pl\/wp-content\/uploads\/2020\/05\/LogoWKRetina-e1589382721171.png","width":700,"height":112,"caption":"Warsztaty Kultury w Lublinie"},"image":{"@id":"https:\/\/warsztatykultury.pl\/pl\/#\/schema\/logo\/image\/"},"sameAs":["https:\/\/www.facebook.com\/WarsztatyKultury\/","https:\/\/www.instagram.com\/warsztatykultury\/?hl=pl","https:\/\/www.youtube.com\/user\/WarsztatyKultury","https:\/\/pl.wikipedia.org\/wiki\/Warsztaty_Kultury"]}]}},"_links":{"self":[{"href":"https:\/\/warsztatykultury.pl\/en\/wp-json\/wp\/v2\/pages\/2786","targetHints":{"allow":["GET"]}}],"collection":[{"href":"https:\/\/warsztatykultury.pl\/en\/wp-json\/wp\/v2\/pages"}],"about":[{"href":"https:\/\/warsztatykultury.pl\/en\/wp-json\/wp\/v2\/types\/page"}],"author":[{"embeddable":true,"href":"https:\/\/warsztatykultury.pl\/en\/wp-json\/wp\/v2\/users\/1"}],"replies":[{"embeddable":true,"href":"https:\/\/warsztatykultury.pl\/en\/wp-json\/wp\/v2\/comments?post=2786"}],"version-history":[{"count":0,"href":"https:\/\/warsztatykultury.pl\/en\/wp-json\/wp\/v2\/pages\/2786\/revisions"}],"wp:attachment":[{"href":"https:\/\/warsztatykultury.pl\/en\/wp-json\/wp\/v2\/media?parent=2786"}],"curies":[{"name":"wp","href":"https:\/\/api.w.org\/{rel}","templated":true}]}}