{"id":34853,"date":"2026-01-07T15:32:52","date_gmt":"2026-01-07T14:32:52","guid":{"rendered":"https:\/\/warsztatykultury.pl\/allure\/"},"modified":"2026-01-07T15:34:21","modified_gmt":"2026-01-07T14:34:21","slug":"allure-en","status":"publish","type":"page","link":"https:\/\/warsztatykultury.pl\/en\/allure-en\/","title":{"rendered":"ALLURE"},"content":{"rendered":"<p><div class=\"fusion-fullwidth fullwidth-box fusion-builder-row-1 nonhundred-percent-fullwidth non-hundred-percent-height-scrolling\" style=\"--awb-border-radius-top-left:0px;--awb-border-radius-top-right:0px;--awb-border-radius-bottom-right:0px;--awb-border-radius-bottom-left:0px;--awb-flex-wrap:wrap;\" ><div class=\"fusion-builder-row fusion-row\"><div class=\"fusion-layout-column fusion_builder_column fusion-builder-column-0 fusion_builder_column_1_2 1_2 fusion-one-half fusion-column-first\" style=\"--awb-padding-top:3%;--awb-padding-right:7%;--awb-padding-left:14%;--awb-bg-size:cover;width:50%;width:calc(50% - ( ( 4% ) * 0.5 ) );margin-right: 4%;\"><div class=\"fusion-column-wrapper fusion-column-has-shadow fusion-flex-column-wrapper-legacy\"><div class=\"fusion-text fusion-text-1\"><h2>ALLURE<\/h2>\n<p><strong>Liberating Literacy: Universal Accessibility in Cultural Resources for Lifelong Learning<\/strong><\/p>\n<p><strong>ALLURE (Alfabetizaci\u00f3n Liberadora: Accesibilidad Universal en Recursos culturales para la Educaci\u00f3n permanente) is an Erasmus+ Strategic Partnership project for innovation in Adult Education. Running from September 2020 to June 2023, the initiative was realized by a consortium of five international partner organisations.<\/strong><\/p>\n<p>&nbsp;<\/p>\n<\/div><div class=\"fusion-text fusion-text-2 description_scrollbar\"><p>Xunta de Galicia | Spain | Project Coordinator<\/p>\n<p>Workshops of Culture in Lublin | Poland<\/p>\n<p>Icelandic Textile Center | Iceland<\/p>\n<p>Associa\u00e7\u00e3o Empresarial de Portugal (AEP) | Portugal<\/p>\n<p>University of Vigo | Spain<\/p>\n<h2>Mission<\/h2>\n<p>The core objective of ALLURE is the exchange of best practices in adult teaching methodologies and the creation of functional tools that make cultural events accessible to individuals with various disabilities. The project seeks to empower adults by enabling them to learn through active participation in cultural life.<\/p>\n<p><strong>Intellectual Outputs<\/strong><br \/>\nThe project results in several key resources designed to bridge the gap between culture and accessibility:<\/p>\n<p>CIMA Web App (Cultural Information Made Accessible): A digital tool providing essential information about cultural venues and events in accessible formats (Simplified Text, Text-to-Speech, Pictograms). It covers vital logistics such as opening hours, elevator\/stair access, wheelchair friendliness, Braille availability, and adapted restrooms.<\/p>\n<p>Research Report: A comprehensive look at the current state of knowledge and the specific needs of adult education within the context of cultural resources.<\/p>\n<p>Best Practices &amp; Recommendations: A guide for accessibility and inclusivity in cultural activities across Europe.<\/p>\n<p>FOR: Cultural animators, educators, and adults with special needs.<\/p>\n<p>PROGRAMME: Erasmus+ (Strategic Partnerships for Innovation).<\/p>\n<p>RESOURCES: Available on the official ALLURE project website.<\/p>\n<p>Disclaimer: Project financially supported by the European Commission. This publication reflects only the views of the author, and the European Commission cannot be held responsible for any use which may be made of the information contained therein.<\/p>\n<\/div><div class=\"fusion-clearfix\"><\/div><\/div><\/div><div class=\"fusion-layout-column fusion_builder_column fusion-builder-column-1 fusion_builder_column_1_2 1_2 fusion-one-half fusion-column-last\" style=\"--awb-padding-bottom:40px;--awb-bg-size:cover;width:50%;width:calc(50% - ( ( 4% ) * 0.5 ) );\"><div class=\"fusion-column-wrapper fusion-column-has-shadow fusion-flex-column-wrapper-legacy\"><div class=\"fusion-image-element fusion-image-align-center in-legacy-container\" style=\"text-align:center;--awb-caption-title-font-family:var(--h2_typography-font-family);--awb-caption-title-font-weight:var(--h2_typography-font-weight);--awb-caption-title-font-style:var(--h2_typography-font-style);--awb-caption-title-size:var(--h2_typography-font-size);--awb-caption-title-transform:var(--h2_typography-text-transform);--awb-caption-title-line-height:var(--h2_typography-line-height);--awb-caption-title-letter-spacing:var(--h2_typography-letter-spacing);\"><div class=\"imageframe-align-center\"><span class=\" fusion-imageframe imageframe-none imageframe-1 hover-type-none\"><img decoding=\"async\" width=\"1080\" height=\"1920\" alt=\"M\u0142oda dziewczyna notuje d\u0142ugopisem. Na zdj\u0119ciu znajduje si\u0119 bia\u0142e logo.\" title=\"Schowek03\" src=\"https:\/\/warsztatykultury.pl\/wp-content\/uploads\/2023\/01\/Schowek03.jpg\" data-orig-src=\"https:\/\/warsztatykultury.pl\/wp-content\/uploads\/2023\/01\/Schowek03.jpg\" class=\"lazyload img-responsive wp-image-19185\" srcset=\"data:image\/svg+xml,%3Csvg%20xmlns%3D%27http%3A%2F%2Fwww.w3.org%2F2000%2Fsvg%27%20width%3D%271080%27%20height%3D%271920%27%20viewBox%3D%270%200%201080%201920%27%3E%3Crect%20width%3D%271080%27%20height%3D%271920%27%20fill-opacity%3D%220%22%2F%3E%3C%2Fsvg%3E\" data-srcset=\"https:\/\/warsztatykultury.pl\/wp-content\/uploads\/2023\/01\/Schowek03-200x356.jpg 200w, https:\/\/warsztatykultury.pl\/wp-content\/uploads\/2023\/01\/Schowek03-400x711.jpg 400w, https:\/\/warsztatykultury.pl\/wp-content\/uploads\/2023\/01\/Schowek03-600x1067.jpg 600w, https:\/\/warsztatykultury.pl\/wp-content\/uploads\/2023\/01\/Schowek03-800x1422.jpg 800w, https:\/\/warsztatykultury.pl\/wp-content\/uploads\/2023\/01\/Schowek03.jpg 1080w\" data-sizes=\"auto\" data-orig-sizes=\"(max-width: 800px) 100vw, 1080px\" \/><\/span><\/div><\/div><div class=\"fusion-clearfix\"><\/div><\/div><\/div><\/div><\/div><div class=\"fusion-fullwidth fullwidth-box fusion-builder-row-2 nonhundred-percent-fullwidth non-hundred-percent-height-scrolling\" style=\"--awb-border-radius-top-left:0px;--awb-border-radius-top-right:0px;--awb-border-radius-bottom-right:0px;--awb-border-radius-bottom-left:0px;--awb-padding-right:7%;--awb-padding-left:7%;--awb-flex-wrap:wrap;\" ><div class=\"fusion-builder-row fusion-row\"><div class=\"fusion-layout-column fusion_builder_column fusion-builder-column-2 fusion_builder_column_1_1 1_1 fusion-one-full fusion-column-first fusion-column-last\" style=\"--awb-bg-size:cover;\"><div class=\"fusion-column-wrapper fusion-column-has-shadow fusion-flex-column-wrapper-legacy\"><div class=\"fusion-sep-clear\"><\/div><div class=\"fusion-separator fusion-full-width-sep\" style=\"margin-left: auto;margin-right: auto;width:100%;\"><div class=\"fusion-separator-border sep-single\" style=\"--awb-height:20px;--awb-amount:20px;border-color:#000000;border-top-width:3px;\"><\/div><\/div><div class=\"fusion-sep-clear\"><\/div><div class=\"fusion-clearfix\"><\/div><\/div><\/div><\/div><\/div><div class=\"fusion-fullwidth fullwidth-box fusion-builder-row-3 nonhundred-percent-fullwidth non-hundred-percent-height-scrolling\" style=\"--awb-border-radius-top-left:0px;--awb-border-radius-top-right:0px;--awb-border-radius-bottom-right:0px;--awb-border-radius-bottom-left:0px;--awb-padding-left:0px;--awb-flex-wrap:wrap;\" ><div class=\"fusion-builder-row fusion-row\"><div class=\"fusion-layout-column fusion_builder_column fusion-builder-column-3 fusion_builder_column_1_3 1_3 fusion-one-third fusion-column-first\" style=\"--awb-padding-left:25%;--awb-bg-size:cover;width:33.333333333333%;width:calc(33.333333333333% - ( ( 4% + 4% ) * 0.33333333333333 ) );margin-right: 4%;\"><div class=\"fusion-column-wrapper fusion-column-has-shadow fusion-flex-column-wrapper-legacy\"><div class=\"fusion-text fusion-text-3\"><h2 class=\"fusion-responsive-typography-calculated\" style=\"--fontsize: 31.6833; line-height: 1.16;\" data-fontsize=\"31.6833\" data-lineheight=\"36.75px\">Contact<\/h2>\n<\/div><div class=\"fusion-clearfix\"><\/div><\/div><\/div><div class=\"fusion-layout-column fusion_builder_column fusion-builder-column-4 fusion_builder_column_1_3 1_3 fusion-one-third\" style=\"--awb-bg-size:cover;width:33.333333333333%;width:calc(33.333333333333% - ( ( 4% + 4% ) * 0.33333333333333 ) );margin-right: 4%;\"><div class=\"fusion-column-wrapper fusion-column-has-shadow fusion-flex-column-wrapper-legacy\">\t<div class=\"wondercarousellightbox_options\" data-skinsfoldername=\"\"  data-jsfolder=\"https:\/\/warsztatykultury.pl\/wp-content\/plugins\/wonderplugin-carousel\/engine\/\" style=\"display:none;\"><\/div>\r\n<div class=\"wonderplugincarousel-container\" id=\"wonderplugincarousel-container-16\" style=\"padding: 0px 0px 30px 0px;\"><div class=\"wonderplugincarousel\" id=\"wonderplugincarousel-16\" data-carouselid=\"16\" data-width=\"400\" data-height=\"400\" data-skin=\"testimonialcarousel\" data-donotzoomin=\"false\" data-addpreloading=\"false\" data-multiplebyrow=\"false\" data-showimgtitle=\"false\" data-sameheight=\"false\" data-sameheightresponsive=\"false\" data-fullwidth=\"false\" data-centerimage=\"true\" data-fitimage=\"false\" data-fitcenterimage=\"true\" data-fixaspectratio=\"false\" data-autoplay=\"true\" data-random=\"false\" data-circular=\"true\" data-pauseonmouseover=\"false\" data-continuous=\"false\" data-responsive=\"true\" data-showhoveroverlay=\"false\" data-showhoveroverlayalways=\"false\" data-hidehoveroverlayontouch=\"false\" data-lightboxresponsive=\"true\" data-lightboxshownavigation=\"false\" data-lightboxnogroup=\"false\" data-lightboxshowtitle=\"true\" data-lightboxshowdescription=\"false\" data-lightboxaddsocialmedia=\"false\" data-usescreenquery=\"false\" data-donotinit=\"false\" data-addinitscript=\"false\" data-doshortcodeontext=\"false\" data-lightboxshowsocial=\"false\" data-lightboxshowemail=\"true\" data-lightboxshowfacebook=\"true\" data-lightboxshowtwitter=\"true\" data-lightboxshowpinterest=\"true\" data-lightboxsocialrotateeffect=\"true\" data-donotcircularforless=\"false\" data-deferloading=\"false\" data-enablelazyload=\"false\" data-usebase64=\"true\" data-limitvisibleitemstolength=\"true\" data-hidearrowsandbulletsforonepage=\"true\" data-showfirstlasthalf=\"false\" data-verticalflexheight=\"false\" data-hidebulletssmallscreen=\"false\" data-removeinlinecss=\"true\" data-lightboxinityoutube=\"true\" data-lightboxinitvimeo=\"true\" data-disablecache=\"false\" data-hidecontainerbeforeloaded=\"false\" data-hidecontaineroninit=\"true\" data-lightboximagekeepratio=\"true\" data-showplayvideo=\"true\" data-triggerresize=\"false\" data-lightboxfullscreenmode=\"false\" data-lightboxcloseonoverlay=\"true\" data-lightboxvideohidecontrols=\"false\" data-lightboxautoslide=\"false\" data-lightboxshowtimer=\"true\" data-lightboxshowplaybutton=\"false\" data-lightboxalwaysshownavarrows=\"false\" data-lightboxshowtitleprefix=\"false\" data-preloadingimage=\"loading-0.gif\" data-spacing=\"4\" data-rownumber=\"1\" data-visibleitems=\"3\" data-arrowstyle=\"none\" data-arrowimage=\"\" data-arrowwidth=\"32\" data-arrowheight=\"32\" data-navstyle=\"bullets\" data-navimage=\"bullet-16-16-1.png\" data-navwidth=\"16\" data-navheight=\"16\" data-navspacing=\"4\" data-hoveroverlayimage=\"hoveroverlay-64-64-9.png\" data-lightboxthumbwidth=\"90\" data-lightboxthumbheight=\"60\" data-lightboxthumbtopmargin=\"12\" data-lightboxthumbbottommargin=\"4\" data-lightboxbarheight=\"64\" data-lightboxtitlebottomcss=\"{color:#333; font-size:14px; font-family:Armata,sans-serif,Arial; overflow:hidden; text-align:left;}\" data-lightboxdescriptionbottomcss=\"{color:#333; font-size:12px; font-family:Arial,Helvetica,sans-serif; overflow:hidden; text-align:left; margin:4px 0px 0px; padding: 0px;}\" data-continuousduration=\"5000\" data-autoplaydir=\"left\" data-scrollmode=\"page\" data-interval=\"3000\" data-transitionduration=\"1000\" data-lightboxtitlestyle=\"bottom\" data-lightboximagepercentage=\"75\" data-lightboxdefaultvideovolume=\"1\" data-lightboxoverlaybgcolor=\"#000\" data-lightboxoverlayopacity=\"0.9\" data-lightboxbgcolor=\"#fff\" data-lightboxtitleprefix=\"%NUM \/ %TOTAL\" data-lightboxtitleinsidecss=\"color:#fff; font-size:16px; font-family:Arial,Helvetica,sans-serif; overflow:hidden; text-align:left;\" data-lightboxdescriptioninsidecss=\"color:#fff; font-size:12px; font-family:Arial,Helvetica,sans-serif; overflow:hidden; text-align:left; margin:4px 0px 0px; padding: 0px;\" data-playvideoimage=\"playvideo-64-64-0.png\" data-playvideoimagepos=\"center\" data-imgtitle=\"title\" data-circularlimit=\"3\" data-deferloadingdelay=\"0\" data-firstlasthalfsmallscreen=\"640\" data-hidebulletssmallscreensize=\"480\" data-movemode=\"carousel\" data-moveduration=\"500\" data-ga4account=\"\" data-googleanalyticsaccount=\"\" data-lightboxsocialposition=\"position:absolute;top:100%;right:0;\" data-lightboxsocialpositionsmallscreen=\"position:absolute;top:100%;right:0;left:0;\" data-lightboxsocialdirection=\"horizontal\" data-lightboxsocialbuttonsize=\"32\" data-lightboxsocialbuttonfontsize=\"18\" data-sameheightmediumscreen=\"769\" data-sameheightmediumheight=\"200\" data-sameheightsmallscreen=\"415\" data-sameheightsmallheight=\"150\" data-triggerresizedelay=\"100\" data-lightboxslideinterval=\"5000\" data-lightboxtimerposition=\"bottom\" data-lightboxtimercolor=\"#dc572e\" data-lightboxtimeropacity=\"1\" data-lightboxbordersize=\"8\" data-lightboxborderradius=\"0\" data-screenquery='{ \"tablet\": { \"screenwidth\": 800, \"visibleitems\": 2 }, \"mobile\": { \"screenwidth\": 480, \"visibleitems\": 1 } }' data-jsfolder=\"https:\/\/warsztatykultury.pl\/wp-content\/plugins\/wonderplugin-carousel\/engine\/\" style=\"display:none;position:relative;margin:0 auto;width:100%;max-width:1200px;\" ><div class=\"amazingcarousel-list-container\" style=\"overflow:hidden;\"><ul class=\"amazingcarousel-list\"><li class=\"amazingcarousel-item\"><div class=\"amazingcarousel-item-container\"><div class=\"amazingcarousel-image\"><a href=\"https:\/\/warsztatykultury.pl\/pracownia-kultury-aktualnej\/agnieszka-wojciechowska\/\"><img decoding=\"async\" class=\"lazyload amazingcarousel-image-img\" src=\"data:image\/svg+xml,%3Csvg%20xmlns%3D%27http%3A%2F%2Fwww.w3.org%2F2000%2Fsvg%27%20width%3D%271365%27%20height%3D%271365%27%20viewBox%3D%270%200%201365%201365%27%3E%3Crect%20width%3D%271365%27%20height%3D%271365%27%20fill-opacity%3D%220%22%2F%3E%3C%2Fsvg%3E\" data-orig-src=\"https:\/\/warsztatykultury.pl\/wp-content\/uploads\/2023\/01\/DSC6617b-1.jpg\" alt=\"\" data-title=\"_DSC6617b\" data-description=\"\" \/><\/a><\/div>\n<div class=\"amazingcarousel-text\">\n\t<cite>_DSC6617b<\/cite>\n        <cite class=\"amazingcarousel-contact\"><\/cite>\n<\/div>\n<div class=\"amazingcarousel-button\"><\/div>\n<div style=\"clear:both;\"><\/div><\/div><\/li><\/ul><div class=\"amazingcarousel-prev\"><\/div><div class=\"amazingcarousel-next\"><\/div><\/div><div class=\"amazingcarousel-nav\"><\/div><\/div><\/div><script>function wondercarousel_16_appendcss(csscode) {var head=document.head || document.getElementsByTagName(\"head\")[0];var style=document.createElement(\"style\");head.appendChild(style);style.type=\"text\/css\";if (style.styleSheet){style.styleSheet.cssText=csscode;} else {style.appendChild(document.createTextNode(csscode));}};wondercarousel_16_appendcss(\"@import url(https:\/\/fonts.googleapis.com\/css?family=Roboto);  #wonderplugincarousel-16 .amazingcarousel-image {\t \tposition: relative; \tpadding: 0px; \tmargin: 6%; }  #wonderplugincarousel-16 .amazingcarousel-image img { \tdisplay: block; \twidth: 90%; \theight: 90%; \tmargin: 0 auto; \tborder: 0; \tpadding: 0; \t-moz-border-radius: 60px; \t-webkit-border-radius: 60px; \tborder-radius: 100%; }  #wonderplugincarousel-16 .amazingcarousel-text { }  #wonderplugincarousel-16 blockquote { \tfont: 14px Roboto; \tposition: relative; \tcolor: #000; font-weight: bold; \ttext-align: center; \tmargin: 8px 18px 8px 24px; }  #wonderplugincarousel-16  cite { \tcolor: #000; \tfont: 14px Roboto; font-weight: bold; \tdisplay: block; \tposition: relative; \tmargin: 4px 18px; \ttext-align: center; }  \/*usuni\u0119cie pogrubienia  z danych kontaktowych *\/ #wonderplugincarousel-16 .amazingcarousel-contact { font-weight: normal }  #amazingcarousel-container-CAROUSELID { \tpadding: 10px 10px 20px 10px; }  #wonderplugincarousel-16 .amazingcarousel-list-container {  \tpadding: 0px 0; }  #wonderplugincarousel-16 .amazingcarousel-item-container { \ttext-align: center; \tpadding: 6px; }  #wonderplugincarousel-16 .amazingcarousel-prev { \tleft: 0%; \ttop: 50%; \tmargin-left: 4px; \tmargin-top: -16px; }  #wonderplugincarousel-16 .amazingcarousel-next { \tright: 0%; \ttop: 50%; \tmargin-right: 4px; \tmargin-top: -16px; }  #wonderplugincarousel-16 .amazingcarousel-nav { \tposition: absolute; \twidth: 100%; \ttop: 100%; }  #wonderplugincarousel-16 .amazingcarousel-bullet-wrapper { \tmargin: 4px auto; }  .amazingcarousel-socialmedia-button { \tdisplay: inline-block; \tmargin: 4px; }  .amazingcarousel-socialmedia-button a { \tbox-shadow: none; }  .amazingcarousel-socialmedia-icon { \tdisplay:table-cell; \twidth:32px; \theight:32px; \tfont-size:18px; \tborder-radius:50%; \tcolor:#fff; \tvertical-align:middle; \ttext-align:center; \tcursor:pointer; \tpadding:0; }  .amazingcarousel-socialmedia-rotate { \ttransition: transform .4s ease-in;  }   .amazingcarousel-socialmedia-rotate:hover {  \ttransform: rotate(360deg);  } #wonderplugincarousel-16 .star-rating { \tdisplay: inline-block; }\");<\/script><div class=\"fusion-clearfix\"><\/div><\/div><\/div><div class=\"fusion-layout-column fusion_builder_column fusion-builder-column-5 fusion_builder_column_1_3 1_3 fusion-one-third fusion-column-last\" style=\"--awb-bg-size:cover;width:33.333333333333%;width:calc(33.333333333333% - ( ( 4% + 4% ) * 0.33333333333333 ) );\"><div class=\"fusion-column-wrapper fusion-column-has-shadow fusion-flex-column-wrapper-legacy\"><div class=\"fusion-clearfix\"><\/div><\/div><\/div><\/div><\/div><div class=\"fusion-fullwidth fullwidth-box fusion-builder-row-4 nonhundred-percent-fullwidth non-hundred-percent-height-scrolling\" style=\"--awb-border-radius-top-left:0px;--awb-border-radius-top-right:0px;--awb-border-radius-bottom-right:0px;--awb-border-radius-bottom-left:0px;--awb-flex-wrap:wrap;\" ><div class=\"fusion-builder-row fusion-row\"><div class=\"fusion-layout-column fusion_builder_column fusion-builder-column-6 fusion_builder_column_1_1 1_1 fusion-one-full fusion-column-first fusion-column-last\" style=\"--awb-bg-size:cover;\"><div class=\"fusion-column-wrapper fusion-column-has-shadow fusion-flex-column-wrapper-legacy\"><div class=\"fusion-sep-clear\"><\/div><div class=\"fusion-separator fusion-full-width-sep\" style=\"margin-left: auto;margin-right: auto;width:100%;\"><div class=\"fusion-separator-border sep-single\" style=\"--awb-height:20px;--awb-amount:20px;border-color:#000000;border-top-width:3px;\"><\/div><\/div><div class=\"fusion-sep-clear\"><\/div><div class=\"fusion-clearfix\"><\/div><\/div><\/div><\/div><\/div><\/p>\n","protected":false},"excerpt":{"rendered":"","protected":false},"author":4,"featured_media":0,"parent":0,"menu_order":0,"comment_status":"closed","ping_status":"closed","template":"","meta":{"_acf_changed":false,"ngg_post_thumbnail":0,"footnotes":""},"class_list":["post-34853","page","type-page","status-publish","hentry"],"acf":[],"yoast_head":"<!-- This site is optimized with the Yoast SEO plugin v22.0 - https:\/\/yoast.com\/wordpress\/plugins\/seo\/ -->\n<title>ALLURE - Warsztaty Kultury<\/title>\n<meta name=\"robots\" content=\"index, follow, max-snippet:-1, max-image-preview:large, max-video-preview:-1\" \/>\n<link rel=\"canonical\" href=\"https:\/\/warsztatykultury.pl\/pl\/allure\/\" \/>\n<meta property=\"og:locale\" content=\"en_US\" \/>\n<meta property=\"og:type\" content=\"article\" \/>\n<meta property=\"og:title\" content=\"ALLURE - Warsztaty Kultury\" \/>\n<meta property=\"og:url\" content=\"https:\/\/warsztatykultury.pl\/pl\/allure\/\" \/>\n<meta property=\"og:site_name\" content=\"Warsztaty Kultury\" \/>\n<meta property=\"article:publisher\" content=\"https:\/\/www.facebook.com\/WarsztatyKultury\/\" \/>\n<meta property=\"article:modified_time\" content=\"2026-01-07T14:34:21+00:00\" \/>\n<meta name=\"twitter:card\" content=\"summary_large_image\" \/>\n<meta name=\"twitter:label1\" content=\"Est. reading time\" \/>\n\t<meta name=\"twitter:data1\" content=\"10 minutes\" \/>\n<script type=\"application\/ld+json\" class=\"yoast-schema-graph\">{\"@context\":\"https:\/\/schema.org\",\"@graph\":[{\"@type\":\"WebPage\",\"@id\":\"https:\/\/warsztatykultury.pl\/pl\/allure\/\",\"url\":\"https:\/\/warsztatykultury.pl\/pl\/allure\/\",\"name\":\"ALLURE - Warsztaty Kultury\",\"isPartOf\":{\"@id\":\"https:\/\/warsztatykultury.pl\/pl\/#website\"},\"datePublished\":\"2026-01-07T14:32:52+00:00\",\"dateModified\":\"2026-01-07T14:34:21+00:00\",\"breadcrumb\":{\"@id\":\"https:\/\/warsztatykultury.pl\/pl\/allure\/#breadcrumb\"},\"inLanguage\":\"en-US\",\"potentialAction\":[{\"@type\":\"ReadAction\",\"target\":[\"https:\/\/warsztatykultury.pl\/pl\/allure\/\"]}]},{\"@type\":\"BreadcrumbList\",\"@id\":\"https:\/\/warsztatykultury.pl\/pl\/allure\/#breadcrumb\",\"itemListElement\":[{\"@type\":\"ListItem\",\"position\":1,\"name\":\"Strona g\u0142\u00f3wna\",\"item\":\"https:\/\/warsztatykultury.pl\/pl\/\"},{\"@type\":\"ListItem\",\"position\":2,\"name\":\"ALLURE\"}]},{\"@type\":\"WebSite\",\"@id\":\"https:\/\/warsztatykultury.pl\/pl\/#website\",\"url\":\"https:\/\/warsztatykultury.pl\/pl\/\",\"name\":\"Warsztaty Kultury\",\"description\":\"\",\"publisher\":{\"@id\":\"https:\/\/warsztatykultury.pl\/pl\/#organization\"},\"potentialAction\":[{\"@type\":\"SearchAction\",\"target\":{\"@type\":\"EntryPoint\",\"urlTemplate\":\"https:\/\/warsztatykultury.pl\/pl\/?s={search_term_string}\"},\"query-input\":\"required name=search_term_string\"}],\"inLanguage\":\"en-US\"},{\"@type\":\"Organization\",\"@id\":\"https:\/\/warsztatykultury.pl\/pl\/#organization\",\"name\":\"Warsztaty Kultury w Lublinie\",\"url\":\"https:\/\/warsztatykultury.pl\/pl\/\",\"logo\":{\"@type\":\"ImageObject\",\"inLanguage\":\"en-US\",\"@id\":\"https:\/\/warsztatykultury.pl\/pl\/#\/schema\/logo\/image\/\",\"url\":\"https:\/\/warsztatykultury.pl\/wp-content\/uploads\/2020\/05\/LogoWKRetina-e1589382721171.png\",\"contentUrl\":\"https:\/\/warsztatykultury.pl\/wp-content\/uploads\/2020\/05\/LogoWKRetina-e1589382721171.png\",\"width\":700,\"height\":112,\"caption\":\"Warsztaty Kultury w Lublinie\"},\"image\":{\"@id\":\"https:\/\/warsztatykultury.pl\/pl\/#\/schema\/logo\/image\/\"},\"sameAs\":[\"https:\/\/www.facebook.com\/WarsztatyKultury\/\",\"https:\/\/www.instagram.com\/warsztatykultury\/?hl=pl\",\"https:\/\/www.youtube.com\/user\/WarsztatyKultury\",\"https:\/\/pl.wikipedia.org\/wiki\/Warsztaty_Kultury\"]}]}<\/script>\n<!-- \/ Yoast SEO plugin. -->","yoast_head_json":{"title":"ALLURE - Warsztaty Kultury","robots":{"index":"index","follow":"follow","max-snippet":"max-snippet:-1","max-image-preview":"max-image-preview:large","max-video-preview":"max-video-preview:-1"},"canonical":"https:\/\/warsztatykultury.pl\/pl\/allure\/","og_locale":"en_US","og_type":"article","og_title":"ALLURE - Warsztaty Kultury","og_url":"https:\/\/warsztatykultury.pl\/pl\/allure\/","og_site_name":"Warsztaty Kultury","article_publisher":"https:\/\/www.facebook.com\/WarsztatyKultury\/","article_modified_time":"2026-01-07T14:34:21+00:00","twitter_card":"summary_large_image","twitter_misc":{"Est. reading time":"10 minutes"},"schema":{"@context":"https:\/\/schema.org","@graph":[{"@type":"WebPage","@id":"https:\/\/warsztatykultury.pl\/pl\/allure\/","url":"https:\/\/warsztatykultury.pl\/pl\/allure\/","name":"ALLURE - Warsztaty Kultury","isPartOf":{"@id":"https:\/\/warsztatykultury.pl\/pl\/#website"},"datePublished":"2026-01-07T14:32:52+00:00","dateModified":"2026-01-07T14:34:21+00:00","breadcrumb":{"@id":"https:\/\/warsztatykultury.pl\/pl\/allure\/#breadcrumb"},"inLanguage":"en-US","potentialAction":[{"@type":"ReadAction","target":["https:\/\/warsztatykultury.pl\/pl\/allure\/"]}]},{"@type":"BreadcrumbList","@id":"https:\/\/warsztatykultury.pl\/pl\/allure\/#breadcrumb","itemListElement":[{"@type":"ListItem","position":1,"name":"Strona g\u0142\u00f3wna","item":"https:\/\/warsztatykultury.pl\/pl\/"},{"@type":"ListItem","position":2,"name":"ALLURE"}]},{"@type":"WebSite","@id":"https:\/\/warsztatykultury.pl\/pl\/#website","url":"https:\/\/warsztatykultury.pl\/pl\/","name":"Warsztaty Kultury","description":"","publisher":{"@id":"https:\/\/warsztatykultury.pl\/pl\/#organization"},"potentialAction":[{"@type":"SearchAction","target":{"@type":"EntryPoint","urlTemplate":"https:\/\/warsztatykultury.pl\/pl\/?s={search_term_string}"},"query-input":"required name=search_term_string"}],"inLanguage":"en-US"},{"@type":"Organization","@id":"https:\/\/warsztatykultury.pl\/pl\/#organization","name":"Warsztaty Kultury w Lublinie","url":"https:\/\/warsztatykultury.pl\/pl\/","logo":{"@type":"ImageObject","inLanguage":"en-US","@id":"https:\/\/warsztatykultury.pl\/pl\/#\/schema\/logo\/image\/","url":"https:\/\/warsztatykultury.pl\/wp-content\/uploads\/2020\/05\/LogoWKRetina-e1589382721171.png","contentUrl":"https:\/\/warsztatykultury.pl\/wp-content\/uploads\/2020\/05\/LogoWKRetina-e1589382721171.png","width":700,"height":112,"caption":"Warsztaty Kultury w Lublinie"},"image":{"@id":"https:\/\/warsztatykultury.pl\/pl\/#\/schema\/logo\/image\/"},"sameAs":["https:\/\/www.facebook.com\/WarsztatyKultury\/","https:\/\/www.instagram.com\/warsztatykultury\/?hl=pl","https:\/\/www.youtube.com\/user\/WarsztatyKultury","https:\/\/pl.wikipedia.org\/wiki\/Warsztaty_Kultury"]}]}},"_links":{"self":[{"href":"https:\/\/warsztatykultury.pl\/en\/wp-json\/wp\/v2\/pages\/34853","targetHints":{"allow":["GET"]}}],"collection":[{"href":"https:\/\/warsztatykultury.pl\/en\/wp-json\/wp\/v2\/pages"}],"about":[{"href":"https:\/\/warsztatykultury.pl\/en\/wp-json\/wp\/v2\/types\/page"}],"author":[{"embeddable":true,"href":"https:\/\/warsztatykultury.pl\/en\/wp-json\/wp\/v2\/users\/4"}],"replies":[{"embeddable":true,"href":"https:\/\/warsztatykultury.pl\/en\/wp-json\/wp\/v2\/comments?post=34853"}],"version-history":[{"count":7,"href":"https:\/\/warsztatykultury.pl\/en\/wp-json\/wp\/v2\/pages\/34853\/revisions"}],"predecessor-version":[{"id":34860,"href":"https:\/\/warsztatykultury.pl\/en\/wp-json\/wp\/v2\/pages\/34853\/revisions\/34860"}],"wp:attachment":[{"href":"https:\/\/warsztatykultury.pl\/en\/wp-json\/wp\/v2\/media?parent=34853"}],"curies":[{"name":"wp","href":"https:\/\/api.w.org\/{rel}","templated":true}]}}