{"id":1029,"date":"2020-02-27T22:34:25","date_gmt":"2020-02-27T21:34:25","guid":{"rendered":"https:\/\/warsztatykultury.pl\/?page_id=1029"},"modified":"2020-02-27T22:40:39","modified_gmt":"2020-02-27T21:40:39","slug":"spotkania-praktyczne-program-na-marzec","status":"publish","type":"page","link":"https:\/\/warsztatykultury.pl\/pl\/spotkania-praktyczne-program-na-marzec\/","title":{"rendered":"Spotkania Praktyczne | Program na marzec"},"content":{"rendered":"<p><div class=\"fusion-fullwidth fullwidth-box fusion-builder-row-1 nonhundred-percent-fullwidth non-hundred-percent-height-scrolling\" style=\"--awb-border-radius-top-left:0px;--awb-border-radius-top-right:0px;--awb-border-radius-bottom-right:0px;--awb-border-radius-bottom-left:0px;--awb-flex-wrap:wrap;\" ><div class=\"fusion-builder-row fusion-row\"><div class=\"fusion-layout-column fusion_builder_column fusion-builder-column-0 fusion_builder_column_1_1 1_1 fusion-one-full fusion-column-first fusion-column-last\" style=\"--awb-bg-size:cover;\"><div class=\"fusion-column-wrapper fusion-column-has-shadow fusion-flex-column-wrapper-legacy\"><div class=\"fusion-sep-clear\"><\/div><div class=\"fusion-separator fusion-full-width-sep\" style=\"margin-left: auto;margin-right: auto;width:100%;\"><div class=\"fusion-separator-border sep-single\" style=\"--awb-height:20px;--awb-amount:20px;border-color:var(--awb-color8);border-top-width:2px;\"><\/div><\/div><div class=\"fusion-sep-clear\"><\/div><div class=\"fusion-clearfix\"><\/div><\/div><\/div><\/div><\/div><div class=\"fusion-fullwidth fullwidth-box fusion-builder-row-2 nonhundred-percent-fullwidth non-hundred-percent-height-scrolling\" style=\"--awb-border-radius-top-left:0px;--awb-border-radius-top-right:0px;--awb-border-radius-bottom-right:0px;--awb-border-radius-bottom-left:0px;--awb-flex-wrap:wrap;\" ><div class=\"fusion-builder-row fusion-row\"><div class=\"fusion-layout-column fusion_builder_column fusion-builder-column-1 fusion_builder_column_1_3 1_3 fusion-one-third fusion-column-first\" style=\"--awb-bg-size:cover;width:33.333333333333%;width:calc(33.333333333333% - ( ( 4% ) * 0.33333333333333 ) );margin-right: 4%;\"><div class=\"fusion-column-wrapper fusion-column-has-shadow fusion-flex-column-wrapper-legacy\"><div class=\"fusion-image-element in-legacy-container\" style=\"--awb-caption-title-font-family:var(--h2_typography-font-family);--awb-caption-title-font-weight:var(--h2_typography-font-weight);--awb-caption-title-font-style:var(--h2_typography-font-style);--awb-caption-title-size:var(--h2_typography-font-size);--awb-caption-title-transform:var(--h2_typography-text-transform);--awb-caption-title-line-height:var(--h2_typography-line-height);--awb-caption-title-letter-spacing:var(--h2_typography-letter-spacing);\"><span class=\" fusion-imageframe imageframe-none imageframe-1 hover-type-none\"><img decoding=\"async\" width=\"1024\" height=\"684\" alt=\"Siatka wytwarzana podczas warsztat\u00f3w\" title=\"DSC5581\" src=\"https:\/\/warsztatykultury.pl\/wp-content\/uploads\/DSC5581.jpg\" data-orig-src=\"https:\/\/warsztatykultury.pl\/wp-content\/uploads\/DSC5581-1024x684.jpg\" class=\"lazyload img-responsive wp-image-1031\" srcset=\"data:image\/svg+xml,%3Csvg%20xmlns%3D%27http%3A%2F%2Fwww.w3.org%2F2000%2Fsvg%27%20width%3D%272000%27%20height%3D%271335%27%20viewBox%3D%270%200%202000%201335%27%3E%3Crect%20width%3D%272000%27%20height%3D%271335%27%20fill-opacity%3D%220%22%2F%3E%3C%2Fsvg%3E\" data-srcset=\"https:\/\/warsztatykultury.pl\/wp-content\/uploads\/DSC5581-200x134.jpg 200w, https:\/\/warsztatykultury.pl\/wp-content\/uploads\/DSC5581-400x267.jpg 400w, https:\/\/warsztatykultury.pl\/wp-content\/uploads\/DSC5581-600x401.jpg 600w, https:\/\/warsztatykultury.pl\/wp-content\/uploads\/DSC5581-800x534.jpg 800w, https:\/\/warsztatykultury.pl\/wp-content\/uploads\/DSC5581-1200x801.jpg 1200w\" data-sizes=\"auto\" data-orig-sizes=\"(max-width: 800px) 100vw, 800px\" \/><\/span><\/div><div class=\"fusion-sep-clear\"><\/div><div class=\"fusion-separator fusion-full-width-sep\" style=\"margin-left: auto;margin-right: auto;margin-top:3%;margin-bottom:3%;width:100%;\"><div class=\"fusion-separator-border sep-single\" style=\"--awb-height:20px;--awb-amount:20px;border-color:var(--awb-color8);border-top-width:2px;\"><\/div><\/div><div class=\"fusion-sep-clear\"><\/div><div class=\"fusion-clearfix\"><\/div><\/div><\/div><div class=\"fusion-layout-column fusion_builder_column fusion-builder-column-2 fusion_builder_column_2_3 2_3 fusion-two-third fusion-column-last\" style=\"--awb-bg-size:cover;width:66.666666666667%;width:calc(66.666666666667% - ( ( 4% ) * 0.66666666666667 ) );\"><div class=\"fusion-column-wrapper fusion-column-has-shadow fusion-flex-column-wrapper-legacy\"><div class=\"fusion-text fusion-text-1 awb-text-cols fusion-text-columns-2\" style=\"--awb-columns:2;--awb-column-spacing:2em;--awb-column-min-width:200px;\"><p><strong>Marcowe Spotkania Praktyczne dedykujemy wszystkim, kt\u00f3rzy chcieliby zacz\u0105\u0107 swoj\u0105 przygod\u0119 z ograniczeniem jednorazowych opakowa\u0144. Plastikowe torby na zakupy, woreczki \u015bniadaniowe, foli\u00f3wki na owoce i warzywa cz\u0119sto po jednym u\u017cyciu trafiaj\u0105 do \u015bmieci. Chcemy zminimalizowa\u0107 u\u017cywanie tych produkt\u00f3w i zast\u0105pi\u0107 je czym\u015b trwa\u0142ym, estetycznym i na dodatek samodzielnie wykonanym.<\/strong><\/p>\n<p><strong>Program na marzec:<\/strong><\/p>\n<p>Siatki z makramy<\/p>\n<p>Zapraszamy na warsztaty wyplatania siatek ze sznurka w technice makramy. Uczestnicy i uczestniczki b\u0119d\u0105 mieli okazj\u0119 pozna\u0107 sploty, dzi\u0119ki kt\u00f3rym w\u0142asnor\u0119cznie wykonaj\u0105 makramowe siatki. Tworzenie przedmiot\u00f3w w technice makramy to przede wszystkim okazja do relaksu w otoczeniu naturalnych materia\u0142\u00f3w. Do\u015bwiadczenie nie jest wymagane, wszystkiego b\u0119dzie mo\u017cna nauczy\u0107 si\u0119 od podstaw. Organizator zapewnia wszystkie potrzebne materia\u0142y.<\/p>\n<p><strong>Kiedy:<\/strong> 5-6 marca 2020, godz. 17.00 (warsztat dwudniowy)<\/p>\n<p><strong>Gdzie:<\/strong> Warsztaty Kultury w Lublinie, ul. Grodzka 7, sala wystawowa, II pi\u0119tro<\/p>\n<p><strong>Koszt udzia\u0142u:<\/strong> 20 z\u0142<\/p>\n<p><strong>Zapisy:<\/strong> <a href=\"https:\/\/forms.gle\/F8Gb51dakeHSGaDK8\">zg\u0142oszenia przez formularz on-line<\/a>. Liczba miejsc ograniczona. Warsztaty przeznaczone dla os\u00f3b doros\u0142ych.<\/p>\n<p><strong>Prowadzenie:<\/strong> Agnieszka Bo\u017cechowska (GoodMacrame)<\/p>\n<p><a href=\"https:\/\/www.warsztatykultury.pl\/wp-content\/uploads\/2020\/02\/Regulamin-siatki-z-makramy.doc\">Regulamin<\/a><\/p>\n<p>\u00a0<\/p>\n<p><strong>Wielorazowa alternatywa na owoce i warzywa<\/strong><\/p>\n<p>Uczestnicy warsztatu wykonaj\u0105 wielorazowe woreczki na warzywa i owoce \u2013 alternatyw\u0119 dla foliowych siatek. Sprawdz\u0105 si\u0119 one na targu, w warzywniaku czy markecie \u2013 tam, gdzie kupujemy produkty na wag\u0119. Woreczki s\u0105 estetyczne i ciesz\u0105 oko, a ich u\u017cywanie pomaga zmniejszy\u0107 ilo\u015b\u0107 u\u017cywanego plastiku.<\/p>\n<p><strong>Kiedy:<\/strong> 12 marca 2020, godz. 17.00 (I grupa) i 13 marca 2020 godz. 17.00 (II grupa)<\/p>\n<p><strong>Gdzie:<\/strong> Warsztaty Kultury w Lublinie, ul. Grodzka 7, sala warsztatowa<\/p>\n<p><strong>Koszt udzia\u0142u:<\/strong> 20 z\u0142<\/p>\n<p><strong>Zapisy:<\/strong> <a href=\"https:\/\/forms.gle\/4c5BVghGxEBLu8Mq8\">zg\u0142oszenia przez formularz on-line<\/a>. Liczba miejsc ograniczona. Warsztaty przeznaczone dla os\u00f3b doros\u0142ych.<\/p>\n<p><a href=\"https:\/\/www.warsztatykultury.pl\/wp-content\/uploads\/2020\/02\/Regulamin-Wielorazowa-alternatywa-na-owoce-i-warzywa.doc\">Regulamin<\/a><\/p>\n<p>\u00a0<\/p>\n<p><strong>Woskowijki \u2013 sam\/a zrobi\u0119<\/strong><\/p>\n<p>Z po\u0142\u0105czenia naturalnego wosku i bawe\u0142nianej tkaniny otrzymamy estetyczny produkt, ma\u0142\u0105 prac\u0119 plastyczn\u0105, kt\u00f3ra swoje faktycznie zastosowanie znajdzie&#8230; w kuchni! Woskowijki to substytut jednorazowej folii spo\u017cywczej. Mo\u017cna ich wielokrotnie u\u017cywa\u0107 do zawini\u0119cia kanapek, przykrywania misek. S\u0105 ekologiczne, antybakteryjne i pi\u0119knie pachn\u0105. A do tego mo\u017cna je zrobi\u0107 samodzielnie! Ka\u017cdy uczestnik warsztat\u00f3w wykona woskowijki w trzech r\u00f3\u017cnych rozmiarach.<\/p>\n<p><strong>Kiedy:<\/strong> 19 marca 2020, godz. 17.00-18.00 (I grupa) i 18.30-19.30 (II grupa)<\/p>\n<p><strong>Gdzie:<\/strong> Warsztaty Kultury w Lublinie, ul. Grodzka 7, sala warsztatowa<\/p>\n<p><strong>Koszt udzia\u0142u:<\/strong> 20 z\u0142<\/p>\n<p><strong>Zapisy:<\/strong> <a href=\"https:\/\/forms.gle\/rT82uLnR4NRN6FUWA\">zg\u0142oszenia przez formularz on-line.<\/a> Liczba miejsc ograniczona. Warsztaty przeznaczone dla os\u00f3b doros\u0142ych.<\/p>\n<p><strong>Prowadzenie:<\/strong> Agnieszka Jackowiak<\/p>\n<p><a href=\"https:\/\/www.warsztatykultury.pl\/wp-content\/uploads\/2020\/02\/Regulamin-Woskowijki-sama-zrobi\u0119.doc\">Regulamin<\/a><\/p>\n<p>\u00a0<\/p>\n<p><strong>Szyjemy lniane torby<\/strong><\/p>\n<p>Masz do\u015b\u0107 p\u0142atnych reklam\u00f3wek w sklepach? A mo\u017ce marzy Ci si\u0119 w\u0142asnor\u0119cznie wykonana wielorazowa torba na zakupy? Je\u015bli tak, to zapraszamy na warsztaty szycia lnianych toreb. Taka torba przyda si\u0119 nie tylko w sklepie, a dzi\u0119ki wewn\u0119trznym kieszonkom \u0142atwiej b\u0119dzie zachowa\u0107 w niej \u0142ad.<\/p>\n<p><strong>Kiedy:<\/strong> 26 marca 2020, godz. 17.00 (I grupa) i 27 marca 2020 godz. 17.00 (II grupa)<\/p>\n<p><strong>Gdzie:<\/strong> Warsztaty Kultury w Lublinie, ul. Grodzka 7, sala warsztatowa<\/p>\n<p><strong>Koszt udzia\u0142u:<\/strong> 20 z\u0142<\/p>\n<p><strong>Zapisy:<\/strong> <a href=\"https:\/\/forms.gle\/NpQawmZcV32Fg9Bx9\">zg\u0142oszenia przez formularz on-line.<\/a> Liczba miejsc ograniczona. Warsztaty przeznaczone dla os\u00f3b doros\u0142ych.<\/p>\n<p>Prowadzenie: Sylwia Kur<\/p>\n<p><a href=\"https:\/\/www.warsztatykultury.pl\/wp-content\/uploads\/2020\/02\/Regulamin-Szyjemy-lniane-torby.doc\">Regulamin<\/a><\/p>\n<\/div><div class=\"fusion-clearfix\"><\/div><\/div><\/div><\/div><\/div><div class=\"fusion-fullwidth fullwidth-box fusion-builder-row-3 nonhundred-percent-fullwidth non-hundred-percent-height-scrolling\" style=\"--awb-border-radius-top-left:0px;--awb-border-radius-top-right:0px;--awb-border-radius-bottom-right:0px;--awb-border-radius-bottom-left:0px;--awb-flex-wrap:wrap;\" ><div class=\"fusion-builder-row fusion-row\"><div class=\"fusion-layout-column fusion_builder_column fusion-builder-column-3 fusion_builder_column_1_1 1_1 fusion-one-full fusion-column-first fusion-column-last\" style=\"--awb-bg-size:cover;\"><div class=\"fusion-column-wrapper fusion-column-has-shadow fusion-flex-column-wrapper-legacy\"><div class=\"fusion-sep-clear\"><\/div><div class=\"fusion-separator fusion-full-width-sep\" style=\"margin-left: auto;margin-right: auto;width:100%;\"><div class=\"fusion-separator-border sep-single\" style=\"--awb-height:20px;--awb-amount:20px;border-color:var(--awb-color8);border-top-width:2px;\"><\/div><\/div><div class=\"fusion-sep-clear\"><\/div><div class=\"fusion-clearfix\"><\/div><\/div><\/div><\/div><\/div><\/p>\n","protected":false},"excerpt":{"rendered":"","protected":false},"author":2,"featured_media":0,"parent":0,"menu_order":0,"comment_status":"closed","ping_status":"closed","template":"","meta":{"_acf_changed":false,"ngg_post_thumbnail":0,"footnotes":""},"class_list":["post-1029","page","type-page","status-publish","hentry"],"acf":[],"yoast_head":"<!-- This site is optimized with the Yoast SEO plugin v22.0 - https:\/\/yoast.com\/wordpress\/plugins\/seo\/ -->\n<title>Spotkania Praktyczne | Program na marzec - Warsztaty Kultury<\/title>\n<meta name=\"robots\" content=\"index, follow, max-snippet:-1, max-image-preview:large, max-video-preview:-1\" \/>\n<link rel=\"canonical\" href=\"https:\/\/warsztatykultury.pl\/pl\/spotkania-praktyczne-program-na-marzec\/\" \/>\n<meta property=\"og:locale\" content=\"pl_PL\" \/>\n<meta property=\"og:type\" content=\"article\" \/>\n<meta property=\"og:title\" content=\"Spotkania Praktyczne | Program na marzec - Warsztaty Kultury\" \/>\n<meta property=\"og:url\" content=\"https:\/\/warsztatykultury.pl\/pl\/spotkania-praktyczne-program-na-marzec\/\" \/>\n<meta property=\"og:site_name\" content=\"Warsztaty Kultury\" \/>\n<meta property=\"article:publisher\" content=\"https:\/\/www.facebook.com\/WarsztatyKultury\/\" \/>\n<meta property=\"article:modified_time\" content=\"2020-02-27T21:40:39+00:00\" \/>\n<meta name=\"twitter:card\" content=\"summary_large_image\" \/>\n<meta name=\"twitter:label1\" content=\"Szacowany czas czytania\" \/>\n\t<meta name=\"twitter:data1\" content=\"9 minut\" \/>\n<script type=\"application\/ld+json\" class=\"yoast-schema-graph\">{\"@context\":\"https:\/\/schema.org\",\"@graph\":[{\"@type\":\"WebPage\",\"@id\":\"https:\/\/warsztatykultury.pl\/pl\/spotkania-praktyczne-program-na-marzec\/\",\"url\":\"https:\/\/warsztatykultury.pl\/pl\/spotkania-praktyczne-program-na-marzec\/\",\"name\":\"Spotkania Praktyczne | Program na marzec - Warsztaty Kultury\",\"isPartOf\":{\"@id\":\"https:\/\/warsztatykultury.pl\/pl\/#website\"},\"datePublished\":\"2020-02-27T21:34:25+00:00\",\"dateModified\":\"2020-02-27T21:40:39+00:00\",\"breadcrumb\":{\"@id\":\"https:\/\/warsztatykultury.pl\/pl\/spotkania-praktyczne-program-na-marzec\/#breadcrumb\"},\"inLanguage\":\"pl-PL\",\"potentialAction\":[{\"@type\":\"ReadAction\",\"target\":[\"https:\/\/warsztatykultury.pl\/pl\/spotkania-praktyczne-program-na-marzec\/\"]}]},{\"@type\":\"BreadcrumbList\",\"@id\":\"https:\/\/warsztatykultury.pl\/pl\/spotkania-praktyczne-program-na-marzec\/#breadcrumb\",\"itemListElement\":[{\"@type\":\"ListItem\",\"position\":1,\"name\":\"Strona g\u0142\u00f3wna\",\"item\":\"https:\/\/warsztatykultury.pl\/pl\/\"},{\"@type\":\"ListItem\",\"position\":2,\"name\":\"Spotkania Praktyczne | Program na marzec\"}]},{\"@type\":\"WebSite\",\"@id\":\"https:\/\/warsztatykultury.pl\/pl\/#website\",\"url\":\"https:\/\/warsztatykultury.pl\/pl\/\",\"name\":\"Warsztaty Kultury\",\"description\":\"\",\"publisher\":{\"@id\":\"https:\/\/warsztatykultury.pl\/pl\/#organization\"},\"potentialAction\":[{\"@type\":\"SearchAction\",\"target\":{\"@type\":\"EntryPoint\",\"urlTemplate\":\"https:\/\/warsztatykultury.pl\/pl\/?s={search_term_string}\"},\"query-input\":\"required name=search_term_string\"}],\"inLanguage\":\"pl-PL\"},{\"@type\":\"Organization\",\"@id\":\"https:\/\/warsztatykultury.pl\/pl\/#organization\",\"name\":\"Warsztaty Kultury w Lublinie\",\"url\":\"https:\/\/warsztatykultury.pl\/pl\/\",\"logo\":{\"@type\":\"ImageObject\",\"inLanguage\":\"pl-PL\",\"@id\":\"https:\/\/warsztatykultury.pl\/pl\/#\/schema\/logo\/image\/\",\"url\":\"https:\/\/warsztatykultury.pl\/wp-content\/uploads\/2020\/05\/LogoWKRetina-e1589382721171.png\",\"contentUrl\":\"https:\/\/warsztatykultury.pl\/wp-content\/uploads\/2020\/05\/LogoWKRetina-e1589382721171.png\",\"width\":700,\"height\":112,\"caption\":\"Warsztaty Kultury w Lublinie\"},\"image\":{\"@id\":\"https:\/\/warsztatykultury.pl\/pl\/#\/schema\/logo\/image\/\"},\"sameAs\":[\"https:\/\/www.facebook.com\/WarsztatyKultury\/\",\"https:\/\/www.instagram.com\/warsztatykultury\/?hl=pl\",\"https:\/\/www.youtube.com\/user\/WarsztatyKultury\",\"https:\/\/pl.wikipedia.org\/wiki\/Warsztaty_Kultury\"]}]}<\/script>\n<!-- \/ Yoast SEO plugin. -->","yoast_head_json":{"title":"Spotkania Praktyczne | Program na marzec - Warsztaty Kultury","robots":{"index":"index","follow":"follow","max-snippet":"max-snippet:-1","max-image-preview":"max-image-preview:large","max-video-preview":"max-video-preview:-1"},"canonical":"https:\/\/warsztatykultury.pl\/pl\/spotkania-praktyczne-program-na-marzec\/","og_locale":"pl_PL","og_type":"article","og_title":"Spotkania Praktyczne | Program na marzec - Warsztaty Kultury","og_url":"https:\/\/warsztatykultury.pl\/pl\/spotkania-praktyczne-program-na-marzec\/","og_site_name":"Warsztaty Kultury","article_publisher":"https:\/\/www.facebook.com\/WarsztatyKultury\/","article_modified_time":"2020-02-27T21:40:39+00:00","twitter_card":"summary_large_image","twitter_misc":{"Szacowany czas czytania":"9 minut"},"schema":{"@context":"https:\/\/schema.org","@graph":[{"@type":"WebPage","@id":"https:\/\/warsztatykultury.pl\/pl\/spotkania-praktyczne-program-na-marzec\/","url":"https:\/\/warsztatykultury.pl\/pl\/spotkania-praktyczne-program-na-marzec\/","name":"Spotkania Praktyczne | Program na marzec - Warsztaty Kultury","isPartOf":{"@id":"https:\/\/warsztatykultury.pl\/pl\/#website"},"datePublished":"2020-02-27T21:34:25+00:00","dateModified":"2020-02-27T21:40:39+00:00","breadcrumb":{"@id":"https:\/\/warsztatykultury.pl\/pl\/spotkania-praktyczne-program-na-marzec\/#breadcrumb"},"inLanguage":"pl-PL","potentialAction":[{"@type":"ReadAction","target":["https:\/\/warsztatykultury.pl\/pl\/spotkania-praktyczne-program-na-marzec\/"]}]},{"@type":"BreadcrumbList","@id":"https:\/\/warsztatykultury.pl\/pl\/spotkania-praktyczne-program-na-marzec\/#breadcrumb","itemListElement":[{"@type":"ListItem","position":1,"name":"Strona g\u0142\u00f3wna","item":"https:\/\/warsztatykultury.pl\/pl\/"},{"@type":"ListItem","position":2,"name":"Spotkania Praktyczne | Program na marzec"}]},{"@type":"WebSite","@id":"https:\/\/warsztatykultury.pl\/pl\/#website","url":"https:\/\/warsztatykultury.pl\/pl\/","name":"Warsztaty Kultury","description":"","publisher":{"@id":"https:\/\/warsztatykultury.pl\/pl\/#organization"},"potentialAction":[{"@type":"SearchAction","target":{"@type":"EntryPoint","urlTemplate":"https:\/\/warsztatykultury.pl\/pl\/?s={search_term_string}"},"query-input":"required name=search_term_string"}],"inLanguage":"pl-PL"},{"@type":"Organization","@id":"https:\/\/warsztatykultury.pl\/pl\/#organization","name":"Warsztaty Kultury w Lublinie","url":"https:\/\/warsztatykultury.pl\/pl\/","logo":{"@type":"ImageObject","inLanguage":"pl-PL","@id":"https:\/\/warsztatykultury.pl\/pl\/#\/schema\/logo\/image\/","url":"https:\/\/warsztatykultury.pl\/wp-content\/uploads\/2020\/05\/LogoWKRetina-e1589382721171.png","contentUrl":"https:\/\/warsztatykultury.pl\/wp-content\/uploads\/2020\/05\/LogoWKRetina-e1589382721171.png","width":700,"height":112,"caption":"Warsztaty Kultury w Lublinie"},"image":{"@id":"https:\/\/warsztatykultury.pl\/pl\/#\/schema\/logo\/image\/"},"sameAs":["https:\/\/www.facebook.com\/WarsztatyKultury\/","https:\/\/www.instagram.com\/warsztatykultury\/?hl=pl","https:\/\/www.youtube.com\/user\/WarsztatyKultury","https:\/\/pl.wikipedia.org\/wiki\/Warsztaty_Kultury"]}]}},"_links":{"self":[{"href":"https:\/\/warsztatykultury.pl\/pl\/wp-json\/wp\/v2\/pages\/1029","targetHints":{"allow":["GET"]}}],"collection":[{"href":"https:\/\/warsztatykultury.pl\/pl\/wp-json\/wp\/v2\/pages"}],"about":[{"href":"https:\/\/warsztatykultury.pl\/pl\/wp-json\/wp\/v2\/types\/page"}],"author":[{"embeddable":true,"href":"https:\/\/warsztatykultury.pl\/pl\/wp-json\/wp\/v2\/users\/2"}],"replies":[{"embeddable":true,"href":"https:\/\/warsztatykultury.pl\/pl\/wp-json\/wp\/v2\/comments?post=1029"}],"version-history":[{"count":0,"href":"https:\/\/warsztatykultury.pl\/pl\/wp-json\/wp\/v2\/pages\/1029\/revisions"}],"wp:attachment":[{"href":"https:\/\/warsztatykultury.pl\/pl\/wp-json\/wp\/v2\/media?parent=1029"}],"curies":[{"name":"wp","href":"https:\/\/api.w.org\/{rel}","templated":true}]}}