{"id":1346,"date":"2020-02-28T09:30:46","date_gmt":"2020-02-28T08:30:46","guid":{"rendered":"https:\/\/warsztatykultury.pl\/?page_id=1346"},"modified":"2025-03-04T13:44:24","modified_gmt":"2025-03-04T12:44:24","slug":"newsletter","status":"publish","type":"page","link":"https:\/\/warsztatykultury.pl\/pl\/newsletter\/","title":{"rendered":"Newsletter"},"content":{"rendered":"<p><div class=\"fusion-fullwidth fullwidth-box fusion-builder-row-1 fusion-flex-container has-pattern-background has-mask-background nonhundred-percent-fullwidth non-hundred-percent-height-scrolling fusion-no-small-visibility\" style=\"--awb-border-radius-top-left:0px;--awb-border-radius-top-right:0px;--awb-border-radius-bottom-right:0px;--awb-border-radius-bottom-left:0px;--awb-padding-top:12px;--awb-padding-right:0px;--awb-padding-bottom:0%;--awb-margin-top:0px;--awb-margin-bottom:0px;--awb-background-color:#334293;--awb-flex-wrap:wrap;\" ><div class=\"fusion-builder-row fusion-row fusion-flex-align-items-flex-end fusion-flex-justify-content-flex-end fusion-flex-content-wrap\" style=\"max-width:1996.8px;margin-left: calc(-4% \/ 2 );margin-right: calc(-4% \/ 2 );\"><div class=\"fusion-layout-column fusion_builder_column fusion-builder-column-0 awb-sticky awb-sticky-small awb-sticky-medium awb-sticky-large fusion_builder_column_1_3 1_3 fusion-flex-column fusion-flex-align-self-center\" style=\"--awb-z-index:99;--awb-bg-color:#334293;--awb-bg-color-hover:#334293;--awb-bg-position:center center;--awb-bg-size:;--awb-width-large:33.333333333333%;--awb-margin-top-large:0px;--awb-spacing-right-large:5.76%;--awb-margin-bottom-large:0px;--awb-spacing-left-large:0%;--awb-width-medium:100%;--awb-order-medium:0;--awb-spacing-right-medium:1.92%;--awb-spacing-left-medium:1.92%;--awb-width-small:100%;--awb-order-small:0;--awb-spacing-right-small:1.92%;--awb-spacing-left-small:1.92%;\"><div class=\"fusion-column-wrapper fusion-column-has-shadow fusion-flex-justify-content-flex-end fusion-content-layout-block\"><script>\n        (function (w,d,s,o,f,js,fjs) {\n            w['ecm-widget']=o;w[o] = w[o] || function () { (w[o].q = w[o].q || []).push(arguments) };\n            js = d.createElement(s), fjs = d.getElementsByTagName(s)[0];\n            js.id = '5-ed07fd6b07ff0199fabc8509f995f058'; js.dataset.a = 'warsztatykultury'; js.src = f; js.async = 1; fjs.parentNode.insertBefore(js, fjs);\n        }(window, document, 'script', 'ecmwidget', 'https:\/\/d70shl7vidtft.cloudfront.net\/widget.js'));\n    <\/script>\n            <div id=\"f-5-ed07fd6b07ff0199fabc8509f995f058\"><\/div>\n\t\t\t<style>\n    .ec-v-forms-form-control {\n        max-width: 600px !important; \/* Restrict width *\/\n        width: 100% !important; \/* Ensure it stays responsive *\/\n        padding: 8px !important;\n        box-sizing: border-box; \/* Prevents padding from increasing width *\/\n    }\n<\/style>\n<\/div><\/div><div class=\"fusion-layout-column fusion_builder_column fusion-builder-column-1 awb-sticky awb-sticky-small awb-sticky-medium awb-sticky-large fusion_builder_column_3_5 3_5 fusion-flex-column fusion-flex-align-self-stretch\" style=\"--awb-bg-color:#334293;--awb-bg-color-hover:#334293;--awb-bg-position:center center;--awb-bg-size:;--awb-width-large:60%;--awb-margin-top-large:0px;--awb-spacing-right-large:10.08%;--awb-margin-bottom-large:0px;--awb-spacing-left-large:9.28%;--awb-width-medium:100%;--awb-order-medium:0;--awb-spacing-right-medium:1.92%;--awb-spacing-left-medium:1.92%;--awb-width-small:100%;--awb-order-small:0;--awb-spacing-right-small:1.92%;--awb-spacing-left-small:1.92%;\"><div class=\"fusion-column-wrapper fusion-column-has-shadow fusion-flex-justify-content-center fusion-content-layout-column\"><div class=\"fusion-image-element \" style=\"text-align:center;--awb-caption-title-font-family:var(--h2_typography-font-family);--awb-caption-title-font-weight:var(--h2_typography-font-weight);--awb-caption-title-font-style:var(--h2_typography-font-style);--awb-caption-title-size:var(--h2_typography-font-size);--awb-caption-title-transform:var(--h2_typography-text-transform);--awb-caption-title-line-height:var(--h2_typography-line-height);--awb-caption-title-letter-spacing:var(--h2_typography-letter-spacing);\"><span class=\" fusion-imageframe imageframe-none imageframe-1 hover-type-none\"><img decoding=\"async\" width=\"800\" height=\"200\" alt=\"Grafika z listem.\" title=\"news_inne_blu_800x200\" src=\"https:\/\/warsztatykultury.pl\/wp-content\/uploads\/2025\/03\/news_inne_blu_800x200.png\" data-orig-src=\"https:\/\/warsztatykultury.pl\/wp-content\/uploads\/2025\/03\/news_inne_blu_800x200.png\" class=\"lazyload img-responsive wp-image-31387\" srcset=\"data:image\/svg+xml,%3Csvg%20xmlns%3D%27http%3A%2F%2Fwww.w3.org%2F2000%2Fsvg%27%20width%3D%27800%27%20height%3D%27200%27%20viewBox%3D%270%200%20800%20200%27%3E%3Crect%20width%3D%27800%27%20height%3D%27200%27%20fill-opacity%3D%220%22%2F%3E%3C%2Fsvg%3E\" data-srcset=\"https:\/\/warsztatykultury.pl\/wp-content\/uploads\/2025\/03\/news_inne_blu_800x200-200x50.png 200w, https:\/\/warsztatykultury.pl\/wp-content\/uploads\/2025\/03\/news_inne_blu_800x200-400x100.png 400w, https:\/\/warsztatykultury.pl\/wp-content\/uploads\/2025\/03\/news_inne_blu_800x200-600x150.png 600w, https:\/\/warsztatykultury.pl\/wp-content\/uploads\/2025\/03\/news_inne_blu_800x200.png 800w\" data-sizes=\"auto\" data-orig-sizes=\"(max-width: 1024px) 100vw, (max-width: 640px) 100vw, 800px\" \/><\/span><\/div><\/div><\/div><\/div><\/div><div class=\"fusion-fullwidth fullwidth-box fusion-builder-row-2 fusion-flex-container has-pattern-background has-mask-background nonhundred-percent-fullwidth non-hundred-percent-height-scrolling fusion-no-medium-visibility fusion-no-large-visibility\" style=\"--awb-border-radius-top-left:0px;--awb-border-radius-top-right:0px;--awb-border-radius-bottom-right:0px;--awb-border-radius-bottom-left:0px;--awb-padding-top-small:57.4375px;--awb-padding-bottom-small:57.2188px;--awb-margin-top-small:19px;--awb-margin-bottom-small:2px;--awb-background-color:#334293;--awb-flex-wrap:wrap;\" ><div class=\"fusion-builder-row fusion-row fusion-flex-align-items-flex-start fusion-flex-content-wrap\" style=\"max-width:1996.8px;margin-left: calc(-4% \/ 2 );margin-right: calc(-4% \/ 2 );\"><div class=\"fusion-layout-column fusion_builder_column fusion-builder-column-2 fusion_builder_column_1_1 1_1 fusion-flex-column\" style=\"--awb-bg-color:#334293;--awb-bg-color-hover:#334293;--awb-bg-size:cover;--awb-width-large:100%;--awb-margin-top-large:0px;--awb-spacing-right-large:1.92%;--awb-margin-bottom-large:0px;--awb-spacing-left-large:1.92%;--awb-width-medium:100%;--awb-order-medium:0;--awb-spacing-right-medium:1.92%;--awb-spacing-left-medium:1.92%;--awb-width-small:100%;--awb-order-small:0;--awb-spacing-right-small:8.64%;--awb-spacing-left-small:8.256%;\"><div class=\"fusion-column-wrapper fusion-column-has-shadow fusion-flex-justify-content-flex-start fusion-content-layout-column\"><script>\n        (function (w,d,s,o,f,js,fjs) {\n            w['ecm-widget']=o;w[o] = w[o] || function () { (w[o].q = w[o].q || []).push(arguments) };\n            js = d.createElement(s), fjs = d.getElementsByTagName(s)[0];\n            js.id = '6-3fdfd544852ed7431aa64f3b9481afb9'; js.dataset.a = 'warsztatykultury'; js.src = f; js.async = 1; fjs.parentNode.insertBefore(js, fjs);\n        }(window, document, 'script', 'ecmwidget', 'https:\/\/d70shl7vidtft.cloudfront.net\/widget.js'));\n    <\/script>\n            <div id=\"f-6-3fdfd544852ed7431aa64f3b9481afb9\"><\/div>\n\t\t\t<\/div><\/div><\/div><\/div><\/p>\n","protected":false},"excerpt":{"rendered":"","protected":false},"author":1,"featured_media":0,"parent":0,"menu_order":0,"comment_status":"closed","ping_status":"closed","template":"","meta":{"_acf_changed":false,"ngg_post_thumbnail":0,"footnotes":""},"class_list":["post-1346","page","type-page","status-publish","hentry"],"acf":[],"yoast_head":"<!-- This site is optimized with the Yoast SEO plugin v22.0 - https:\/\/yoast.com\/wordpress\/plugins\/seo\/ -->\n<title>Newsletter - Warsztaty Kultury<\/title>\n<meta name=\"description\" content=\"Zapisz si\u0119 na newsletter Warsztat\u00f3w Kultury. \u200b\u200b\u200b\u200b\u200bOd teraz b\u0119dziesz jedn\u0105 z pierwszych os\u00f3b, kt\u00f3re dowiedz\u0105 si\u0119 o wej\u015bci\u00f3wkach na festiwale.\" \/>\n<meta name=\"robots\" content=\"index, follow, max-snippet:-1, max-image-preview:large, max-video-preview:-1\" \/>\n<link rel=\"canonical\" href=\"https:\/\/warsztatykultury.pl\/pl\/newsletter\/\" \/>\n<meta property=\"og:locale\" content=\"pl_PL\" \/>\n<meta property=\"og:type\" content=\"article\" \/>\n<meta property=\"og:title\" content=\"Newsletter - Warsztaty Kultury\" \/>\n<meta property=\"og:description\" content=\"Zapisz si\u0119 na newsletter Warsztat\u00f3w Kultury. \u200b\u200b\u200b\u200b\u200bOd teraz b\u0119dziesz jedn\u0105 z pierwszych os\u00f3b, kt\u00f3re dowiedz\u0105 si\u0119 o wej\u015bci\u00f3wkach na festiwale.\" \/>\n<meta property=\"og:url\" content=\"https:\/\/warsztatykultury.pl\/pl\/newsletter\/\" \/>\n<meta property=\"og:site_name\" content=\"Warsztaty Kultury\" \/>\n<meta property=\"article:publisher\" content=\"https:\/\/www.facebook.com\/WarsztatyKultury\/\" \/>\n<meta property=\"article:modified_time\" content=\"2025-03-04T12:44:24+00:00\" \/>\n<meta name=\"twitter:card\" content=\"summary_large_image\" \/>\n<meta name=\"twitter:label1\" content=\"Szacowany czas czytania\" \/>\n\t<meta name=\"twitter:data1\" content=\"1 minuta\" \/>\n<script type=\"application\/ld+json\" class=\"yoast-schema-graph\">{\"@context\":\"https:\/\/schema.org\",\"@graph\":[{\"@type\":\"WebPage\",\"@id\":\"https:\/\/warsztatykultury.pl\/pl\/newsletter\/\",\"url\":\"https:\/\/warsztatykultury.pl\/pl\/newsletter\/\",\"name\":\"Newsletter - Warsztaty Kultury\",\"isPartOf\":{\"@id\":\"https:\/\/warsztatykultury.pl\/pl\/#website\"},\"datePublished\":\"2020-02-28T08:30:46+00:00\",\"dateModified\":\"2025-03-04T12:44:24+00:00\",\"description\":\"Zapisz si\u0119 na newsletter Warsztat\u00f3w Kultury. \u200b\u200b\u200b\u200b\u200bOd teraz b\u0119dziesz jedn\u0105 z pierwszych os\u00f3b, kt\u00f3re dowiedz\u0105 si\u0119 o wej\u015bci\u00f3wkach na festiwale.\",\"breadcrumb\":{\"@id\":\"https:\/\/warsztatykultury.pl\/pl\/newsletter\/#breadcrumb\"},\"inLanguage\":\"pl-PL\",\"potentialAction\":[{\"@type\":\"ReadAction\",\"target\":[\"https:\/\/warsztatykultury.pl\/pl\/newsletter\/\"]}]},{\"@type\":\"BreadcrumbList\",\"@id\":\"https:\/\/warsztatykultury.pl\/pl\/newsletter\/#breadcrumb\",\"itemListElement\":[{\"@type\":\"ListItem\",\"position\":1,\"name\":\"Strona g\u0142\u00f3wna\",\"item\":\"https:\/\/warsztatykultury.pl\/pl\/\"},{\"@type\":\"ListItem\",\"position\":2,\"name\":\"Newsletter\"}]},{\"@type\":\"WebSite\",\"@id\":\"https:\/\/warsztatykultury.pl\/pl\/#website\",\"url\":\"https:\/\/warsztatykultury.pl\/pl\/\",\"name\":\"Warsztaty Kultury\",\"description\":\"\",\"publisher\":{\"@id\":\"https:\/\/warsztatykultury.pl\/pl\/#organization\"},\"potentialAction\":[{\"@type\":\"SearchAction\",\"target\":{\"@type\":\"EntryPoint\",\"urlTemplate\":\"https:\/\/warsztatykultury.pl\/pl\/?s={search_term_string}\"},\"query-input\":\"required name=search_term_string\"}],\"inLanguage\":\"pl-PL\"},{\"@type\":\"Organization\",\"@id\":\"https:\/\/warsztatykultury.pl\/pl\/#organization\",\"name\":\"Warsztaty Kultury w Lublinie\",\"url\":\"https:\/\/warsztatykultury.pl\/pl\/\",\"logo\":{\"@type\":\"ImageObject\",\"inLanguage\":\"pl-PL\",\"@id\":\"https:\/\/warsztatykultury.pl\/pl\/#\/schema\/logo\/image\/\",\"url\":\"https:\/\/warsztatykultury.pl\/wp-content\/uploads\/2020\/05\/LogoWKRetina-e1589382721171.png\",\"contentUrl\":\"https:\/\/warsztatykultury.pl\/wp-content\/uploads\/2020\/05\/LogoWKRetina-e1589382721171.png\",\"width\":700,\"height\":112,\"caption\":\"Warsztaty Kultury w Lublinie\"},\"image\":{\"@id\":\"https:\/\/warsztatykultury.pl\/pl\/#\/schema\/logo\/image\/\"},\"sameAs\":[\"https:\/\/www.facebook.com\/WarsztatyKultury\/\",\"https:\/\/www.instagram.com\/warsztatykultury\/?hl=pl\",\"https:\/\/www.youtube.com\/user\/WarsztatyKultury\",\"https:\/\/pl.wikipedia.org\/wiki\/Warsztaty_Kultury\"]}]}<\/script>\n<!-- \/ Yoast SEO plugin. -->","yoast_head_json":{"title":"Newsletter - Warsztaty Kultury","description":"Zapisz si\u0119 na newsletter Warsztat\u00f3w Kultury. \u200b\u200b\u200b\u200b\u200bOd teraz b\u0119dziesz jedn\u0105 z pierwszych os\u00f3b, kt\u00f3re dowiedz\u0105 si\u0119 o wej\u015bci\u00f3wkach na festiwale.","robots":{"index":"index","follow":"follow","max-snippet":"max-snippet:-1","max-image-preview":"max-image-preview:large","max-video-preview":"max-video-preview:-1"},"canonical":"https:\/\/warsztatykultury.pl\/pl\/newsletter\/","og_locale":"pl_PL","og_type":"article","og_title":"Newsletter - Warsztaty Kultury","og_description":"Zapisz si\u0119 na newsletter Warsztat\u00f3w Kultury. \u200b\u200b\u200b\u200b\u200bOd teraz b\u0119dziesz jedn\u0105 z pierwszych os\u00f3b, kt\u00f3re dowiedz\u0105 si\u0119 o wej\u015bci\u00f3wkach na festiwale.","og_url":"https:\/\/warsztatykultury.pl\/pl\/newsletter\/","og_site_name":"Warsztaty Kultury","article_publisher":"https:\/\/www.facebook.com\/WarsztatyKultury\/","article_modified_time":"2025-03-04T12:44:24+00:00","twitter_card":"summary_large_image","twitter_misc":{"Szacowany czas czytania":"1 minuta"},"schema":{"@context":"https:\/\/schema.org","@graph":[{"@type":"WebPage","@id":"https:\/\/warsztatykultury.pl\/pl\/newsletter\/","url":"https:\/\/warsztatykultury.pl\/pl\/newsletter\/","name":"Newsletter - Warsztaty Kultury","isPartOf":{"@id":"https:\/\/warsztatykultury.pl\/pl\/#website"},"datePublished":"2020-02-28T08:30:46+00:00","dateModified":"2025-03-04T12:44:24+00:00","description":"Zapisz si\u0119 na newsletter Warsztat\u00f3w Kultury. \u200b\u200b\u200b\u200b\u200bOd teraz b\u0119dziesz jedn\u0105 z pierwszych os\u00f3b, kt\u00f3re dowiedz\u0105 si\u0119 o wej\u015bci\u00f3wkach na festiwale.","breadcrumb":{"@id":"https:\/\/warsztatykultury.pl\/pl\/newsletter\/#breadcrumb"},"inLanguage":"pl-PL","potentialAction":[{"@type":"ReadAction","target":["https:\/\/warsztatykultury.pl\/pl\/newsletter\/"]}]},{"@type":"BreadcrumbList","@id":"https:\/\/warsztatykultury.pl\/pl\/newsletter\/#breadcrumb","itemListElement":[{"@type":"ListItem","position":1,"name":"Strona g\u0142\u00f3wna","item":"https:\/\/warsztatykultury.pl\/pl\/"},{"@type":"ListItem","position":2,"name":"Newsletter"}]},{"@type":"WebSite","@id":"https:\/\/warsztatykultury.pl\/pl\/#website","url":"https:\/\/warsztatykultury.pl\/pl\/","name":"Warsztaty Kultury","description":"","publisher":{"@id":"https:\/\/warsztatykultury.pl\/pl\/#organization"},"potentialAction":[{"@type":"SearchAction","target":{"@type":"EntryPoint","urlTemplate":"https:\/\/warsztatykultury.pl\/pl\/?s={search_term_string}"},"query-input":"required name=search_term_string"}],"inLanguage":"pl-PL"},{"@type":"Organization","@id":"https:\/\/warsztatykultury.pl\/pl\/#organization","name":"Warsztaty Kultury w Lublinie","url":"https:\/\/warsztatykultury.pl\/pl\/","logo":{"@type":"ImageObject","inLanguage":"pl-PL","@id":"https:\/\/warsztatykultury.pl\/pl\/#\/schema\/logo\/image\/","url":"https:\/\/warsztatykultury.pl\/wp-content\/uploads\/2020\/05\/LogoWKRetina-e1589382721171.png","contentUrl":"https:\/\/warsztatykultury.pl\/wp-content\/uploads\/2020\/05\/LogoWKRetina-e1589382721171.png","width":700,"height":112,"caption":"Warsztaty Kultury w Lublinie"},"image":{"@id":"https:\/\/warsztatykultury.pl\/pl\/#\/schema\/logo\/image\/"},"sameAs":["https:\/\/www.facebook.com\/WarsztatyKultury\/","https:\/\/www.instagram.com\/warsztatykultury\/?hl=pl","https:\/\/www.youtube.com\/user\/WarsztatyKultury","https:\/\/pl.wikipedia.org\/wiki\/Warsztaty_Kultury"]}]}},"_links":{"self":[{"href":"https:\/\/warsztatykultury.pl\/pl\/wp-json\/wp\/v2\/pages\/1346","targetHints":{"allow":["GET"]}}],"collection":[{"href":"https:\/\/warsztatykultury.pl\/pl\/wp-json\/wp\/v2\/pages"}],"about":[{"href":"https:\/\/warsztatykultury.pl\/pl\/wp-json\/wp\/v2\/types\/page"}],"author":[{"embeddable":true,"href":"https:\/\/warsztatykultury.pl\/pl\/wp-json\/wp\/v2\/users\/1"}],"replies":[{"embeddable":true,"href":"https:\/\/warsztatykultury.pl\/pl\/wp-json\/wp\/v2\/comments?post=1346"}],"version-history":[{"count":0,"href":"https:\/\/warsztatykultury.pl\/pl\/wp-json\/wp\/v2\/pages\/1346\/revisions"}],"wp:attachment":[{"href":"https:\/\/warsztatykultury.pl\/pl\/wp-json\/wp\/v2\/media?parent=1346"}],"curies":[{"name":"wp","href":"https:\/\/api.w.org\/{rel}","templated":true}]}}