{"id":26736,"date":"2024-05-08T18:02:57","date_gmt":"2024-05-08T16:02:57","guid":{"rendered":"https:\/\/warsztatykultury.pl\/?page_id=26736"},"modified":"2024-09-11T11:25:42","modified_gmt":"2024-09-11T09:25:42","slug":"prace-2024","status":"publish","type":"page","link":"https:\/\/warsztatykultury.pl\/pl\/prace-2024\/","title":{"rendered":"Prace 2024"},"content":{"rendered":"<p><div id=\"GaleriaAll\" class=\"fusion-container-anchor\"><div class=\"fusion-fullwidth fullwidth-box fusion-builder-row-1 fusion-flex-container has-pattern-background has-mask-background nonhundred-percent-fullwidth non-hundred-percent-height-scrolling\" style=\"--awb-border-radius-top-left:0px;--awb-border-radius-top-right:0px;--awb-border-radius-bottom-right:0px;--awb-border-radius-bottom-left:0px;--awb-flex-wrap:wrap;\" ><div class=\"fusion-builder-row fusion-row fusion-flex-align-items-flex-start fusion-flex-content-wrap\" style=\"max-width:1996.8px;margin-left: calc(-4% \/ 2 );margin-right: calc(-4% \/ 2 );\"><div class=\"fusion-layout-column fusion_builder_column fusion-builder-column-0 fusion_builder_column_1_1 1_1 fusion-flex-column\" style=\"--awb-padding-right:4%;--awb-padding-left:4%;--awb-bg-size:cover;--awb-width-large:100%;--awb-margin-top-large:0px;--awb-spacing-right-large:1.92%;--awb-margin-bottom-large:0px;--awb-spacing-left-large:1.92%;--awb-width-medium:100%;--awb-order-medium:0;--awb-spacing-right-medium:1.92%;--awb-spacing-left-medium:1.92%;--awb-width-small:100%;--awb-order-small:0;--awb-spacing-right-small:1.92%;--awb-spacing-left-small:1.92%;\"><div class=\"fusion-column-wrapper fusion-column-has-shadow fusion-flex-justify-content-flex-start fusion-content-layout-column\"><div style=\"text-align:center;\"><a class=\"fusion-button button-flat button-medium button-default fusion-button-default button-1 fusion-button-span-no fusion-button-default-type\" style=\"--button_margin-top:2%;\" target=\"_blank\" rel=\"noopener noreferrer\" href=\"https:\/\/warsztatykultury.pl\/pl\/nad-rzeka\/\"><span class=\"fusion-button-text\">wr\u00f3\u0107 nad rzek\u0119 <\/span><\/a><\/div><div class=\"fusion-text fusion-text-1\" style=\"--awb-margin-left:7%;\"><h2>Przeczytaj o pracach<\/h2>\n<\/div><div class=\"fusion-content-boxes content-boxes columns row fusion-columns-3 fusion-columns-total-8 fusion-content-boxes-1 content-boxes-icon-on-top content-left\" style=\"--awb-hover-accent-color:#65bc7b;--awb-circle-hover-accent-color:#65bc7b;\" data-animationOffset=\"top-into-view\"><div style=\"--awb-backgroundcolor:rgba(255,255,255,0);\" class=\"fusion-column content-box-column content-box-column content-box-column-1 col-lg-4 col-md-4 col-sm-4 fusion-content-box-hover content-box-column-first-in-row\"><div class=\"col content-box-wrapper content-wrapper link-area-link-icon link-type-text content-icon-wrapper-yes icon-hover-animation-fade\" data-animationOffset=\"top-into-view\"><div class=\"heading heading-with-icon icon-left\"><a class=\"heading-link\" href=\"https:\/\/warsztatykultury.pl\/pl\/prace-2024\/?showSpecial1=true\" target=\"_blank\" rel=\"noopener noreferrer\"><div aria-hidden=\"true\" class=\"image\"><img decoding=\"async\" class=\"lazyload\" src=\"data:image\/svg+xml,%3Csvg%20xmlns%3D%27http%3A%2F%2Fwww.w3.org%2F2000%2Fsvg%27%20width%3D%271920%27%20height%3D%271080%27%20viewBox%3D%270%200%201920%201080%27%3E%3Crect%20width%3D%271920%27%20height%3D%271080%27%20fill-opacity%3D%220%22%2F%3E%3C%2Fsvg%3E\" data-orig-src=\"https:\/\/warsztatykultury.pl\/wp-content\/uploads\/2024\/04\/fsnr_liput_1_hd.jpg\" width=\"1920\" height=\"1080\" alt=\"Po lewej stronie jest u\u015bmiechni\u0119ta kobieta z d\u0142ugimi w\u0142osami, a po prawej stronie napis: Aleksandra Liput, Festiwal Sztuki Nad Rzek\u0105.\" \/><\/div><h2 class=\"content-box-heading fusion-responsive-typography-calculated\" style=\"--h2_typography-font-size:24px;--fontSize:24;line-height:1.16;\">Amulety dla Bystrzycy<\/h2><\/a><\/div><div class=\"fusion-clearfix\"><\/div><div class=\"content-container\">\n<p>Instalacj\u0119 tworzy pi\u0119\u0107 tajemniczych ceramicznych obiekt\u00f3w zawieszonych za pomoc\u0105 konopnego sznura na drzewie rosn\u0105cym w pobli\u017cu najwi\u0119kszej lubelskiej rzeki.<\/p>\n<\/div><div class=\"fusion-clearfix\"><\/div><a class=\" fusion-read-more\" href=\"https:\/\/warsztatykultury.pl\/pl\/prace-2024\/?showSpecial1=true\" target=\"_blank\" rel=\"noopener noreferrer\">wi\u0119cej<\/a><div class=\"fusion-clearfix\"><\/div><\/div><\/div><div style=\"--awb-backgroundcolor:rgba(255,255,255,0);\" class=\"fusion-column content-box-column content-box-column content-box-column-2 col-lg-4 col-md-4 col-sm-4 fusion-content-box-hover \"><div class=\"col content-box-wrapper content-wrapper link-area-link-icon link-type-text content-icon-wrapper-yes icon-hover-animation-fade\" data-animationOffset=\"top-into-view\"><div class=\"heading heading-with-icon icon-left\"><a class=\"heading-link\" href=\"https:\/\/warsztatykultury.pl\/pl\/prace-2024\/?showSpecial2=true\" target=\"_blank\" rel=\"noopener noreferrer\"><div aria-hidden=\"true\" class=\"image\"><img decoding=\"async\" class=\"lazyload\" src=\"data:image\/svg+xml,%3Csvg%20xmlns%3D%27http%3A%2F%2Fwww.w3.org%2F2000%2Fsvg%27%20width%3D%271920%27%20height%3D%271080%27%20viewBox%3D%270%200%201920%201080%27%3E%3Crect%20width%3D%271920%27%20height%3D%271080%27%20fill-opacity%3D%220%22%2F%3E%3C%2Fsvg%3E\" data-orig-src=\"https:\/\/warsztatykultury.pl\/wp-content\/uploads\/2024\/04\/fsnr_krzeslak_1_hd.jpg\" width=\"1920\" height=\"1080\" alt=\"Po lewej stronie jest portret kobiety, kt\u00f3ra siedzi po turecku. Po prawej napis: Marta Krze\u015blak, Festiwal Sztuki Nad Rzek\u0105.\" \/><\/div><h2 class=\"content-box-heading fusion-responsive-typography-calculated\" style=\"--h2_typography-font-size:24px;--fontSize:24;line-height:1.16;\">Stacja pogodowa<\/h2><\/a><\/div><div class=\"fusion-clearfix\"><\/div><div class=\"content-container\">\n<p>Artystka dokona\u0142a transformacji popularnego urz\u0105dzenia w poetyck\u0105 konstelacj\u0119 obiekt\u00f3w-instrukcji, kt\u00f3re pomog\u0105 nam zaobserwowa\u0107 i odczyta\u0107 zjawiska woko\u0142o.<\/p>\n<\/div><div class=\"fusion-clearfix\"><\/div><a class=\" fusion-read-more\" href=\"https:\/\/warsztatykultury.pl\/pl\/prace-2024\/?showSpecial2=true\" target=\"_blank\" rel=\"noopener noreferrer\">wi\u0119cej<\/a><div class=\"fusion-clearfix\"><\/div><\/div><\/div><div style=\"--awb-backgroundcolor:rgba(255,255,255,0);\" class=\"fusion-column content-box-column content-box-column content-box-column-3 col-lg-4 col-md-4 col-sm-4 fusion-content-box-hover content-box-column-last-in-row\"><div class=\"col content-box-wrapper content-wrapper link-area-link-icon link-type-text content-icon-wrapper-yes icon-hover-animation-fade\" data-animationOffset=\"top-into-view\"><div class=\"heading heading-with-icon icon-left\"><a class=\"heading-link\" href=\"https:\/\/warsztatykultury.pl\/pl\/prace-2024\/?showSpecial3=true\" target=\"_blank\" rel=\"noopener noreferrer\"><div aria-hidden=\"true\" class=\"image\"><img decoding=\"async\" class=\"lazyload\" src=\"data:image\/svg+xml,%3Csvg%20xmlns%3D%27http%3A%2F%2Fwww.w3.org%2F2000%2Fsvg%27%20width%3D%271920%27%20height%3D%271080%27%20viewBox%3D%270%200%201920%201080%27%3E%3Crect%20width%3D%271920%27%20height%3D%271080%27%20fill-opacity%3D%220%22%2F%3E%3C%2Fsvg%3E\" data-orig-src=\"https:\/\/warsztatykultury.pl\/wp-content\/uploads\/2024\/04\/fsnr_1_hd.jpg\" width=\"1920\" height=\"1080\" alt=\"Po lewej stronie portret kobiety w \u017c\u00f3\u0142tej bluzce i upi\u0119tych w\u0142osach. Po prawej stronie napis: Alicja Bielawska. Festiwal Sztuki Nad Rzek\u0105.\" \/><\/div><h2 class=\"content-box-heading fusion-responsive-typography-calculated\" style=\"--h2_typography-font-size:24px;--fontSize:24;line-height:1.16;\">O tej porze dnia nawet cienie s\u0105 w kolorze (pawilon) <\/h2><\/a><\/div><div class=\"fusion-clearfix\"><\/div><div class=\"content-container\">\n<p>Wykonana ze stali i kolorowej tkaniny instalacja Alicji Bielawskiej nawi\u0105zuje do architektury pawilon\u00f3w ogrodowych.<\/p>\n<\/div><div class=\"fusion-clearfix\"><\/div><a class=\" fusion-read-more\" href=\"https:\/\/warsztatykultury.pl\/pl\/prace-2024\/?showSpecial3=true\" target=\"_blank\" rel=\"noopener noreferrer\">wi\u0119cej<\/a><div class=\"fusion-clearfix\"><\/div><\/div><\/div><div style=\"--awb-backgroundcolor:rgba(255,255,255,0);\" class=\"fusion-column content-box-column content-box-column content-box-column-4 col-lg-4 col-md-4 col-sm-4 fusion-content-box-hover content-box-column-first-in-row\"><div class=\"col content-box-wrapper content-wrapper link-area-link-icon link-type-text content-icon-wrapper-yes icon-hover-animation-fade\" data-animationOffset=\"top-into-view\"><div class=\"heading heading-with-icon icon-left\"><a class=\"heading-link\" href=\"https:\/\/warsztatykultury.pl\/pl\/prace-2024\/?showSpecial4=true\" target=\"_blank\" rel=\"noopener noreferrer\"><div aria-hidden=\"true\" class=\"image\"><img decoding=\"async\" class=\"lazyload\" src=\"data:image\/svg+xml,%3Csvg%20xmlns%3D%27http%3A%2F%2Fwww.w3.org%2F2000%2Fsvg%27%20width%3D%271920%27%20height%3D%271080%27%20viewBox%3D%270%200%201920%201080%27%3E%3Crect%20width%3D%271920%27%20height%3D%271080%27%20fill-opacity%3D%220%22%2F%3E%3C%2Fsvg%3E\" data-orig-src=\"https:\/\/warsztatykultury.pl\/wp-content\/uploads\/2024\/05\/fsnr_bielak_1_hd.jpg\" width=\"1920\" height=\"1080\" alt=\"\" \/><\/div><h2 class=\"content-box-heading fusion-responsive-typography-calculated\" style=\"--h2_typography-font-size:24px;--fontSize:24;line-height:1.16;\">Plusk<\/h2><\/a><\/div><div class=\"fusion-clearfix\"><\/div><div class=\"content-container\">\n<p style=\"text-align: center;\">Na muralu Tomasza Bielaka grupka ch\u0142opc\u00f3w \u2013 dzieci na progu dojrzewania \u2013 bawi si\u0119 w rzece. Scena przywo\u0142uj\u0105ca wspomnienia z dzieci\u0144stwa umieszczona zosta\u0142a bezpo\u015brednio nad brzegiem Bystrzycy na urz\u0105dzeniu hydrotechnicznym spi\u0119trzaj\u0105cym wod\u0119.&nbsp;<\/p>\n<\/div><div class=\"fusion-clearfix\"><\/div><a class=\" fusion-read-more\" href=\"https:\/\/warsztatykultury.pl\/pl\/prace-2024\/?showSpecial4=true\" target=\"_blank\" rel=\"noopener noreferrer\">wi\u0119cej<\/a><div class=\"fusion-clearfix\"><\/div><\/div><\/div><div style=\"--awb-backgroundcolor:rgba(255,255,255,0);\" class=\"fusion-column content-box-column content-box-column content-box-column-5 col-lg-4 col-md-4 col-sm-4 fusion-content-box-hover \"><div class=\"col content-box-wrapper content-wrapper link-area-link-icon link-type-text content-icon-wrapper-yes icon-hover-animation-fade\" data-animationOffset=\"top-into-view\"><div class=\"heading heading-with-icon icon-left\"><a class=\"heading-link\" href=\"https:\/\/warsztatykultury.pl\/pl\/prace-2024\/?showSpecial5=true\" target=\"_blank\" rel=\"noopener noreferrer\"><div aria-hidden=\"true\" class=\"image\"><img decoding=\"async\" class=\"lazyload\" src=\"data:image\/svg+xml,%3Csvg%20xmlns%3D%27http%3A%2F%2Fwww.w3.org%2F2000%2Fsvg%27%20width%3D%271920%27%20height%3D%271080%27%20viewBox%3D%270%200%201920%201080%27%3E%3Crect%20width%3D%271920%27%20height%3D%271080%27%20fill-opacity%3D%220%22%2F%3E%3C%2Fsvg%3E\" data-orig-src=\"https:\/\/warsztatykultury.pl\/wp-content\/uploads\/2024\/04\/fsnr_inga_1_hd.jpg\" width=\"1920\" height=\"1080\" alt=\"Po lewej stronie czarno-bia\u0142y portret kobiety, a po prawej stronie napis: Inga Levi, Festiwal Sztuki Nad Rzek\u0105.\" \/><\/div><h2 class=\"content-box-heading fusion-responsive-typography-calculated\" style=\"--h2_typography-font-size:24px;--fontSize:24;line-height:1.16;\">Ziemia-Ziemia<\/h2><\/a><\/div><div class=\"fusion-clearfix\"><\/div><div class=\"content-container\">\n<p>Praca przypomina swoim kszta\u0142tem szkielet rakiety (a mo\u017ce pocisku odrzutowego?) i jest powt\u00f3rzeniem popularnej, szczeg\u00f3lnie na placach zabaw Bloku Wschodniego w czasach jego istnienia, metalowej konstrukcji s\u0142u\u017c\u0105cej dzieciom do wspinania si\u0119.<\/p>\n<\/div><div class=\"fusion-clearfix\"><\/div><a class=\" fusion-read-more\" href=\"https:\/\/warsztatykultury.pl\/pl\/prace-2024\/?showSpecial5=true\" target=\"_blank\" rel=\"noopener noreferrer\">wi\u0119cej<\/a><div class=\"fusion-clearfix\"><\/div><\/div><\/div><div style=\"--awb-backgroundcolor:rgba(255,255,255,0);\" class=\"fusion-column content-box-column content-box-column content-box-column-6 col-lg-4 col-md-4 col-sm-4 fusion-content-box-hover content-box-column-last-in-row\"><div class=\"col content-box-wrapper content-wrapper link-area-link-icon link-type-text content-icon-wrapper-yes icon-hover-animation-fade\" data-animationOffset=\"top-into-view\"><div class=\"heading heading-with-icon icon-left\"><a class=\"heading-link\" href=\"https:\/\/warsztatykultury.pl\/pl\/prace-2024\/?showSpecial6=true\" target=\"_blank\" rel=\"noopener noreferrer\"><div aria-hidden=\"true\" class=\"image\"><img decoding=\"async\" class=\"lazyload\" src=\"data:image\/svg+xml,%3Csvg%20xmlns%3D%27http%3A%2F%2Fwww.w3.org%2F2000%2Fsvg%27%20width%3D%271920%27%20height%3D%271080%27%20viewBox%3D%270%200%201920%201080%27%3E%3Crect%20width%3D%271920%27%20height%3D%271080%27%20fill-opacity%3D%220%22%2F%3E%3C%2Fsvg%3E\" data-orig-src=\"https:\/\/warsztatykultury.pl\/wp-content\/uploads\/2024\/05\/hypno_1_hd.jpg\" width=\"1920\" height=\"1080\" alt=\"Portret kobiety i m\u0119\u017cczyzny. Napis: Kolektyw Hipnoza, Festiwal Sztuki Nad Rzek\u0105.\" \/><\/div><h2 class=\"content-box-heading fusion-responsive-typography-calculated\" style=\"--h2_typography-font-size:24px;--fontSize:24;line-height:1.16;\">Zaklinanie deszczu<\/h2><\/a><\/div><div class=\"fusion-clearfix\"><\/div><div class=\"content-container\">\n<p>Instalacja&nbsp;jest wynikiem eksperyment\u00f3w technicznych i poszukiwa\u0144 formalnych inspirowanych naturalnymi zjawiskami, takimi jak: ruch tafli wody, refleksy \u015bwietlne, wizualne efekty fal d\u017awi\u0119kowych.&nbsp;<\/p>\n<\/div><div class=\"fusion-clearfix\"><\/div><a class=\" fusion-read-more\" href=\"https:\/\/warsztatykultury.pl\/pl\/prace-2024\/?showSpecial6=true\" target=\"_blank\" rel=\"noopener noreferrer\">wi\u0119cej<\/a><div class=\"fusion-clearfix\"><\/div><\/div><\/div><div style=\"--awb-backgroundcolor:rgba(255,255,255,0);\" class=\"fusion-column content-box-column content-box-column content-box-column-7 col-lg-4 col-md-4 col-sm-4 fusion-content-box-hover content-box-column-first-in-row\"><div class=\"col content-box-wrapper content-wrapper link-area-link-icon link-type-text content-icon-wrapper-yes icon-hover-animation-fade\" data-animationOffset=\"top-into-view\"><div class=\"heading heading-with-icon icon-left\"><a class=\"heading-link\" href=\"https:\/\/warsztatykultury.pl\/pl\/prace-2024\/?showSpecial7=true\" target=\"_blank\" rel=\"noopener noreferrer\"><div aria-hidden=\"true\" class=\"image\"><img decoding=\"async\" class=\"lazyload\" src=\"data:image\/svg+xml,%3Csvg%20xmlns%3D%27http%3A%2F%2Fwww.w3.org%2F2000%2Fsvg%27%20width%3D%271920%27%20height%3D%271080%27%20viewBox%3D%270%200%201920%201080%27%3E%3Crect%20width%3D%271920%27%20height%3D%271080%27%20fill-opacity%3D%220%22%2F%3E%3C%2Fsvg%3E\" data-orig-src=\"https:\/\/warsztatykultury.pl\/wp-content\/uploads\/2024\/05\/fsnr_branas_1_hd.jpg\" width=\"1920\" height=\"1080\" alt=\"Portret m\u0119\u017cczyzny, kt\u00f3ry trzyma psa i si\u0119 u\u015bmiecha. Podpis: Przemek Branas, Festiwal Sztuki Nad Rzek\u0105.\" \/><\/div><h2 class=\"content-box-heading fusion-responsive-typography-calculated\" style=\"--h2_typography-font-size:24px;--fontSize:24;line-height:1.16;\"> Wszystkie moje stany<\/h2><\/a><\/div><div class=\"fusion-clearfix\"><\/div><div class=\"content-container\">\n<p>Instalacja pokazuje cykl od powstania do upadku, powtarzaj\u0105cy si\u0119 ka\u017cdego dnia. To praca o zmieniaj\u0105cych si\u0119 emocjach, odchyleniach, o poczuciu stabilizacji albo jej braku.&nbsp;<\/p>\n<\/div><div class=\"fusion-clearfix\"><\/div><a class=\" fusion-read-more\" href=\"https:\/\/warsztatykultury.pl\/pl\/prace-2024\/?showSpecial7=true\" target=\"_blank\" rel=\"noopener noreferrer\">wi\u0119cej<\/a><div class=\"fusion-clearfix\"><\/div><\/div><\/div><div style=\"--awb-backgroundcolor:rgba(255,255,255,0);\" class=\"fusion-column content-box-column content-box-column content-box-column-8 col-lg-4 col-md-4 col-sm-4 fusion-content-box-hover content-box-column-last\"><div class=\"col content-box-wrapper content-wrapper link-area-link-icon link-type-text content-icon-wrapper-yes icon-hover-animation-fade\" data-animationOffset=\"top-into-view\"><div class=\"heading heading-with-icon icon-left\"><a class=\"heading-link\" href=\"https:\/\/warsztatykultury.pl\/pl\/prace-2024\/?showSpecial8=true\" target=\"_blank\" rel=\"noopener noreferrer\"><div aria-hidden=\"true\" class=\"image\"><img decoding=\"async\" class=\"lazyload\" src=\"data:image\/svg+xml,%3Csvg%20xmlns%3D%27http%3A%2F%2Fwww.w3.org%2F2000%2Fsvg%27%20width%3D%271920%27%20height%3D%271005%27%20viewBox%3D%270%200%201920%201005%27%3E%3Crect%20width%3D%271920%27%20height%3D%271005%27%20fill-opacity%3D%220%22%2F%3E%3C%2Fsvg%3E\" data-orig-src=\"https:\/\/warsztatykultury.pl\/wp-content\/uploads\/2024\/05\/2_1_prawie_hd.jpg\" width=\"1920\" height=\"1005\" alt=\"\" \/><\/div><h2 class=\"content-box-heading fusion-responsive-typography-calculated\" style=\"--h2_typography-font-size:24px;--fontSize:24;line-height:1.16;\">Kraina obfito\u015bci<\/h2><\/a><\/div><div class=\"fusion-clearfix\"><\/div><div class=\"content-container\">\n<p>Na dw\u00f3ch mostach nad Bystrzyc\u0105 wisz\u0105 cukrowe sople b\u0119d\u0105ce no\u015bnikiem najr\u00f3\u017cniejszych znacze\u0144: proces\u00f3w zachodz\u0105cych w \u015brodowisku i tych dotycz\u0105cych zmian spo\u0142ecznych.<\/p>\n<\/div><div class=\"fusion-clearfix\"><\/div><a class=\" fusion-read-more\" href=\"https:\/\/warsztatykultury.pl\/pl\/prace-2024\/?showSpecial8=true\" target=\"_blank\" rel=\"noopener noreferrer\">wi\u0119cej<\/a><div class=\"fusion-clearfix\"><\/div><\/div><\/div><div class=\"fusion-clearfix\"><\/div><\/div><div class=\"fusion-text fusion-text-2\"><p style=\"text-align: center;\"><strong>Dofinansowano ze \u015brodk\u00f3w Ministra Kultury i Dziedzictwa Narodowego pochodz\u0105cych z Funduszu Promocji Kultury \u2013 pa\u0144stwowego funduszu celowego<\/strong><\/p>\n<p><img decoding=\"async\" class=\"lazyload alignnone size-full wp-image-26373\" src=\"https:\/\/warsztatykultury.pl\/wp-content\/uploads\/2024\/04\/fsnr_belka_300-01.png\" data-orig-src=\"https:\/\/warsztatykultury.pl\/wp-content\/uploads\/2024\/04\/fsnr_belka_300-01.png\" alt=\"Logotyp\" width=\"12700\" height=\"1608\" srcset=\"data:image\/svg+xml,%3Csvg%20xmlns%3D%27http%3A%2F%2Fwww.w3.org%2F2000%2Fsvg%27%20width%3D%2712700%27%20height%3D%271608%27%20viewBox%3D%270%200%2012700%201608%27%3E%3Crect%20width%3D%2712700%27%20height%3D%271608%27%20fill-opacity%3D%220%22%2F%3E%3C%2Fsvg%3E\" data-srcset=\"https:\/\/warsztatykultury.pl\/wp-content\/uploads\/2024\/04\/fsnr_belka_300-01-200x25.png 200w, https:\/\/warsztatykultury.pl\/wp-content\/uploads\/2024\/04\/fsnr_belka_300-01-400x51.png 400w, https:\/\/warsztatykultury.pl\/wp-content\/uploads\/2024\/04\/fsnr_belka_300-01-500x63.png 500w, https:\/\/warsztatykultury.pl\/wp-content\/uploads\/2024\/04\/fsnr_belka_300-01-600x76.png 600w, https:\/\/warsztatykultury.pl\/wp-content\/uploads\/2024\/04\/fsnr_belka_300-01-768x97.png 768w, https:\/\/warsztatykultury.pl\/wp-content\/uploads\/2024\/04\/fsnr_belka_300-01-800x101.png 800w, https:\/\/warsztatykultury.pl\/wp-content\/uploads\/2024\/04\/fsnr_belka_300-01-1200x152.png 1200w, https:\/\/warsztatykultury.pl\/wp-content\/uploads\/2024\/04\/fsnr_belka_300-01-1536x194.png 1536w, https:\/\/warsztatykultury.pl\/wp-content\/uploads\/2024\/04\/fsnr_belka_300-01-1920x243.png 1920w, https:\/\/warsztatykultury.pl\/wp-content\/uploads\/2024\/04\/fsnr_belka_300-01.png 12700w\" data-sizes=\"auto\" data-orig-sizes=\"(max-width: 12700px) 100vw, 12700px\" \/><\/p>\n<\/div><\/div><\/div><\/div><\/div><\/div><\/p>\n","protected":false},"excerpt":{"rendered":"","protected":false},"author":6,"featured_media":0,"parent":0,"menu_order":0,"comment_status":"closed","ping_status":"closed","template":"","meta":{"_acf_changed":false,"ngg_post_thumbnail":0,"footnotes":""},"class_list":["post-26736","page","type-page","status-publish","hentry"],"acf":[],"yoast_head":"<!-- This site is optimized with the Yoast SEO plugin v22.0 - https:\/\/yoast.com\/wordpress\/plugins\/seo\/ -->\n<title>Prace 2024 - Warsztaty Kultury<\/title>\n<meta name=\"robots\" content=\"index, follow, max-snippet:-1, max-image-preview:large, max-video-preview:-1\" \/>\n<link rel=\"canonical\" href=\"https:\/\/warsztatykultury.pl\/pl\/prace-2024\/\" \/>\n<meta property=\"og:locale\" content=\"pl_PL\" \/>\n<meta property=\"og:type\" content=\"article\" \/>\n<meta property=\"og:title\" content=\"Prace 2024 - Warsztaty Kultury\" \/>\n<meta property=\"og:url\" content=\"https:\/\/warsztatykultury.pl\/pl\/prace-2024\/\" \/>\n<meta property=\"og:site_name\" content=\"Warsztaty Kultury\" \/>\n<meta property=\"article:publisher\" content=\"https:\/\/www.facebook.com\/WarsztatyKultury\/\" \/>\n<meta property=\"article:modified_time\" content=\"2024-09-11T09:25:42+00:00\" \/>\n<meta property=\"og:image\" content=\"https:\/\/warsztatykultury.pl\/wp-content\/uploads\/2024\/04\/fsnr_belka_300-01.png\" \/>\n<meta name=\"twitter:card\" content=\"summary_large_image\" \/>\n<meta name=\"twitter:label1\" content=\"Szacowany czas czytania\" \/>\n\t<meta name=\"twitter:data1\" content=\"3 minuty\" \/>\n<script type=\"application\/ld+json\" class=\"yoast-schema-graph\">{\"@context\":\"https:\/\/schema.org\",\"@graph\":[{\"@type\":\"WebPage\",\"@id\":\"https:\/\/warsztatykultury.pl\/pl\/prace-2024\/\",\"url\":\"https:\/\/warsztatykultury.pl\/pl\/prace-2024\/\",\"name\":\"Prace 2024 - Warsztaty Kultury\",\"isPartOf\":{\"@id\":\"https:\/\/warsztatykultury.pl\/pl\/#website\"},\"datePublished\":\"2024-05-08T16:02:57+00:00\",\"dateModified\":\"2024-09-11T09:25:42+00:00\",\"breadcrumb\":{\"@id\":\"https:\/\/warsztatykultury.pl\/pl\/prace-2024\/#breadcrumb\"},\"inLanguage\":\"pl-PL\",\"potentialAction\":[{\"@type\":\"ReadAction\",\"target\":[\"https:\/\/warsztatykultury.pl\/pl\/prace-2024\/\"]}]},{\"@type\":\"BreadcrumbList\",\"@id\":\"https:\/\/warsztatykultury.pl\/pl\/prace-2024\/#breadcrumb\",\"itemListElement\":[{\"@type\":\"ListItem\",\"position\":1,\"name\":\"Strona g\u0142\u00f3wna\",\"item\":\"https:\/\/warsztatykultury.pl\/pl\/\"},{\"@type\":\"ListItem\",\"position\":2,\"name\":\"Prace 2024\"}]},{\"@type\":\"WebSite\",\"@id\":\"https:\/\/warsztatykultury.pl\/pl\/#website\",\"url\":\"https:\/\/warsztatykultury.pl\/pl\/\",\"name\":\"Warsztaty Kultury\",\"description\":\"\",\"publisher\":{\"@id\":\"https:\/\/warsztatykultury.pl\/pl\/#organization\"},\"potentialAction\":[{\"@type\":\"SearchAction\",\"target\":{\"@type\":\"EntryPoint\",\"urlTemplate\":\"https:\/\/warsztatykultury.pl\/pl\/?s={search_term_string}\"},\"query-input\":\"required name=search_term_string\"}],\"inLanguage\":\"pl-PL\"},{\"@type\":\"Organization\",\"@id\":\"https:\/\/warsztatykultury.pl\/pl\/#organization\",\"name\":\"Warsztaty Kultury w Lublinie\",\"url\":\"https:\/\/warsztatykultury.pl\/pl\/\",\"logo\":{\"@type\":\"ImageObject\",\"inLanguage\":\"pl-PL\",\"@id\":\"https:\/\/warsztatykultury.pl\/pl\/#\/schema\/logo\/image\/\",\"url\":\"https:\/\/warsztatykultury.pl\/wp-content\/uploads\/2020\/05\/LogoWKRetina-e1589382721171.png\",\"contentUrl\":\"https:\/\/warsztatykultury.pl\/wp-content\/uploads\/2020\/05\/LogoWKRetina-e1589382721171.png\",\"width\":700,\"height\":112,\"caption\":\"Warsztaty Kultury w Lublinie\"},\"image\":{\"@id\":\"https:\/\/warsztatykultury.pl\/pl\/#\/schema\/logo\/image\/\"},\"sameAs\":[\"https:\/\/www.facebook.com\/WarsztatyKultury\/\",\"https:\/\/www.instagram.com\/warsztatykultury\/?hl=pl\",\"https:\/\/www.youtube.com\/user\/WarsztatyKultury\",\"https:\/\/pl.wikipedia.org\/wiki\/Warsztaty_Kultury\"]}]}<\/script>\n<!-- \/ Yoast SEO plugin. -->","yoast_head_json":{"title":"Prace 2024 - Warsztaty Kultury","robots":{"index":"index","follow":"follow","max-snippet":"max-snippet:-1","max-image-preview":"max-image-preview:large","max-video-preview":"max-video-preview:-1"},"canonical":"https:\/\/warsztatykultury.pl\/pl\/prace-2024\/","og_locale":"pl_PL","og_type":"article","og_title":"Prace 2024 - Warsztaty Kultury","og_url":"https:\/\/warsztatykultury.pl\/pl\/prace-2024\/","og_site_name":"Warsztaty Kultury","article_publisher":"https:\/\/www.facebook.com\/WarsztatyKultury\/","article_modified_time":"2024-09-11T09:25:42+00:00","og_image":[{"url":"https:\/\/warsztatykultury.pl\/wp-content\/uploads\/2024\/04\/fsnr_belka_300-01.png"}],"twitter_card":"summary_large_image","twitter_misc":{"Szacowany czas czytania":"3 minuty"},"schema":{"@context":"https:\/\/schema.org","@graph":[{"@type":"WebPage","@id":"https:\/\/warsztatykultury.pl\/pl\/prace-2024\/","url":"https:\/\/warsztatykultury.pl\/pl\/prace-2024\/","name":"Prace 2024 - Warsztaty Kultury","isPartOf":{"@id":"https:\/\/warsztatykultury.pl\/pl\/#website"},"datePublished":"2024-05-08T16:02:57+00:00","dateModified":"2024-09-11T09:25:42+00:00","breadcrumb":{"@id":"https:\/\/warsztatykultury.pl\/pl\/prace-2024\/#breadcrumb"},"inLanguage":"pl-PL","potentialAction":[{"@type":"ReadAction","target":["https:\/\/warsztatykultury.pl\/pl\/prace-2024\/"]}]},{"@type":"BreadcrumbList","@id":"https:\/\/warsztatykultury.pl\/pl\/prace-2024\/#breadcrumb","itemListElement":[{"@type":"ListItem","position":1,"name":"Strona g\u0142\u00f3wna","item":"https:\/\/warsztatykultury.pl\/pl\/"},{"@type":"ListItem","position":2,"name":"Prace 2024"}]},{"@type":"WebSite","@id":"https:\/\/warsztatykultury.pl\/pl\/#website","url":"https:\/\/warsztatykultury.pl\/pl\/","name":"Warsztaty Kultury","description":"","publisher":{"@id":"https:\/\/warsztatykultury.pl\/pl\/#organization"},"potentialAction":[{"@type":"SearchAction","target":{"@type":"EntryPoint","urlTemplate":"https:\/\/warsztatykultury.pl\/pl\/?s={search_term_string}"},"query-input":"required name=search_term_string"}],"inLanguage":"pl-PL"},{"@type":"Organization","@id":"https:\/\/warsztatykultury.pl\/pl\/#organization","name":"Warsztaty Kultury w Lublinie","url":"https:\/\/warsztatykultury.pl\/pl\/","logo":{"@type":"ImageObject","inLanguage":"pl-PL","@id":"https:\/\/warsztatykultury.pl\/pl\/#\/schema\/logo\/image\/","url":"https:\/\/warsztatykultury.pl\/wp-content\/uploads\/2020\/05\/LogoWKRetina-e1589382721171.png","contentUrl":"https:\/\/warsztatykultury.pl\/wp-content\/uploads\/2020\/05\/LogoWKRetina-e1589382721171.png","width":700,"height":112,"caption":"Warsztaty Kultury w Lublinie"},"image":{"@id":"https:\/\/warsztatykultury.pl\/pl\/#\/schema\/logo\/image\/"},"sameAs":["https:\/\/www.facebook.com\/WarsztatyKultury\/","https:\/\/www.instagram.com\/warsztatykultury\/?hl=pl","https:\/\/www.youtube.com\/user\/WarsztatyKultury","https:\/\/pl.wikipedia.org\/wiki\/Warsztaty_Kultury"]}]}},"_links":{"self":[{"href":"https:\/\/warsztatykultury.pl\/pl\/wp-json\/wp\/v2\/pages\/26736","targetHints":{"allow":["GET"]}}],"collection":[{"href":"https:\/\/warsztatykultury.pl\/pl\/wp-json\/wp\/v2\/pages"}],"about":[{"href":"https:\/\/warsztatykultury.pl\/pl\/wp-json\/wp\/v2\/types\/page"}],"author":[{"embeddable":true,"href":"https:\/\/warsztatykultury.pl\/pl\/wp-json\/wp\/v2\/users\/6"}],"replies":[{"embeddable":true,"href":"https:\/\/warsztatykultury.pl\/pl\/wp-json\/wp\/v2\/comments?post=26736"}],"version-history":[{"count":0,"href":"https:\/\/warsztatykultury.pl\/pl\/wp-json\/wp\/v2\/pages\/26736\/revisions"}],"wp:attachment":[{"href":"https:\/\/warsztatykultury.pl\/pl\/wp-json\/wp\/v2\/media?parent=26736"}],"curies":[{"name":"wp","href":"https:\/\/api.w.org\/{rel}","templated":true}]}}