{"id":27590,"date":"2024-08-19T13:37:36","date_gmt":"2024-08-19T11:37:36","guid":{"rendered":"https:\/\/warsztatykultury.pl\/?page_id=27590"},"modified":"2026-01-08T12:27:35","modified_gmt":"2026-01-08T11:27:35","slug":"polityka-ochrony-dzieci","status":"publish","type":"page","link":"https:\/\/warsztatykultury.pl\/pl\/polityka-ochrony-dzieci\/","title":{"rendered":"Polityka ochrony dzieci"},"content":{"rendered":"<p><div class=\"fusion-fullwidth fullwidth-box fusion-builder-row-1 nonhundred-percent-fullwidth non-hundred-percent-height-scrolling\" style=\"--awb-border-radius-top-left:0px;--awb-border-radius-top-right:0px;--awb-border-radius-bottom-right:0px;--awb-border-radius-bottom-left:0px;--awb-padding-right:7%;--awb-padding-left:7%;--awb-flex-wrap:wrap;\" ><div class=\"fusion-builder-row fusion-row\"><div class=\"fusion-layout-column fusion_builder_column fusion-builder-column-0 fusion_builder_column_1_2 1_2 fusion-one-half fusion-column-first\" style=\"--awb-bg-blend:overlay;--awb-bg-size:cover;width:48%; margin-right: 4%;\"><div class=\"fusion-column-wrapper fusion-flex-column-wrapper-legacy\"><div class=\"fusion-text fusion-text-1\" style=\"--awb-text-transform:none;\"><h1 class=\"\" style=\"--fontsize: 34.56; line-height: 1.16;\" data-fontsize=\"34.56\" data-lineheight=\"40.0896px\"><span style=\"color: #076cce;\">Polityka ochrony dzieci<\/span><\/h1>\n<p data-fontsize=\"40.30 data-lineheight=\"><div class=\"fusion-alert alert custom alert-custom fusion-alert-center awb-alert-native-link-color\" style=\"--awb-background-color:#ffffff;--awb-accent-color:var(--awb-custom12);--awb-border-size:2px;--awb-border-top-left-radius:10px;--awb-border-top-right-radius:10px;--awb-border-bottom-left-radius:10px;--awb-border-bottom-right-radius:10px;\" role=\"alert\"><div class=\"fusion-alert-content-wrapper\"><span class=\"alert-icon\"><i class=\"fa-child fas\" aria-hidden=\"true\"><\/i><\/span><span class=\"fusion-alert-content\"><strong>Cze\u015b\u0107! Pami\u0119taj, \u017ce jeste\u015bmy instytucj\u0105, kt\u00f3ra chroni prawa dziecka. Zanim przyjdziesz na nasze warsztaty lub zostaniesz jednym z uczestnik\u00f3w festiwali, kt\u00f3re dla Ciebie organizujemy, koniecznie zapami\u0119taj te informacje<\/strong>.<\/span><\/div><\/div><\/p>\n<p data-fontsize=\"28.8\" data-lineheight=\"33.4px\"><span style=\"color: #000000;\">\ud83d\udd35 Wszyscy, kt\u00f3rzy kontaktuj\u0105 si\u0119 z Tob\u0105 w Warsztatach Kultury, powinni odnosi\u0107 si\u0119 do Ciebie grzecznie i z szacunkiem;<br \/>\n<\/span><span style=\"color: #000000;\"><br \/>\n\ud83c\udf38 W Warsztatach Kultury nie wolno u\u017cywa\u0107 w stosunku do Ciebie przemocy ani na Ciebie krzycze\u0107. Zapami\u0119taj, \u017ce nikomu w \u017caden spos\u00f3b nie wolno Ci\u0119 krzywdzi\u0107;<br \/>\n<\/span><span style=\"color: #000000;\"><br \/>\n\ud83c\udf3c Masz prawo do zadawania pyta\u0144 pracownikom Warsztat\u00f3w Kultury i otrzymywania na nie odpowiedzi;<br \/>\n<\/span><span style=\"color: #000000;\"><br \/>\n\ud83d\udd35 Masz prawo do prywatno\u015bci. Pracownikom Warsztat\u00f3w Kultury nie wolno przekazywa\u0107 informacji o Tobie innym doros\u0142ym ani dzieciom z wyj\u0105tkiem Twoich rodzic\u00f3w lub opiekun\u00f3w.<br \/>\n<\/span><span style=\"color: #000000;\"><br \/>\n\ud83c\udf3a Pracownikom Warsztat\u00f3w Kultury nie wolno bez zgody Twojej i Twoich rodzic\u00f3w lub opiekun\u00f3w robi\u0107 Ci zdj\u0119\u0107 i nagrywa\u0107 film\u00f3w.<br \/>\n<\/span><span style=\"color: #000000;\"><br \/>\n\ud83c\udf3b Pracownikom Warsztat\u00f3w Kultury nie wolno zachowywa\u0107 si\u0119 w Twojej obecno\u015bci niew\u0142a\u015bciwie, rozmawia\u0107 o Twoim wygl\u0105dzie, u\u017cywa\u0107 wulgarnych s\u0142\u00f3w, gest\u00f3w lub \u017cart\u00f3w, obra\u017ca\u0107 Ci\u0119 i u\u017cywa\u0107 wobec Ciebie przemocy.<br \/>\n<\/span><span style=\"color: #000000;\"><br \/>\n\ud83d\udd35Pracownikom Warsztat\u00f3w Kultury nie wolno nawi\u0105zywa\u0107 z Tob\u0105 jakichkolwiek relacji niezwi\u0105zanych z ich prac\u0105 ani namawia\u0107 Ci\u0119 do wzajemnej blisko\u015bci.<br \/>\n<\/span><span style=\"color: #000000;\"><br \/>\n\ud83d\udc90 Pracownicy Warsztat\u00f3w Kultury mog\u0105 si\u0119 z Tob\u0105 kontaktowa\u0107 wy\u0142\u0105cznie w czasie pracy i w zwi\u0105zku z ich prac\u0105. Pracownikom nie wolno zaprasza\u0107 Ci\u0119 do ich domu, spotyka\u0107 si\u0119 z Tob\u0105 poza Warsztatami Kultury ani kontaktowa\u0107 si\u0119 z Tob\u0105 w mediach spo\u0142eczno\u015bciowych lub przez prywatny telefon.<br \/>\n<\/span><span style=\"color: #000000;\"><br \/>\n\ud83c\udf1f Gdy poczujesz si\u0119 \u017ale w jakiej\u015b sytuacji, gdy kto\u015b robi Ci krzywd\u0119 lub zachowuje si\u0119 nieodpowiednio, mo\u017cesz powiedzie\u0107 o tym pracownikowi Warsztat\u00f3w Kultury, kt\u00f3ry Ci\u0119 wys\u0142ucha i pomo\u017ce!<\/span><\/p>\n<p><!-- \/wp:heading --><\/p>\n<p data-fontsize=\"40.30 data-lineheight=\">&nbsp;<\/p>\n<\/div><div class=\"fusion-clearfix\"><\/div><\/div><\/div><div class=\"fusion-layout-column fusion_builder_column fusion-builder-column-1 fusion_builder_column_1_2 1_2 fusion-one-half fusion-column-last\" style=\"--awb-bg-blend:overlay;--awb-bg-size:cover;width:48%;\"><div class=\"fusion-column-wrapper fusion-flex-column-wrapper-legacy\"><div class=\"fusion-image-element in-legacy-container\" style=\"--awb-caption-title-font-family:var(--h2_typography-font-family);--awb-caption-title-font-weight:var(--h2_typography-font-weight);--awb-caption-title-font-style:var(--h2_typography-font-style);--awb-caption-title-size:var(--h2_typography-font-size);--awb-caption-title-transform:var(--h2_typography-text-transform);--awb-caption-title-line-height:var(--h2_typography-line-height);--awb-caption-title-letter-spacing:var(--h2_typography-letter-spacing);\"><span class=\" fusion-imageframe imageframe-none imageframe-1 hover-type-none\"><img decoding=\"async\" width=\"1920\" height=\"1282\" alt=\"Dziecko bawi si\u0119 du\u017cymi dzwonkami.\" title=\"image001\" src=\"https:\/\/warsztatykultury.pl\/wp-content\/uploads\/2024\/08\/image001.jpg\" data-orig-src=\"https:\/\/warsztatykultury.pl\/wp-content\/uploads\/2024\/08\/image001.jpg\" class=\"lazyload img-responsive wp-image-27592\" srcset=\"data:image\/svg+xml,%3Csvg%20xmlns%3D%27http%3A%2F%2Fwww.w3.org%2F2000%2Fsvg%27%20width%3D%271920%27%20height%3D%271282%27%20viewBox%3D%270%200%201920%201282%27%3E%3Crect%20width%3D%271920%27%20height%3D%271282%27%20fill-opacity%3D%220%22%2F%3E%3C%2Fsvg%3E\" data-srcset=\"https:\/\/warsztatykultury.pl\/wp-content\/uploads\/2024\/08\/image001-200x134.jpg 200w, https:\/\/warsztatykultury.pl\/wp-content\/uploads\/2024\/08\/image001-400x267.jpg 400w, https:\/\/warsztatykultury.pl\/wp-content\/uploads\/2024\/08\/image001-600x401.jpg 600w, https:\/\/warsztatykultury.pl\/wp-content\/uploads\/2024\/08\/image001-800x534.jpg 800w, https:\/\/warsztatykultury.pl\/wp-content\/uploads\/2024\/08\/image001-1200x801.jpg 1200w, https:\/\/warsztatykultury.pl\/wp-content\/uploads\/2024\/08\/image001.jpg 1920w\" data-sizes=\"auto\" data-orig-sizes=\"(max-width: 800px) 100vw, 1200px\" \/><\/span><\/div><div class=\"fusion-clearfix\"><\/div><\/div><\/div><\/div><\/div><div class=\"fusion-fullwidth fullwidth-box fusion-builder-row-2 fusion-flex-container has-pattern-background has-mask-background nonhundred-percent-fullwidth non-hundred-percent-height-scrolling\" style=\"--awb-border-radius-top-left:0px;--awb-border-radius-top-right:0px;--awb-border-radius-bottom-right:0px;--awb-border-radius-bottom-left:0px;--awb-padding-right:289px;--awb-padding-left:188px;--awb-flex-wrap:wrap;\" ><div class=\"fusion-builder-row fusion-row fusion-flex-align-items-center fusion-flex-justify-content-center fusion-flex-content-wrap\" style=\"max-width:1996.8px;margin-left: calc(-4% \/ 2 );margin-right: calc(-4% \/ 2 );\"><div class=\"fusion-layout-column fusion_builder_column fusion-builder-column-2 fusion_builder_column_1_1 1_1 fusion-flex-column fusion-flex-align-self-center\" style=\"--awb-bg-size:cover;--awb-width-large:100%;--awb-margin-top-large:0px;--awb-spacing-right-large:0%;--awb-margin-bottom-large:0px;--awb-spacing-left-large:2.016%;--awb-width-medium:100%;--awb-order-medium:0;--awb-spacing-right-medium:1.92%;--awb-spacing-left-medium:1.92%;--awb-width-small:100%;--awb-order-small:0;--awb-spacing-right-small:1.92%;--awb-spacing-left-small:1.92%;\"><div class=\"fusion-column-wrapper fusion-column-has-shadow fusion-flex-justify-content-center fusion-content-layout-column\"><div class=\"fusion-text fusion-text-2\"><h2 style=\"text-align: center;\">Przydatne dokumenty do pobrania<\/h2>\n<p data-fontsize=\"40.30 data-lineheight=\">&nbsp;<\/p>\n<p data-fontsize=\"40.30 data-lineheight=\">&nbsp;<\/p>\n<\/div><\/div><\/div><\/div><\/div><div class=\"fusion-fullwidth fullwidth-box fusion-builder-row-3 fusion-flex-container has-pattern-background has-mask-background nonhundred-percent-fullwidth non-hundred-percent-height-scrolling\" style=\"--awb-border-radius-top-left:0px;--awb-border-radius-top-right:0px;--awb-border-radius-bottom-right:0px;--awb-border-radius-bottom-left:0px;--awb-padding-top:0%;--awb-padding-right:34px;--awb-padding-bottom:0%;--awb-padding-left:45px;--awb-margin-bottom:0px;--awb-flex-wrap:wrap;\" ><div class=\"fusion-builder-row fusion-row fusion-flex-align-items-flex-start fusion-flex-content-wrap\" style=\"max-width:1996.8px;margin-left: calc(-4% \/ 2 );margin-right: calc(-4% \/ 2 );\"><div class=\"fusion-layout-column fusion_builder_column fusion-builder-column-3 fusion_builder_column_1_1 1_1 fusion-flex-column fusion-flex-align-self-stretch\" style=\"--awb-bg-size:cover;--awb-width-large:100%;--awb-margin-top-large:0px;--awb-spacing-right-large:18.24%;--awb-margin-bottom-large:5px;--awb-spacing-left-large:12%;--awb-width-medium:100%;--awb-order-medium:0;--awb-spacing-right-medium:1.92%;--awb-spacing-left-medium:1.92%;--awb-width-small:100%;--awb-order-small:0;--awb-spacing-right-small:1.92%;--awb-spacing-left-small:1.92%;\"><div class=\"fusion-column-wrapper fusion-column-has-shadow fusion-flex-justify-content-flex-start fusion-content-layout-column\"><div style=\"text-align:center;\"><a class=\"fusion-button button-flat button-xlarge button-custom fusion-button-default button-1 fusion-button-span-no fusion-button-default-type\" style=\"--button_accent_color:#ffffff;--button_accent_hover_color:#000000;--button_border_hover_color:#ffffff;--button_gradient_top_color:var(--awb-custom12);--button_gradient_bottom_color:var(--awb-custom12);--button_gradient_top_color_hover:#ffffff;--button_gradient_bottom_color_hover:#ffffff;\" target=\"_blank\" rel=\"noopener noreferrer\" href=\"https:\/\/warsztatykultury.pl\/wp-content\/uploads\/2024\/12\/standardy_ochrony-_dzieci-w-warsztatach-kultury-w-lublinie.docx\"><i class=\"fa-angle-down fas button-icon-left\" aria-hidden=\"true\"><\/i><span class=\"fusion-button-text\">Polityka Ochrony Dzieci<\/span><\/a><\/div><div class=\"fusion-separator fusion-full-width-sep\" style=\"align-self: center;margin-left: auto;margin-right: auto;margin-top:2%;margin-bottom:2%;width:100%;\"><div class=\"fusion-separator-border sep-single\" style=\"--awb-height:20px;--awb-amount:20px;border-color:var(--awb-color8);border-top-width:2px;\"><\/div><\/div><div ><a class=\"fusion-button button-flat button-large button-custom fusion-button-default button-2 fusion-button-span-yes fusion-button-default-type\" style=\"--button_accent_color:#ffffff;--button_accent_hover_color:#000000;--button_border_hover_color:#ffffff;--button_gradient_top_color:var(--awb-custom12);--button_gradient_bottom_color:var(--awb-custom12);--button_gradient_top_color_hover:#ffffff;--button_gradient_bottom_color_hover:#ffffff;--button_margin-top:2%;--button_margin-bottom:2%;\" target=\"_blank\" rel=\"noopener noreferrer\"><span class=\"fusion-button-text\">Zasady bezpiecznego kontaktu z dzie\u0107mi<\/span><\/a><\/div><div ><a class=\"fusion-button button-flat button-medium button-custom fusion-button-default button-3 fusion-button-span-yes fusion-button-default-type\" style=\"--button_accent_color:#ffffff;--button_accent_hover_color:#000000;--button_border_hover_color:#ffffff;--button_gradient_top_color:var(--awb-custom12);--button_gradient_bottom_color:var(--awb-custom12);--button_gradient_top_color_hover:#ffffff;--button_gradient_bottom_color_hover:#ffffff;--button_margin-bottom:2%;\" target=\"_blank\" rel=\"noopener noreferrer\" href=\"https:\/\/warsztatykultury.pl\/wp-content\/uploads\/2024\/12\/zalacznik_nr_2_-_oswiadczenie_o_niekaralnosci.docx\"><span class=\"fusion-button-text\">Za\u015bwiadczenie o niekaralno\u015bci<\/span><\/a><\/div><div ><a class=\"fusion-button button-flat button-medium button-custom fusion-button-default button-4 fusion-button-span-yes fusion-button-default-type\" style=\"--button_accent_color:#ffffff;--button_accent_hover_color:#000000;--button_border_hover_color:#ffffff;--button_gradient_top_color:var(--awb-custom12);--button_gradient_bottom_color:var(--awb-custom12);--button_gradient_top_color_hover:#ffffff;--button_gradient_bottom_color_hover:#ffffff;\" target=\"_self\" href=\"https:\/\/warsztatykultury.pl\/wp-content\/uploads\/2024\/12\/zalacznik_nr_3_-_notatka_sluzbowa_dotyczaca_podejrzenia_krzywdzenia_dziecka.docx\"><span class=\"fusion-button-text\">Notatka o podejrzeniu krzywdzenia dzieci<\/span><\/a><\/div><div ><a class=\"fusion-button button-flat button-medium button-custom fusion-button-default button-5 fusion-button-span-yes fusion-button-default-type\" style=\"--button_accent_color:#ffffff;--button_accent_hover_color:#000000;--button_border_hover_color:#ffffff;--button_gradient_top_color:var(--awb-custom12);--button_gradient_bottom_color:var(--awb-custom12);--button_gradient_top_color_hover:#ffffff;--button_gradient_bottom_color_hover:#ffffff;--button_margin-top:2%;--button_margin-bottom:2%;\" target=\"_self\" href=\"https:\/\/warsztatykultury.pl\/wp-content\/uploads\/2024\/12\/zalacznik_nr_4_-_karta_interwencji.docx\"><span class=\"fusion-button-text\">Karta Interwencji<\/span><\/a><\/div><div ><a class=\"fusion-button button-flat button-medium button-custom fusion-button-default button-6 fusion-button-span-yes fusion-button-default-type\" style=\"--button_accent_color:#ffffff;--button_accent_hover_color:#000000;--button_border_hover_color:#ffffff;--button_gradient_top_color:var(--awb-custom12);--button_gradient_bottom_color:var(--awb-custom12);--button_gradient_top_color_hover:#ffffff;--button_gradient_bottom_color_hover:#ffffff;--button_margin-bottom:2%;\" target=\"_self\" href=\"https:\/\/warsztatykultury.pl\/wp-content\/uploads\/2024\/12\/zalacznik_nr_5_-_oswiadczenie-o-zapoznaniu-sie-z-polityka-ochrony-dzieci-.docx\"><span class=\"fusion-button-text\">O\u015bwiadczenie o zapoznaniu si\u0119 z polityk\u0105 ochrony dzieci<\/span><\/a><\/div><div ><a class=\"fusion-button button-flat button-medium button-custom fusion-button-default button-7 fusion-button-span-yes fusion-button-default-type\" style=\"--button_accent_color:#ffffff;--button_accent_hover_color:#000000;--button_border_hover_color:#ffffff;--button_gradient_top_color:var(--awb-custom12);--button_gradient_bottom_color:var(--awb-custom12);--button_gradient_top_color_hover:#ffffff;--button_gradient_bottom_color_hover:#ffffff;--button_margin-bottom:2%;\" target=\"_blank\" rel=\"noopener noreferrer\" href=\"https:\/\/warsztatykultury.pl\/wp-content\/uploads\/2024\/12\/zalacznik_nr_6_-_analiza-ryzyka-grup-personelu.docx\"><span class=\"fusion-button-text\">Analiza ryzyka grup personelu<\/span><\/a><\/div><\/div><\/div><\/div><\/div><\/p>\n","protected":false},"excerpt":{"rendered":"","protected":false},"author":6,"featured_media":0,"parent":0,"menu_order":0,"comment_status":"closed","ping_status":"open","template":"","meta":{"_acf_changed":false,"ngg_post_thumbnail":0,"footnotes":""},"class_list":["post-27590","page","type-page","status-publish","hentry"],"acf":[],"yoast_head":"<!-- This site is optimized with the Yoast SEO plugin v22.0 - https:\/\/yoast.com\/wordpress\/plugins\/seo\/ -->\n<title>Polityka prywatno\u015bci dzieci - Warsztaty Kultury<\/title>\n<meta name=\"description\" content=\"Cze\u015b\u0107! Pami\u0119taj, \u017ce jeste\u015bmy instytucj\u0105, kt\u00f3ra chroni prawa dziecka.\" \/>\n<meta name=\"robots\" content=\"index, follow, max-snippet:-1, max-image-preview:large, max-video-preview:-1\" \/>\n<link rel=\"canonical\" href=\"https:\/\/warsztatykultury.pl\/pl\/polityka-ochrony-dzieci\/\" \/>\n<meta property=\"og:locale\" content=\"pl_PL\" \/>\n<meta property=\"og:type\" content=\"article\" \/>\n<meta property=\"og:title\" content=\"Polityka prywatno\u015bci dzieci - Warsztaty Kultury\" \/>\n<meta property=\"og:description\" content=\"Cze\u015b\u0107! Pami\u0119taj, \u017ce jeste\u015bmy instytucj\u0105, kt\u00f3ra chroni prawa dziecka.\" \/>\n<meta property=\"og:url\" content=\"https:\/\/warsztatykultury.pl\/pl\/polityka-ochrony-dzieci\/\" \/>\n<meta property=\"og:site_name\" content=\"Warsztaty Kultury\" \/>\n<meta property=\"article:publisher\" content=\"https:\/\/www.facebook.com\/WarsztatyKultury\/\" \/>\n<meta property=\"article:modified_time\" content=\"2026-01-08T11:27:35+00:00\" \/>\n<meta name=\"twitter:card\" content=\"summary_large_image\" \/>\n<meta name=\"twitter:label1\" content=\"Szacowany czas czytania\" \/>\n\t<meta name=\"twitter:data1\" content=\"2 minuty\" \/>\n<script type=\"application\/ld+json\" class=\"yoast-schema-graph\">{\"@context\":\"https:\/\/schema.org\",\"@graph\":[{\"@type\":\"WebPage\",\"@id\":\"https:\/\/warsztatykultury.pl\/pl\/polityka-ochrony-dzieci\/\",\"url\":\"https:\/\/warsztatykultury.pl\/pl\/polityka-ochrony-dzieci\/\",\"name\":\"Polityka prywatno\u015bci dzieci - Warsztaty Kultury\",\"isPartOf\":{\"@id\":\"https:\/\/warsztatykultury.pl\/pl\/#website\"},\"datePublished\":\"2024-08-19T11:37:36+00:00\",\"dateModified\":\"2026-01-08T11:27:35+00:00\",\"description\":\"Cze\u015b\u0107! Pami\u0119taj, \u017ce jeste\u015bmy instytucj\u0105, kt\u00f3ra chroni prawa dziecka.\",\"breadcrumb\":{\"@id\":\"https:\/\/warsztatykultury.pl\/pl\/polityka-ochrony-dzieci\/#breadcrumb\"},\"inLanguage\":\"pl-PL\",\"potentialAction\":[{\"@type\":\"ReadAction\",\"target\":[\"https:\/\/warsztatykultury.pl\/pl\/polityka-ochrony-dzieci\/\"]}]},{\"@type\":\"BreadcrumbList\",\"@id\":\"https:\/\/warsztatykultury.pl\/pl\/polityka-ochrony-dzieci\/#breadcrumb\",\"itemListElement\":[{\"@type\":\"ListItem\",\"position\":1,\"name\":\"Strona g\u0142\u00f3wna\",\"item\":\"https:\/\/warsztatykultury.pl\/pl\/\"},{\"@type\":\"ListItem\",\"position\":2,\"name\":\"Polityka ochrony dzieci\"}]},{\"@type\":\"WebSite\",\"@id\":\"https:\/\/warsztatykultury.pl\/pl\/#website\",\"url\":\"https:\/\/warsztatykultury.pl\/pl\/\",\"name\":\"Warsztaty Kultury\",\"description\":\"\",\"publisher\":{\"@id\":\"https:\/\/warsztatykultury.pl\/pl\/#organization\"},\"potentialAction\":[{\"@type\":\"SearchAction\",\"target\":{\"@type\":\"EntryPoint\",\"urlTemplate\":\"https:\/\/warsztatykultury.pl\/pl\/?s={search_term_string}\"},\"query-input\":\"required name=search_term_string\"}],\"inLanguage\":\"pl-PL\"},{\"@type\":\"Organization\",\"@id\":\"https:\/\/warsztatykultury.pl\/pl\/#organization\",\"name\":\"Warsztaty Kultury w Lublinie\",\"url\":\"https:\/\/warsztatykultury.pl\/pl\/\",\"logo\":{\"@type\":\"ImageObject\",\"inLanguage\":\"pl-PL\",\"@id\":\"https:\/\/warsztatykultury.pl\/pl\/#\/schema\/logo\/image\/\",\"url\":\"https:\/\/warsztatykultury.pl\/wp-content\/uploads\/2020\/05\/LogoWKRetina-e1589382721171.png\",\"contentUrl\":\"https:\/\/warsztatykultury.pl\/wp-content\/uploads\/2020\/05\/LogoWKRetina-e1589382721171.png\",\"width\":700,\"height\":112,\"caption\":\"Warsztaty Kultury w Lublinie\"},\"image\":{\"@id\":\"https:\/\/warsztatykultury.pl\/pl\/#\/schema\/logo\/image\/\"},\"sameAs\":[\"https:\/\/www.facebook.com\/WarsztatyKultury\/\",\"https:\/\/www.instagram.com\/warsztatykultury\/?hl=pl\",\"https:\/\/www.youtube.com\/user\/WarsztatyKultury\",\"https:\/\/pl.wikipedia.org\/wiki\/Warsztaty_Kultury\"]}]}<\/script>\n<!-- \/ Yoast SEO plugin. -->","yoast_head_json":{"title":"Polityka prywatno\u015bci dzieci - Warsztaty Kultury","description":"Cze\u015b\u0107! Pami\u0119taj, \u017ce jeste\u015bmy instytucj\u0105, kt\u00f3ra chroni prawa dziecka.","robots":{"index":"index","follow":"follow","max-snippet":"max-snippet:-1","max-image-preview":"max-image-preview:large","max-video-preview":"max-video-preview:-1"},"canonical":"https:\/\/warsztatykultury.pl\/pl\/polityka-ochrony-dzieci\/","og_locale":"pl_PL","og_type":"article","og_title":"Polityka prywatno\u015bci dzieci - Warsztaty Kultury","og_description":"Cze\u015b\u0107! Pami\u0119taj, \u017ce jeste\u015bmy instytucj\u0105, kt\u00f3ra chroni prawa dziecka.","og_url":"https:\/\/warsztatykultury.pl\/pl\/polityka-ochrony-dzieci\/","og_site_name":"Warsztaty Kultury","article_publisher":"https:\/\/www.facebook.com\/WarsztatyKultury\/","article_modified_time":"2026-01-08T11:27:35+00:00","twitter_card":"summary_large_image","twitter_misc":{"Szacowany czas czytania":"2 minuty"},"schema":{"@context":"https:\/\/schema.org","@graph":[{"@type":"WebPage","@id":"https:\/\/warsztatykultury.pl\/pl\/polityka-ochrony-dzieci\/","url":"https:\/\/warsztatykultury.pl\/pl\/polityka-ochrony-dzieci\/","name":"Polityka prywatno\u015bci dzieci - Warsztaty Kultury","isPartOf":{"@id":"https:\/\/warsztatykultury.pl\/pl\/#website"},"datePublished":"2024-08-19T11:37:36+00:00","dateModified":"2026-01-08T11:27:35+00:00","description":"Cze\u015b\u0107! Pami\u0119taj, \u017ce jeste\u015bmy instytucj\u0105, kt\u00f3ra chroni prawa dziecka.","breadcrumb":{"@id":"https:\/\/warsztatykultury.pl\/pl\/polityka-ochrony-dzieci\/#breadcrumb"},"inLanguage":"pl-PL","potentialAction":[{"@type":"ReadAction","target":["https:\/\/warsztatykultury.pl\/pl\/polityka-ochrony-dzieci\/"]}]},{"@type":"BreadcrumbList","@id":"https:\/\/warsztatykultury.pl\/pl\/polityka-ochrony-dzieci\/#breadcrumb","itemListElement":[{"@type":"ListItem","position":1,"name":"Strona g\u0142\u00f3wna","item":"https:\/\/warsztatykultury.pl\/pl\/"},{"@type":"ListItem","position":2,"name":"Polityka ochrony dzieci"}]},{"@type":"WebSite","@id":"https:\/\/warsztatykultury.pl\/pl\/#website","url":"https:\/\/warsztatykultury.pl\/pl\/","name":"Warsztaty Kultury","description":"","publisher":{"@id":"https:\/\/warsztatykultury.pl\/pl\/#organization"},"potentialAction":[{"@type":"SearchAction","target":{"@type":"EntryPoint","urlTemplate":"https:\/\/warsztatykultury.pl\/pl\/?s={search_term_string}"},"query-input":"required name=search_term_string"}],"inLanguage":"pl-PL"},{"@type":"Organization","@id":"https:\/\/warsztatykultury.pl\/pl\/#organization","name":"Warsztaty Kultury w Lublinie","url":"https:\/\/warsztatykultury.pl\/pl\/","logo":{"@type":"ImageObject","inLanguage":"pl-PL","@id":"https:\/\/warsztatykultury.pl\/pl\/#\/schema\/logo\/image\/","url":"https:\/\/warsztatykultury.pl\/wp-content\/uploads\/2020\/05\/LogoWKRetina-e1589382721171.png","contentUrl":"https:\/\/warsztatykultury.pl\/wp-content\/uploads\/2020\/05\/LogoWKRetina-e1589382721171.png","width":700,"height":112,"caption":"Warsztaty Kultury w Lublinie"},"image":{"@id":"https:\/\/warsztatykultury.pl\/pl\/#\/schema\/logo\/image\/"},"sameAs":["https:\/\/www.facebook.com\/WarsztatyKultury\/","https:\/\/www.instagram.com\/warsztatykultury\/?hl=pl","https:\/\/www.youtube.com\/user\/WarsztatyKultury","https:\/\/pl.wikipedia.org\/wiki\/Warsztaty_Kultury"]}]}},"_links":{"self":[{"href":"https:\/\/warsztatykultury.pl\/pl\/wp-json\/wp\/v2\/pages\/27590","targetHints":{"allow":["GET"]}}],"collection":[{"href":"https:\/\/warsztatykultury.pl\/pl\/wp-json\/wp\/v2\/pages"}],"about":[{"href":"https:\/\/warsztatykultury.pl\/pl\/wp-json\/wp\/v2\/types\/page"}],"author":[{"embeddable":true,"href":"https:\/\/warsztatykultury.pl\/pl\/wp-json\/wp\/v2\/users\/6"}],"replies":[{"embeddable":true,"href":"https:\/\/warsztatykultury.pl\/pl\/wp-json\/wp\/v2\/comments?post=27590"}],"version-history":[{"count":4,"href":"https:\/\/warsztatykultury.pl\/pl\/wp-json\/wp\/v2\/pages\/27590\/revisions"}],"predecessor-version":[{"id":34869,"href":"https:\/\/warsztatykultury.pl\/pl\/wp-json\/wp\/v2\/pages\/27590\/revisions\/34869"}],"wp:attachment":[{"href":"https:\/\/warsztatykultury.pl\/pl\/wp-json\/wp\/v2\/media?parent=27590"}],"curies":[{"name":"wp","href":"https:\/\/api.w.org\/{rel}","templated":true}]}}