{"id":3,"date":"2020-02-25T11:13:00","date_gmt":"2020-02-25T10:13:00","guid":{"rendered":"https:\/\/warsztatykultury.pl\/?page_id=3"},"modified":"2024-12-09T11:31:11","modified_gmt":"2024-12-09T10:31:11","slug":"polityka-prywatnosci","status":"publish","type":"page","link":"https:\/\/warsztatykultury.pl\/pl\/polityka-prywatnosci\/","title":{"rendered":"Polityka prywatno\u015bci"},"content":{"rendered":"<div class=\"fusion-fullwidth fullwidth-box fusion-builder-row-1 nonhundred-percent-fullwidth non-hundred-percent-height-scrolling\" style=\"--awb-border-radius-top-left:0px;--awb-border-radius-top-right:0px;--awb-border-radius-bottom-right:0px;--awb-border-radius-bottom-left:0px;--awb-padding-right:7%;--awb-padding-left:7%;--awb-flex-wrap:wrap;\" ><div class=\"fusion-builder-row fusion-row\"><div class=\"fusion-layout-column fusion_builder_column fusion-builder-column-0 fusion_builder_column_1_1 1_1 fusion-one-full fusion-column-first fusion-column-last\" style=\"--awb-bg-blend:overlay;--awb-bg-size:cover;\"><div class=\"fusion-column-wrapper fusion-flex-column-wrapper-legacy\"><div class=\"fusion-text fusion-text-1\" style=\"--awb-text-transform:none;\"><\/p>\n<h1 class=\"wp-block-heading\" style=\"--fontsize: 34.56; line-height: 1.16;\" data-fontsize=\"34.56\" data-lineheight=\"40.0896px\">Polityka prywatno\u015bci<\/h1>\n<p class=\"fusion-responsive-typography-calculated\" style=\"--fontsize: 31.68; line-height: 1.16;\" data-fontsize=\"31.68\" data-lineheight=\"36.75px\">opisuje zasady przetwarzania przez nas informacji na Tw\u00f3j temat, w tym danych osobowych oraz ciasteczek, czyli tzw. cookies.<\/p>\n<h3 class=\"fusion-responsive-typography-calculated\" style=\"--fontsize: 28.8; line-height: 1.16;\" data-fontsize=\"28.8\" data-lineheight=\"33.4px\"><strong>I Informacje og\u00f3lne<\/strong><\/h3>\n<ol>\n<li>Niniejsza polityka dotyczy Serwisu www, funkcjonuj\u0105cego pod adresem url:&nbsp;<strong>warsztatykultury.pl<\/strong><\/li>\n<li>Operatorem serwisu oraz Administratorem danych osobowych jest: Warsztaty Kultury w&nbsp;Lublinie ul. Grodzka 5a, 20-112 Lublin<\/li>\n<li>Adres kontaktowy poczty elektronicznej operatora: sekretariat@warsztatykultury.pl<\/li>\n<li>Operator jest Administratorem Twoich danych osobowych w odniesieniu do danych podanych dobrowolnie w Serwisie.<\/li>\n<li>Serwis wykorzystuje dane osobowe w nast\u0119puj\u0105cych celach: Prowadzenie rozm\u00f3w typu chat online<\/li>\n<li>&nbsp;Serwis realizuje funkcje pozyskiwania informacji o u\u017cytkownikach i ich zachowaniu w nast\u0119puj\u0105cy spos\u00f3b:<\/li>\n<li>&nbsp;Poprzez dobrowolnie wprowadzone w formularzach dane, kt\u00f3re zostaj\u0105 wprowadzone do system\u00f3w Operatora.<\/li>\n<li>&nbsp;Poprzez zapisywanie w urz\u0105dzeniach ko\u0144cowych plik\u00f3w cookie (tzw. \u201eciasteczka\u201d).<\/li>\n<\/ol>\n<h3 class=\"fusion-responsive-typography-calculated\" style=\"--fontsize: 28.8; line-height: 1.16;\" data-fontsize=\"28.8\" data-lineheight=\"33.4px\">II Wybrane metody ochrony danych stosowane przez Operatora<\/h3>\n<ol>\n<li>Miejsca logowania i wprowadzania danych osobowych s\u0105 chronione w warstwie transmisji (certyfikat SSL). Dzi\u0119ki temu dane osobowe i dane logowania, wprowadzone na stronie, zostaj\u0105 zaszyfrowane w komputerze u\u017cytkownika i mog\u0105 by\u0107 odczytane jedynie na docelowym serwerze.<\/li>\n<li>Has\u0142a u\u017cytkownik\u00f3w s\u0105 przechowywane w postaci hashowanej. Funkcja hashuj\u0105ca dzia\u0142a jednokierunkowo &#8211; nie jest mo\u017cliwe odwr\u00f3cenie jej dzia\u0142ania, co stanowi obecnie wsp\u00f3\u0142czesny standard w zakresie przechowywania hase\u0142 u\u017cytkownik\u00f3w.<\/li>\n<li>Operator okresowo zmienia swoje has\u0142a administracyjne.<\/li>\n<li>W celu ochrony danych Operator regularnie wykonuje kopie bezpiecze\u0144stwa.<\/li>\n<li>Istotnym elementem ochrony danych jest regularna aktualizacja wszelkiego oprogramowania, wykorzystywanego przez Operatora do przetwarzania danych osobowych, co w szczeg\u00f3lno\u015bci oznacza regularne aktualizacje komponent\u00f3w programistycznych.<\/li>\n<\/ol>\n<h3 class=\"fusion-responsive-typography-calculated\" style=\"--fontsize: 28.8; line-height: 1.16;\" data-fontsize=\"28.8\" data-lineheight=\"33.4px\">III Hosting<\/h3>\n<p>Serwis jest hostowany (technicznie utrzymywany) na serwera operatora: <strong>www.zenbox.pl<\/strong><\/p>\n<h3 class=\"fusion-responsive-typography-calculated\" style=\"--fontsize: 28.8; line-height: 1.16;\" data-fontsize=\"28.8\" data-lineheight=\"33.4px\">IV Twoje prawa i dodatkowe informacje o sposobie wykorzystania danych<\/h3>\n<p>1. W celu realizacji obowi\u0105zk\u00f3w wynikaj\u0105cych z przepis\u00f3w o ochronie danych osobowych oraz w celu zapewnienia realnej ochrony danych Operator powo\u0142a\u0142 Inspektora Ochrony Danych.<br>2. Administrator wyznaczy\u0142 Inspektora ochrony danych (dalej IOD), kt\u00f3ry udzieli szerszych informacji na temat praw osoby i jej danych osobowych pod adresem e-mail: iodo@warsztatykultury.pl lub w spos\u00f3b tradycyjny pod adresem: ul. Grodzka 5a, 20-112 Lublin kontakt elektroniczny: sekretariat@warsztatykultury.pl<br>3. W niekt\u00f3rych sytuacjach Administrator ma prawo przekazywa\u0107 Twoje dane osobowe innym odbiorcom, je\u015bli b\u0119dzie to niezb\u0119dne do wykonania zawartej z Tob\u0105 umowy lub do zrealizowania obowi\u0105zk\u00f3w ci\u0105\u017c\u0105cych na Administratorze. Dotyczy to takich grup odbiorc\u00f3w:<br>\u2022 firma hostingowa na zasadzie powierzenia<br>\u2022 operatorzy rozwi\u0105zania typu chat online<br>\u2022 upowa\u017cnieni pracownicy i wsp\u00f3\u0142pracownicy, kt\u00f3rzy korzystaj\u0105 z danych w celu realizacji celu dzia\u0142ania strony<br>\u2022 firmy, \u015bwiadcz\u0105ce us\u0142ugi marketingu na rzecz Administratora<\/p>\n<p>4. Twoje dane osobowe przetwarzane przez Administratora nie d\u0142u\u017cej, ni\u017c jest to konieczne do wykonania zwi\u0105zanych z nimi czynno\u015bci okre\u015blonych osobnymi przepisami (np. o prowadzeniu rachunkowo\u015bci). W odniesieniu do danych marketingowych dane nie b\u0119d\u0105 przetwarzane d\u0142u\u017cej ni\u017c przez 3 lata.<\/p>\n<p>5. Przys\u0142uguje Ci prawo \u017c\u0105dania od Administratora:<\/p>\n<ul>\n<li style=\"list-style-type: none;\">\n<ul>\n<li>dost\u0119pu do danych osobowych Ciebie dotycz\u0105cych,<\/li>\n<li>ich sprostowania,<\/li>\n<li>usuni\u0119cia,<\/li>\n<li>ograniczenia przetwarzania,<\/li>\n<li>oraz przenoszenia danych.<\/li>\n<\/ul>\n<\/li>\n<\/ul>\n<p>&nbsp;6. Przys\u0142uguje Ci prawo do z\u0142o\u017cenia sprzeciwu w zakresie przetwarzania wskazanego w pkt 3.3 c) wobec przetwarzania danych osobowych w celu wykonania prawnie uzasadnionych interes\u00f3w realizowanych przez Administratora, w tym profilowania, przy czym prawo sprzeciwu nie b\u0119dzie mog\u0142o by\u0107 wykonane w przypadku istnienia wa\u017cnych prawnie uzasadnionych podstaw do przetwarzania, nadrz\u0119dnych wobec Ciebie interes\u00f3w, praw i wolno\u015bci, w szczeg\u00f3lno\u015bci ustalenia, dochodzenia lub obrony roszcze\u0144.<\/p>\n<p>7. Na dzia\u0142ania Administratora przys\u0142uguje skarga do Prezesa Urz\u0119du Ochrony Danych Osobowych, ul. Stawki 2, 00-193 Warszawa.<\/p>\n<p>8. Podanie danych osobowych jest dobrowolne, lecz niezb\u0119dne do obs\u0142ugi Serwisu.<\/p>\n<p>9. W stosunku do Ciebie mog\u0105 by\u0107 podejmowane czynno\u015bci polegaj\u0105ce na zautomatyzowanym podejmowaniu decyzji, w tym profilowaniu w celu \u015bwiadczenia us\u0142ug w ramach zawartej umowy oraz w celu prowadzenia przez Administratora marketingu bezpo\u015bredniego.<\/p>\n<p>10. Dane osobowe nie s\u0105 przekazywane od kraj\u00f3w trzecich w rozumieniu przepis\u00f3w o ochronie danych osobowych. Oznacza to, \u017ce nie przesy\u0142amy ich poza teren Unii Europejskiej<\/p>\n<h3 class=\"fusion-responsive-typography-calculated\" style=\"--fontsize: 28.8; line-height: 1.16;\" data-fontsize=\"28.8\" data-lineheight=\"33.4px\">V Informacje w formularzach<\/h3>\n<ol>\n<li>Serwis zbiera informacje podane dobrowolnie przez u\u017cytkownika, w tym dane osobowe, o &nbsp;le&nbsp;zostan\u0105 one podane.<\/li>\n<li>Serwis mo\u017ce zapisa\u0107 informacje o parametrach po\u0142\u0105czenia (oznaczenie czasu, adres IP).<\/li>\n<li>Serwis, w niekt\u00f3rych wypadkach, mo\u017ce zapisa\u0107 informacj\u0119 u\u0142atwiaj\u0105c\u0105 powi\u0105zanie danych w&nbsp;formularzu z adresem e-mail u\u017cytkownika wype\u0142niaj\u0105cego formularz. W takim wypadku adres e-mail u\u017cytkownika pojawia si\u0119 wewn\u0105trz adresu url strony zawieraj\u0105cej formularz.<\/li>\n<li>Dane podane w formularzu s\u0105 przetwarzane w celu wynikaj\u0105cym z funkcji konkretnego formularza, np. w celu dokonania procesu obs\u0142ugi zg\u0142oszenia serwisowego lub kontaktu handlowego, rejestracji us\u0142ug itp. Ka\u017cdorazowo kontekst i opis formularza w czytelny spos\u00f3b informuje, do czego on s\u0142u\u017cy.<\/li>\n<\/ol>\n<h3 class=\"fusion-responsive-typography-calculated\" style=\"--fontsize: 28.8; line-height: 1.16;\" data-fontsize=\"28.8\" data-lineheight=\"33.4px\">VI Logi Administratora<\/h3>\n<p>Informacje zachowaniu u\u017cytkownik\u00f3w w serwisie mog\u0105 podlega\u0107 logowaniu. Dane te s\u0105 wykorzystywane w celu administrowania serwisem.<\/p>\n<h3 class=\"fusion-responsive-typography-calculated\" style=\"--fontsize: 28.8; line-height: 1.16;\" data-fontsize=\"28.8\" data-lineheight=\"33.4px\">VII Istotne techniki marketingowe<\/h3>\n<p>1. Operator stosuje analiz\u0119 statystyczn\u0105 ruchu na stronie, poprzez Google Analytics (Google Inc. z siedzib\u0105 w USA). Operator nie przekazuje do operatora tej us\u0142ugi danych osobowych, a jedynie zanonimizowane informacje. Us\u0142uga bazuje na wykorzystaniu ciasteczek w urz\u0105dzeniu ko\u0144cowym u\u017cytkownika. W zakresie informacji o preferencjach u\u017cytkownika gromadzonych przez sie\u0107 reklamow\u0105 Google u\u017cytkownik mo\u017ce przegl\u0105da\u0107 i edytowa\u0107 informacje wynikaj\u0105ce z plik\u00f3w cookies przy pomocy narz\u0119dzia: https:\/\/www.google.com\/ads\/preferences\/<\/p>\n<p>2. Operator stosuje techniki remarketingowe, pozwalaj\u0105ce na dopasowanie przekaz\u00f3w reklamowych do zachowania u\u017cytkownika na stronie, co mo\u017ce dawa\u0107 z\u0142udzenie, \u017ce dane osobowe u\u017cytkownika s\u0105 wykorzystywane do jego \u015bledzenia, jednak w praktyce nie dochodzi do przekazania \u017cadnych danych osobowych od Operatora do operatorom reklam. Technologicznym warunkiem takich dzia\u0142a\u0144 jest w\u0142\u0105czona obs\u0142uga plik\u00f3w cookie.<\/p>\n<p>3. Operator&nbsp; korzysta z piksela Facebooka. Ta technologia powoduje, \u017ce serwis Facebook (Facebook Inc. z siedzib\u0105 w USA) wie, \u017ce dana osoba w nim zarejestrowana korzysta z Serwisu. Bazuje w tym wypadku na danych, wobec kt\u00f3rych sam jest administratorem, Operator nie przekazuje od siebie \u017cadnych dodatkowych danych osobowych serwisowi Facebook. Us\u0142uga bazuje na wykorzystaniu ciasteczek w urz\u0105dzeniu ko\u0144cowym u\u017cytkownika.<\/p>\n<p>4. Operator stosuje rozwi\u0105zanie automatyzuj\u0105ce dzia\u0142anie Serwisu w odniesieniu do u\u017cytkownik\u00f3w, np. mog\u0105ce przes\u0142a\u0107 maila do u\u017cytkownika po odwiedzeniu konkretnej podstrony, o ile wyrazi\u0142 on zgod\u0119 na otrzymywanie korespondencji handlowej od Operatora.<\/p>\n<p>&nbsp;<\/p>\n<h3 class=\"fusion-responsive-typography-calculated\" style=\"--fontsize: 28.8; line-height: 1.16;\" data-fontsize=\"28.8\" data-lineheight=\"33.4px\">VIII Informacja o plikach cookies<\/h3>\n<ol>\n<li>Operator stosuje analiz\u0119 statystyczn\u0105 ruchu na stronie, poprzez Google Analytics (Google Inc. z siedzib\u0105 w USA). Operator nie przekazuje do operatora tej us\u0142ugi danych osobowych, a&nbsp;jedynie zanonimizowane informacje. Us\u0142uga bazuje na wykorzystaniu ciasteczek w&nbsp;urz\u0105dzeniu ko\u0144cowym u\u017cytkownika. W zakresie informacji o preferencjach u\u017cytkownika gromadzonych przez sie\u0107 reklamow\u0105 Google u\u017cytkownik mo\u017ce przegl\u0105da\u0107 i edytowa\u0107 informacje wynikaj\u0105ce z plik\u00f3w cookies przy pomocy narz\u0119dzia: https:\/\/www.google.com\/ads\/preferences\/\n<\/li>\n<li>Operator stosuje techniki remarketingowe, pozwalaj\u0105ce na dopasowanie przekaz\u00f3w reklamowych do zachowania u\u017cytkownika na stronie, co mo\u017ce dawa\u0107 z\u0142udzenie, \u017ce dane osobowe u\u017cytkownika s\u0105 wykorzystywane do jego \u015bledzenia, jednak w praktyce nie dochodzi do przekazania \u017cadnych danych osobowych od Operatora do operatorom reklam. Technologicznym warunkiem takich dzia\u0142a\u0144 jest w\u0142\u0105czona obs\u0142uga plik\u00f3w cookie.\n<\/li>\n<li>Operator stosuje korzysta z piksela Facebooka. Ta technologia powoduje, \u017ce serwis Facebook (Facebook Inc. z siedzib\u0105 w USA) wie, \u017ce dana osoba w nim zarejestrowana korzysta z Serwisu. Bazuje w tym wypadku na danych, wobec kt\u00f3rych sam jest administratorem, Operator nie przekazuje od siebie \u017cadnych dodatkowych danych osobowych serwisowi Facebook. Us\u0142uga bazuje na wykorzystaniu ciasteczek w urz\u0105dzeniu ko\u0144cowym u\u017cytkownika.\n<\/li>\n<li>Operator korzysta r\u00f3wnie\u017c z API Conversion, narz\u0119dzia Facebooka, kt\u00f3re umo\u017cliwia \u015bledzenie konwersji bez u\u017cycia ciasteczek. Dzi\u0119ki API Conversion, Facebook otrzymuje informacje o dokonanych przez u\u017cytkownik\u00f3w transakcjach (np. dokonane zakupy, wype\u0142nione formularze), kt\u00f3re s\u0105 niezb\u0119dne do optymalizacji kampanii reklamowych i mierzenia ich skuteczno\u015bci Przesy\u0142ane dane mog\u0105 obejmowa\u0107: dzia\u0142ania na stronie: np. odwiedzane strony, klikni\u0119cia w linki, czas sp\u0119dzony na stronie,&nbsp; adres IP: umo\u017cliwia nam okre\u015blenie przybli\u017conej lokalizacji, co pozwala nam wy\u015bwietla\u0107 reklamy bardziej istotne dla okre\u015blonego regionu, Informacje o urz\u0105dzeniu: takie jak rodzaj urz\u0105dzenia, system operacyjny i przegl\u0105darka, co pomaga nam dostosowa\u0107 tre\u015bci do Twojego sprz\u0119tu, Historia zakup\u00f3w: je\u015bli dokonujesz zakup\u00f3w na naszej stronie, mo\u017cemy zbiera\u0107 informacje o produktach, kt\u00f3re Ci\u0119 interesuj\u0105, aby wy\u015bwietla\u0107 Ci odpowiednie reklamy. Facebook, jako administrator tych danych, wykorzystuje je wy\u0142\u0105cznie do cel\u00f3w zwi\u0105zanych z prowadzeniem platformy reklamowej i nie udost\u0119pnia ich podmiotom trzecim. U\u017cytkownik ma prawo dost\u0119pu do swoich danych oraz prawo \u017c\u0105dania ich usuni\u0119cia. Wi\u0119cej informacji na temat przetwarzania danych osobowych przez Facebooka mo\u017cna znale\u017a\u0107 w polityce prywatno\u015bci Facebooka. <a href=\"https:\/\/www.facebook.com\/privacy\/policy\/?entry_point=data_policy_redirect&amp;entry=0\">https:\/\/www.facebook.com\/privacy\/policy\/?entry_point=data_policy_redirect&amp;entry=0 <\/a>Je\u015bli chcesz zrezygnowa\u0107 z personalizowanych reklam na Facebooku, mo\u017cesz zmieni\u0107 swoje ustawienia reklam na platformie Facebook. Mo\u017cesz r\u00f3wnie\u017c zarz\u0105dza\u0107 plikami cookies w ustawieniach swojej przegl\u0105darki oraz ustawieniach na stronie.\n<\/li>\n<li>Operator stosuje rozwi\u0105zanie automatyzuj\u0105ce dzia\u0142anie Serwisu w odniesieniu do u\u017cytkownik\u00f3w, np. mog\u0105ce przes\u0142a\u0107 maila do u\u017cytkownika po odwiedzeniu konkretnej podstrony, o ile wyrazi\u0142 on zgod\u0119 na otrzymywanie korespondencji handlowej od Operatora<\/li>\n<\/ol>\n<p>&nbsp;<\/p>\n<h3 class=\"fusion-responsive-typography-calculated\" style=\"--fontsize: 28.8; line-height: 1.16;\" data-fontsize=\"28.8\" data-lineheight=\"33.4px\">IX Transfer danych<\/h3>\n<p>Dane z formularzy Google s\u0105 przesy\u0142ane na serwery firmy Google. Aby uzyska\u0107 wi\u0119cej informacji na temat zasad ochrony prywatno\u015bci Google, odwied\u017a stron\u0119 internetow\u0105 Google Privacy &amp; Terms: https:\/\/policies.google.com\/privacy?hl=en&nbsp;<\/p>\n<p>Twoja zgoda na niniejsz\u0105 Polityk\u0119 prywatno\u015bci, po kt\u00f3rej nast\u0119puje przekazanie takich informacji, oznacza zgod\u0119 na ten transfer.<\/p>\n<h3 class=\"fusion-responsive-typography-calculated\" style=\"--fontsize: 28.8; line-height: 1.16;\" data-fontsize=\"28.8\" data-lineheight=\"33.4px\">X Zarz\u0105dzanie plikami cookies \u2013 jak w praktyce wyra\u017ca\u0107 i cofa\u0107 zgod\u0119?<\/h3>\n<ol>\n<li>Je\u015bli u\u017cytkownik nie chce otrzymywa\u0107 plik\u00f3w cookies, mo\u017ce zmieni\u0107 ustawienia przegl\u0105darki. Zastrzegamy, \u017ce wy\u0142\u0105czenie obs\u0142ugi plik\u00f3w cookies niezb\u0119dnych dla proces\u00f3w uwierzytelniania, bezpiecze\u0144stwa, utrzymania preferencji u\u017cytkownika mo\u017ce utrudni\u0107, a w skrajnych przypadkach mo\u017ce uniemo\u017cliwi\u0107 korzystanie ze stron www<\/li>\n<li>W celu zarz\u0105dzania ustawienia cookies wybierz z listy poni\u017cej przegl\u0105dark\u0119 internetow\u0105, kt\u00f3rej u\u017cywasz i post\u0119puj zgodnie z instrukcjami<\/li>\n<\/ol>\n<p>\u25e6 <a href=\"https:\/\/support.microsoft.com\/pl-pl\/help\/10607\/microsoft-edge-view-delete-browser-history\">Edge<\/a><br>\u25e6 <a href=\"https:\/\/support.microsoft.com\/pl-pl\/help\/278835\/how-to-delete-cookie-files-in-internet-explorer\">Internet Explorer<\/a><br>\u25e6 <a href=\"https:\/\/support.google.com\/chrome\/answer\/95647?hl=pl\">Chrome<\/a><br>\u25e6 <a href=\"https:\/\/support.apple.com\/pl-pl\/guide\/safari\/sfri11471\/mac\">Safari<\/a><br>\u25e6 <a href=\"https:\/\/support.mozilla.org\/pl\/kb\/wzmocniona-ochrona-przed-sledzeniem-firefox-desktop?redirectlocale=pl&amp;redirectslug=W%C5%82%C4%85czanie+i+wy%C5%82%C4%85czanie+obs%C5%82ugi+ciasteczek\" target=\"_blank\" rel=\"noopener noreferrer\">Firefox<\/a><br>\u25e6 <a href=\"https:\/\/help.opera.com\/pl\/latest\/web-preferences\/#cookies\">Opera<\/a><\/p>\n<p>Urz\u0105dzenia mobilne:<\/p>\n<p>\u25e6 <a href=\"https:\/\/support.google.com\/chrome\/answer\/95647?hl=pl\">Android<\/a><br>\u25e6 <a href=\"https:\/\/support.apple.com\/pl-pl\/HT201265\">Safari (iOS)<\/a><br>\u25e6 <a href=\"https:\/\/support.microsoft.com\/pl-pl\/help\/11696\/windows-phone-7\">Windows Phone<\/a><\/p><\/p>\n<\/div><div class=\"fusion-sep-clear\"><\/div><div class=\"fusion-separator fusion-full-width-sep\" style=\"margin-left: auto;margin-right: auto;margin-top:3%;margin-bottom:3%;width:100%;\"><div class=\"fusion-separator-border sep-single\" style=\"--awb-height:20px;--awb-amount:20px;border-color:var(--awb-color8);border-top-width:2px;\"><\/div><\/div><div class=\"fusion-sep-clear\"><\/div><div class=\"fusion-clearfix\"><\/div><\/div><\/div><\/div><\/div>","protected":false},"excerpt":{"rendered":"","protected":false},"author":1,"featured_media":0,"parent":0,"menu_order":0,"comment_status":"closed","ping_status":"open","template":"","meta":{"_acf_changed":false,"ngg_post_thumbnail":0,"footnotes":""},"class_list":["post-3","page","type-page","status-publish","hentry"],"acf":[],"yoast_head":"<!-- This site is optimized with the Yoast SEO plugin v22.0 - https:\/\/yoast.com\/wordpress\/plugins\/seo\/ -->\n<title>Polityka prywatno\u015bci - Warsztaty Kultury<\/title>\n<meta name=\"description\" content=\"Polityka prywatno\u015bci opisuje zasady przetwarzania przez nas informacji na Tw\u00f3j temat, w tym danych osobowych oraz plik\u00f3w cookies.\" \/>\n<meta name=\"robots\" content=\"index, follow, max-snippet:-1, max-image-preview:large, max-video-preview:-1\" \/>\n<link rel=\"canonical\" href=\"https:\/\/warsztatykultury.pl\/pl\/polityka-prywatnosci\/\" \/>\n<meta property=\"og:locale\" content=\"pl_PL\" \/>\n<meta property=\"og:type\" content=\"article\" \/>\n<meta property=\"og:title\" content=\"Polityka prywatno\u015bci - Warsztaty Kultury\" \/>\n<meta property=\"og:description\" content=\"Polityka prywatno\u015bci opisuje zasady przetwarzania przez nas informacji na Tw\u00f3j temat, w tym danych osobowych oraz plik\u00f3w cookies.\" \/>\n<meta property=\"og:url\" content=\"https:\/\/warsztatykultury.pl\/pl\/polityka-prywatnosci\/\" \/>\n<meta property=\"og:site_name\" content=\"Warsztaty Kultury\" \/>\n<meta property=\"article:publisher\" content=\"https:\/\/www.facebook.com\/WarsztatyKultury\/\" \/>\n<meta property=\"article:modified_time\" content=\"2024-12-09T10:31:11+00:00\" \/>\n<meta name=\"twitter:card\" content=\"summary_large_image\" \/>\n<meta name=\"twitter:label1\" content=\"Szacowany czas czytania\" \/>\n\t<meta name=\"twitter:data1\" content=\"7 minut\" \/>\n<script type=\"application\/ld+json\" class=\"yoast-schema-graph\">{\"@context\":\"https:\/\/schema.org\",\"@graph\":[{\"@type\":\"WebPage\",\"@id\":\"https:\/\/warsztatykultury.pl\/pl\/polityka-prywatnosci\/\",\"url\":\"https:\/\/warsztatykultury.pl\/pl\/polityka-prywatnosci\/\",\"name\":\"Polityka prywatno\u015bci - Warsztaty Kultury\",\"isPartOf\":{\"@id\":\"https:\/\/warsztatykultury.pl\/pl\/#website\"},\"datePublished\":\"2020-02-25T10:13:00+00:00\",\"dateModified\":\"2024-12-09T10:31:11+00:00\",\"description\":\"Polityka prywatno\u015bci opisuje zasady przetwarzania przez nas informacji na Tw\u00f3j temat, w tym danych osobowych oraz plik\u00f3w cookies.\",\"breadcrumb\":{\"@id\":\"https:\/\/warsztatykultury.pl\/pl\/polityka-prywatnosci\/#breadcrumb\"},\"inLanguage\":\"pl-PL\",\"potentialAction\":[{\"@type\":\"ReadAction\",\"target\":[\"https:\/\/warsztatykultury.pl\/pl\/polityka-prywatnosci\/\"]}]},{\"@type\":\"BreadcrumbList\",\"@id\":\"https:\/\/warsztatykultury.pl\/pl\/polityka-prywatnosci\/#breadcrumb\",\"itemListElement\":[{\"@type\":\"ListItem\",\"position\":1,\"name\":\"Strona g\u0142\u00f3wna\",\"item\":\"https:\/\/warsztatykultury.pl\/pl\/\"},{\"@type\":\"ListItem\",\"position\":2,\"name\":\"Polityka prywatno\u015bci\"}]},{\"@type\":\"WebSite\",\"@id\":\"https:\/\/warsztatykultury.pl\/pl\/#website\",\"url\":\"https:\/\/warsztatykultury.pl\/pl\/\",\"name\":\"Warsztaty Kultury\",\"description\":\"\",\"publisher\":{\"@id\":\"https:\/\/warsztatykultury.pl\/pl\/#organization\"},\"potentialAction\":[{\"@type\":\"SearchAction\",\"target\":{\"@type\":\"EntryPoint\",\"urlTemplate\":\"https:\/\/warsztatykultury.pl\/pl\/?s={search_term_string}\"},\"query-input\":\"required name=search_term_string\"}],\"inLanguage\":\"pl-PL\"},{\"@type\":\"Organization\",\"@id\":\"https:\/\/warsztatykultury.pl\/pl\/#organization\",\"name\":\"Warsztaty Kultury w Lublinie\",\"url\":\"https:\/\/warsztatykultury.pl\/pl\/\",\"logo\":{\"@type\":\"ImageObject\",\"inLanguage\":\"pl-PL\",\"@id\":\"https:\/\/warsztatykultury.pl\/pl\/#\/schema\/logo\/image\/\",\"url\":\"https:\/\/warsztatykultury.pl\/wp-content\/uploads\/2020\/05\/LogoWKRetina-e1589382721171.png\",\"contentUrl\":\"https:\/\/warsztatykultury.pl\/wp-content\/uploads\/2020\/05\/LogoWKRetina-e1589382721171.png\",\"width\":700,\"height\":112,\"caption\":\"Warsztaty Kultury w Lublinie\"},\"image\":{\"@id\":\"https:\/\/warsztatykultury.pl\/pl\/#\/schema\/logo\/image\/\"},\"sameAs\":[\"https:\/\/www.facebook.com\/WarsztatyKultury\/\",\"https:\/\/www.instagram.com\/warsztatykultury\/?hl=pl\",\"https:\/\/www.youtube.com\/user\/WarsztatyKultury\",\"https:\/\/pl.wikipedia.org\/wiki\/Warsztaty_Kultury\"]}]}<\/script>\n<!-- \/ Yoast SEO plugin. -->","yoast_head_json":{"title":"Polityka prywatno\u015bci - Warsztaty Kultury","description":"Polityka prywatno\u015bci opisuje zasady przetwarzania przez nas informacji na Tw\u00f3j temat, w tym danych osobowych oraz plik\u00f3w cookies.","robots":{"index":"index","follow":"follow","max-snippet":"max-snippet:-1","max-image-preview":"max-image-preview:large","max-video-preview":"max-video-preview:-1"},"canonical":"https:\/\/warsztatykultury.pl\/pl\/polityka-prywatnosci\/","og_locale":"pl_PL","og_type":"article","og_title":"Polityka prywatno\u015bci - Warsztaty Kultury","og_description":"Polityka prywatno\u015bci opisuje zasady przetwarzania przez nas informacji na Tw\u00f3j temat, w tym danych osobowych oraz plik\u00f3w cookies.","og_url":"https:\/\/warsztatykultury.pl\/pl\/polityka-prywatnosci\/","og_site_name":"Warsztaty Kultury","article_publisher":"https:\/\/www.facebook.com\/WarsztatyKultury\/","article_modified_time":"2024-12-09T10:31:11+00:00","twitter_card":"summary_large_image","twitter_misc":{"Szacowany czas czytania":"7 minut"},"schema":{"@context":"https:\/\/schema.org","@graph":[{"@type":"WebPage","@id":"https:\/\/warsztatykultury.pl\/pl\/polityka-prywatnosci\/","url":"https:\/\/warsztatykultury.pl\/pl\/polityka-prywatnosci\/","name":"Polityka prywatno\u015bci - Warsztaty Kultury","isPartOf":{"@id":"https:\/\/warsztatykultury.pl\/pl\/#website"},"datePublished":"2020-02-25T10:13:00+00:00","dateModified":"2024-12-09T10:31:11+00:00","description":"Polityka prywatno\u015bci opisuje zasady przetwarzania przez nas informacji na Tw\u00f3j temat, w tym danych osobowych oraz plik\u00f3w cookies.","breadcrumb":{"@id":"https:\/\/warsztatykultury.pl\/pl\/polityka-prywatnosci\/#breadcrumb"},"inLanguage":"pl-PL","potentialAction":[{"@type":"ReadAction","target":["https:\/\/warsztatykultury.pl\/pl\/polityka-prywatnosci\/"]}]},{"@type":"BreadcrumbList","@id":"https:\/\/warsztatykultury.pl\/pl\/polityka-prywatnosci\/#breadcrumb","itemListElement":[{"@type":"ListItem","position":1,"name":"Strona g\u0142\u00f3wna","item":"https:\/\/warsztatykultury.pl\/pl\/"},{"@type":"ListItem","position":2,"name":"Polityka prywatno\u015bci"}]},{"@type":"WebSite","@id":"https:\/\/warsztatykultury.pl\/pl\/#website","url":"https:\/\/warsztatykultury.pl\/pl\/","name":"Warsztaty Kultury","description":"","publisher":{"@id":"https:\/\/warsztatykultury.pl\/pl\/#organization"},"potentialAction":[{"@type":"SearchAction","target":{"@type":"EntryPoint","urlTemplate":"https:\/\/warsztatykultury.pl\/pl\/?s={search_term_string}"},"query-input":"required name=search_term_string"}],"inLanguage":"pl-PL"},{"@type":"Organization","@id":"https:\/\/warsztatykultury.pl\/pl\/#organization","name":"Warsztaty Kultury w Lublinie","url":"https:\/\/warsztatykultury.pl\/pl\/","logo":{"@type":"ImageObject","inLanguage":"pl-PL","@id":"https:\/\/warsztatykultury.pl\/pl\/#\/schema\/logo\/image\/","url":"https:\/\/warsztatykultury.pl\/wp-content\/uploads\/2020\/05\/LogoWKRetina-e1589382721171.png","contentUrl":"https:\/\/warsztatykultury.pl\/wp-content\/uploads\/2020\/05\/LogoWKRetina-e1589382721171.png","width":700,"height":112,"caption":"Warsztaty Kultury w Lublinie"},"image":{"@id":"https:\/\/warsztatykultury.pl\/pl\/#\/schema\/logo\/image\/"},"sameAs":["https:\/\/www.facebook.com\/WarsztatyKultury\/","https:\/\/www.instagram.com\/warsztatykultury\/?hl=pl","https:\/\/www.youtube.com\/user\/WarsztatyKultury","https:\/\/pl.wikipedia.org\/wiki\/Warsztaty_Kultury"]}]}},"_links":{"self":[{"href":"https:\/\/warsztatykultury.pl\/pl\/wp-json\/wp\/v2\/pages\/3","targetHints":{"allow":["GET"]}}],"collection":[{"href":"https:\/\/warsztatykultury.pl\/pl\/wp-json\/wp\/v2\/pages"}],"about":[{"href":"https:\/\/warsztatykultury.pl\/pl\/wp-json\/wp\/v2\/types\/page"}],"author":[{"embeddable":true,"href":"https:\/\/warsztatykultury.pl\/pl\/wp-json\/wp\/v2\/users\/1"}],"replies":[{"embeddable":true,"href":"https:\/\/warsztatykultury.pl\/pl\/wp-json\/wp\/v2\/comments?post=3"}],"version-history":[{"count":0,"href":"https:\/\/warsztatykultury.pl\/pl\/wp-json\/wp\/v2\/pages\/3\/revisions"}],"wp:attachment":[{"href":"https:\/\/warsztatykultury.pl\/pl\/wp-json\/wp\/v2\/media?parent=3"}],"curies":[{"name":"wp","href":"https:\/\/api.w.org\/{rel}","templated":true}]}}