{"id":354,"date":"2020-02-26T17:03:27","date_gmt":"2020-02-26T16:03:27","guid":{"rendered":"https:\/\/warsztatykultury.pl\/?page_id=354"},"modified":"2024-01-02T12:59:28","modified_gmt":"2024-01-02T11:59:28","slug":"karolina-waszczuk","status":"publish","type":"page","link":"https:\/\/warsztatykultury.pl\/pl\/pracownia-ds-kultury-tradycyjnej\/karolina-waszczuk\/","title":{"rendered":"Karolina Waszczuk"},"content":{"rendered":"<p><div class=\"fusion-fullwidth fullwidth-box fusion-builder-row-1 nonhundred-percent-fullwidth non-hundred-percent-height-scrolling\" style=\"--awb-border-radius-top-left:0px;--awb-border-radius-top-right:0px;--awb-border-radius-bottom-right:0px;--awb-border-radius-bottom-left:0px;--awb-padding-left:7%;--awb-flex-wrap:wrap;\" ><div class=\"fusion-builder-row fusion-row\"><div class=\"fusion-layout-column fusion_builder_column fusion-builder-column-0 fusion_builder_column_1_2 1_2 fusion-one-half fusion-column-first\" style=\"--awb-padding-top:7%;--awb-padding-right:3%;--awb-bg-size:cover;width:50%;width:calc(50% - ( ( 4% ) * 0.5 ) );margin-right: 4%;\"><div class=\"fusion-column-wrapper fusion-column-has-shadow fusion-flex-column-wrapper-legacy\"><div class=\"fusion-text fusion-text-1\"><h1 style=\"line-height: 1; --fontsize: 31.68;\">Karolina Waszczuk<\/h1>\n<\/div><div class=\"fusion-text fusion-text-2\"><p><span style=\"font-size: 28px;\" data-fusion-font=\"true\"><b>Kierowniczka Pracowni ds. Kultury Tradycyjnej<br \/>\nDyrektorka Festiwalu Re:tradycja-Jarmark Jagiello\u0144ski<\/b><\/span><\/p>\n<\/div><div class=\"fusion-sep-clear\"><\/div><div class=\"fusion-separator fusion-full-width-sep\" style=\"margin-left: auto;margin-right: auto;margin-top:2.5%;margin-bottom:5%;width:100%;\"><div class=\"fusion-separator-border sep-single\" style=\"--awb-height:20px;--awb-amount:20px;border-color:var(--awb-color8);border-top-width:2px;\"><\/div><\/div><div class=\"fusion-sep-clear\"><\/div><div class=\"fusion-text fusion-text-3\"><p>Dyrektor programowa Festiwalu Re:tradycja-Jarmark Jagiello\u0144ski w Lublinie, w kt\u00f3rego realizacj\u0119 jest zaanga\u017cowana od jego pierwszej edycji w 2007 roku. Koordynuje i realizuje projekty Pracowni ds. Kultury Tradycyjnej. Absolwentka kulturoznawstwa UMCS.<\/p>\n<p><strong>Kontakt:<\/strong><br \/>\nk.waszczuk@warsztatykultury.pl<\/p>\n<\/div><div class=\"fusion-clearfix\"><\/div><\/div><\/div><div class=\"fusion-layout-column fusion_builder_column fusion-builder-column-1 fusion_builder_column_1_2 1_2 fusion-one-half fusion-column-last\" style=\"--awb-bg-size:cover;width:50%;width:calc(50% - ( ( 4% ) * 0.5 ) );\"><div class=\"fusion-column-wrapper fusion-column-has-shadow fusion-flex-column-wrapper-legacy\"><div class=\"fusion-image-element in-legacy-container\" style=\"--awb-caption-title-font-family:var(--h2_typography-font-family);--awb-caption-title-font-weight:var(--h2_typography-font-weight);--awb-caption-title-font-style:var(--h2_typography-font-style);--awb-caption-title-size:var(--h2_typography-font-size);--awb-caption-title-transform:var(--h2_typography-text-transform);--awb-caption-title-line-height:var(--h2_typography-line-height);--awb-caption-title-letter-spacing:var(--h2_typography-letter-spacing);\"><span class=\" fusion-imageframe imageframe-none imageframe-1 hover-type-none\"><img decoding=\"async\" width=\"640\" height=\"640\" alt=\"Karolina Waszczuk\" title=\"Karolina Waszczuk\" src=\"https:\/\/warsztatykultury.pl\/wp-content\/uploads\/2020\/02\/Karolina-Waszczuk-e1582725514379.jpg\" data-orig-src=\"https:\/\/warsztatykultury.pl\/wp-content\/uploads\/2020\/02\/Karolina-Waszczuk-e1582725514379.jpg\" class=\"lazyload img-responsive wp-image-187\" srcset=\"data:image\/svg+xml,%3Csvg%20xmlns%3D%27http%3A%2F%2Fwww.w3.org%2F2000%2Fsvg%27%20width%3D%27640%27%20height%3D%27640%27%20viewBox%3D%270%200%20640%20640%27%3E%3Crect%20width%3D%27640%27%20height%3D%27640%27%20fill-opacity%3D%220%22%2F%3E%3C%2Fsvg%3E\" data-srcset=\"https:\/\/warsztatykultury.pl\/wp-content\/uploads\/2020\/02\/Karolina-Waszczuk-e1582725514379-200x200.jpg 200w, https:\/\/warsztatykultury.pl\/wp-content\/uploads\/2020\/02\/Karolina-Waszczuk-e1582725514379-400x400.jpg 400w, https:\/\/warsztatykultury.pl\/wp-content\/uploads\/2020\/02\/Karolina-Waszczuk-e1582725514379-600x600.jpg 600w, https:\/\/warsztatykultury.pl\/wp-content\/uploads\/2020\/02\/Karolina-Waszczuk-e1582725514379.jpg 640w\" data-sizes=\"auto\" data-orig-sizes=\"(max-width: 800px) 100vw, 640px\" \/><\/span><\/div><div class=\"fusion-clearfix\"><\/div><\/div><\/div><\/div><\/div><div class=\"fusion-fullwidth fullwidth-box fusion-builder-row-2 nonhundred-percent-fullwidth non-hundred-percent-height-scrolling\" style=\"--awb-border-radius-top-left:0px;--awb-border-radius-top-right:0px;--awb-border-radius-bottom-right:0px;--awb-border-radius-bottom-left:0px;--awb-padding-right:7%;--awb-padding-left:7%;--awb-flex-wrap:wrap;\" ><div class=\"fusion-builder-row fusion-row\"><div class=\"fusion-layout-column fusion_builder_column fusion-builder-column-2 fusion_builder_column_1_1 1_1 fusion-one-full fusion-column-first fusion-column-last\" style=\"--awb-bg-size:cover;\"><div class=\"fusion-column-wrapper fusion-column-has-shadow fusion-flex-column-wrapper-legacy\"><div class=\"fusion-sep-clear\"><\/div><div class=\"fusion-separator fusion-full-width-sep\" style=\"margin-left: auto;margin-right: auto;margin-top:1.5%;width:100%;\"><div class=\"fusion-separator-border sep-single\" style=\"--awb-height:20px;--awb-amount:20px;border-color:var(--awb-color8);border-top-width:2px;\"><\/div><\/div><div class=\"fusion-sep-clear\"><\/div><div class=\"fusion-clearfix\"><\/div><\/div><\/div><\/div><\/div><\/p>\n","protected":false},"excerpt":{"rendered":"","protected":false},"author":2,"featured_media":187,"parent":450,"menu_order":0,"comment_status":"closed","ping_status":"closed","template":"","meta":{"_acf_changed":false,"ngg_post_thumbnail":0,"footnotes":""},"class_list":["post-354","page","type-page","status-publish","has-post-thumbnail","hentry"],"acf":[],"yoast_head":"<!-- This site is optimized with the Yoast SEO plugin v22.0 - https:\/\/yoast.com\/wordpress\/plugins\/seo\/ -->\n<title>Karolina Waszczuk<\/title>\n<meta name=\"description\" content=\"Dyrektor programowa Festiwalu Re:tradycja-Jarmark Jagiello\u0144ski w Lublinie, w kt\u00f3rego realizacj\u0119 jest zaanga\u017cowana od jego pierwszej edycji w 2007 roku.\" \/>\n<meta name=\"robots\" content=\"index, follow, max-snippet:-1, max-image-preview:large, max-video-preview:-1\" \/>\n<link rel=\"canonical\" href=\"https:\/\/warsztatykultury.pl\/pl\/pracownia-ds-kultury-tradycyjnej\/karolina-waszczuk\/\" \/>\n<meta property=\"og:locale\" content=\"pl_PL\" \/>\n<meta property=\"og:type\" content=\"article\" \/>\n<meta property=\"og:title\" content=\"Karolina Waszczuk\" \/>\n<meta property=\"og:description\" content=\"Dyrektor programowa Festiwalu Re:tradycja-Jarmark Jagiello\u0144ski w Lublinie, w kt\u00f3rego realizacj\u0119 jest zaanga\u017cowana od jego pierwszej edycji w 2007 roku.\" \/>\n<meta property=\"og:url\" content=\"https:\/\/warsztatykultury.pl\/pl\/pracownia-ds-kultury-tradycyjnej\/karolina-waszczuk\/\" \/>\n<meta property=\"og:site_name\" content=\"Warsztaty Kultury\" \/>\n<meta property=\"article:publisher\" content=\"https:\/\/www.facebook.com\/WarsztatyKultury\/\" \/>\n<meta property=\"article:modified_time\" content=\"2024-01-02T11:59:28+00:00\" \/>\n<meta property=\"og:image\" content=\"https:\/\/warsztatykultury.pl\/wp-content\/uploads\/2020\/02\/Karolina-Waszczuk-e1582725514379.jpg\" \/>\n\t<meta property=\"og:image:width\" content=\"640\" \/>\n\t<meta property=\"og:image:height\" content=\"640\" \/>\n\t<meta property=\"og:image:type\" content=\"image\/jpeg\" \/>\n<meta name=\"twitter:card\" content=\"summary_large_image\" \/>\n<meta name=\"twitter:label1\" content=\"Szacowany czas czytania\" \/>\n\t<meta name=\"twitter:data1\" content=\"2 minuty\" \/>\n<script type=\"application\/ld+json\" class=\"yoast-schema-graph\">{\"@context\":\"https:\/\/schema.org\",\"@graph\":[{\"@type\":\"WebPage\",\"@id\":\"https:\/\/warsztatykultury.pl\/pl\/pracownia-ds-kultury-tradycyjnej\/karolina-waszczuk\/\",\"url\":\"https:\/\/warsztatykultury.pl\/pl\/pracownia-ds-kultury-tradycyjnej\/karolina-waszczuk\/\",\"name\":\"Karolina Waszczuk\",\"isPartOf\":{\"@id\":\"https:\/\/warsztatykultury.pl\/pl\/#website\"},\"datePublished\":\"2020-02-26T16:03:27+00:00\",\"dateModified\":\"2024-01-02T11:59:28+00:00\",\"description\":\"Dyrektor programowa Festiwalu Re:tradycja-Jarmark Jagiello\u0144ski w Lublinie, w kt\u00f3rego realizacj\u0119 jest zaanga\u017cowana od jego pierwszej edycji w 2007 roku.\",\"breadcrumb\":{\"@id\":\"https:\/\/warsztatykultury.pl\/pl\/pracownia-ds-kultury-tradycyjnej\/karolina-waszczuk\/#breadcrumb\"},\"inLanguage\":\"pl-PL\",\"potentialAction\":[{\"@type\":\"ReadAction\",\"target\":[\"https:\/\/warsztatykultury.pl\/pl\/pracownia-ds-kultury-tradycyjnej\/karolina-waszczuk\/\"]}]},{\"@type\":\"BreadcrumbList\",\"@id\":\"https:\/\/warsztatykultury.pl\/pl\/pracownia-ds-kultury-tradycyjnej\/karolina-waszczuk\/#breadcrumb\",\"itemListElement\":[{\"@type\":\"ListItem\",\"position\":1,\"name\":\"Strona g\u0142\u00f3wna\",\"item\":\"https:\/\/warsztatykultury.pl\/pl\/\"},{\"@type\":\"ListItem\",\"position\":2,\"name\":\"Pracownia ds. Kultury Tradycyjnej\",\"item\":\"https:\/\/warsztatykultury.pl\/pl\/pracownia-ds-kultury-tradycyjnej\/\"},{\"@type\":\"ListItem\",\"position\":3,\"name\":\"Karolina Waszczuk\"}]},{\"@type\":\"WebSite\",\"@id\":\"https:\/\/warsztatykultury.pl\/pl\/#website\",\"url\":\"https:\/\/warsztatykultury.pl\/pl\/\",\"name\":\"Warsztaty Kultury\",\"description\":\"\",\"publisher\":{\"@id\":\"https:\/\/warsztatykultury.pl\/pl\/#organization\"},\"potentialAction\":[{\"@type\":\"SearchAction\",\"target\":{\"@type\":\"EntryPoint\",\"urlTemplate\":\"https:\/\/warsztatykultury.pl\/pl\/?s={search_term_string}\"},\"query-input\":\"required name=search_term_string\"}],\"inLanguage\":\"pl-PL\"},{\"@type\":\"Organization\",\"@id\":\"https:\/\/warsztatykultury.pl\/pl\/#organization\",\"name\":\"Warsztaty Kultury w Lublinie\",\"url\":\"https:\/\/warsztatykultury.pl\/pl\/\",\"logo\":{\"@type\":\"ImageObject\",\"inLanguage\":\"pl-PL\",\"@id\":\"https:\/\/warsztatykultury.pl\/pl\/#\/schema\/logo\/image\/\",\"url\":\"https:\/\/warsztatykultury.pl\/wp-content\/uploads\/2020\/05\/LogoWKRetina-e1589382721171.png\",\"contentUrl\":\"https:\/\/warsztatykultury.pl\/wp-content\/uploads\/2020\/05\/LogoWKRetina-e1589382721171.png\",\"width\":700,\"height\":112,\"caption\":\"Warsztaty Kultury w Lublinie\"},\"image\":{\"@id\":\"https:\/\/warsztatykultury.pl\/pl\/#\/schema\/logo\/image\/\"},\"sameAs\":[\"https:\/\/www.facebook.com\/WarsztatyKultury\/\",\"https:\/\/www.instagram.com\/warsztatykultury\/?hl=pl\",\"https:\/\/www.youtube.com\/user\/WarsztatyKultury\",\"https:\/\/pl.wikipedia.org\/wiki\/Warsztaty_Kultury\"]}]}<\/script>\n<!-- \/ Yoast SEO plugin. -->","yoast_head_json":{"title":"Karolina Waszczuk","description":"Dyrektor programowa Festiwalu Re:tradycja-Jarmark Jagiello\u0144ski w Lublinie, w kt\u00f3rego realizacj\u0119 jest zaanga\u017cowana od jego pierwszej edycji w 2007 roku.","robots":{"index":"index","follow":"follow","max-snippet":"max-snippet:-1","max-image-preview":"max-image-preview:large","max-video-preview":"max-video-preview:-1"},"canonical":"https:\/\/warsztatykultury.pl\/pl\/pracownia-ds-kultury-tradycyjnej\/karolina-waszczuk\/","og_locale":"pl_PL","og_type":"article","og_title":"Karolina Waszczuk","og_description":"Dyrektor programowa Festiwalu Re:tradycja-Jarmark Jagiello\u0144ski w Lublinie, w kt\u00f3rego realizacj\u0119 jest zaanga\u017cowana od jego pierwszej edycji w 2007 roku.","og_url":"https:\/\/warsztatykultury.pl\/pl\/pracownia-ds-kultury-tradycyjnej\/karolina-waszczuk\/","og_site_name":"Warsztaty Kultury","article_publisher":"https:\/\/www.facebook.com\/WarsztatyKultury\/","article_modified_time":"2024-01-02T11:59:28+00:00","og_image":[{"width":640,"height":640,"url":"https:\/\/warsztatykultury.pl\/wp-content\/uploads\/2020\/02\/Karolina-Waszczuk-e1582725514379.jpg","type":"image\/jpeg"}],"twitter_card":"summary_large_image","twitter_misc":{"Szacowany czas czytania":"2 minuty"},"schema":{"@context":"https:\/\/schema.org","@graph":[{"@type":"WebPage","@id":"https:\/\/warsztatykultury.pl\/pl\/pracownia-ds-kultury-tradycyjnej\/karolina-waszczuk\/","url":"https:\/\/warsztatykultury.pl\/pl\/pracownia-ds-kultury-tradycyjnej\/karolina-waszczuk\/","name":"Karolina Waszczuk","isPartOf":{"@id":"https:\/\/warsztatykultury.pl\/pl\/#website"},"datePublished":"2020-02-26T16:03:27+00:00","dateModified":"2024-01-02T11:59:28+00:00","description":"Dyrektor programowa Festiwalu Re:tradycja-Jarmark Jagiello\u0144ski w Lublinie, w kt\u00f3rego realizacj\u0119 jest zaanga\u017cowana od jego pierwszej edycji w 2007 roku.","breadcrumb":{"@id":"https:\/\/warsztatykultury.pl\/pl\/pracownia-ds-kultury-tradycyjnej\/karolina-waszczuk\/#breadcrumb"},"inLanguage":"pl-PL","potentialAction":[{"@type":"ReadAction","target":["https:\/\/warsztatykultury.pl\/pl\/pracownia-ds-kultury-tradycyjnej\/karolina-waszczuk\/"]}]},{"@type":"BreadcrumbList","@id":"https:\/\/warsztatykultury.pl\/pl\/pracownia-ds-kultury-tradycyjnej\/karolina-waszczuk\/#breadcrumb","itemListElement":[{"@type":"ListItem","position":1,"name":"Strona g\u0142\u00f3wna","item":"https:\/\/warsztatykultury.pl\/pl\/"},{"@type":"ListItem","position":2,"name":"Pracownia ds. Kultury Tradycyjnej","item":"https:\/\/warsztatykultury.pl\/pl\/pracownia-ds-kultury-tradycyjnej\/"},{"@type":"ListItem","position":3,"name":"Karolina Waszczuk"}]},{"@type":"WebSite","@id":"https:\/\/warsztatykultury.pl\/pl\/#website","url":"https:\/\/warsztatykultury.pl\/pl\/","name":"Warsztaty Kultury","description":"","publisher":{"@id":"https:\/\/warsztatykultury.pl\/pl\/#organization"},"potentialAction":[{"@type":"SearchAction","target":{"@type":"EntryPoint","urlTemplate":"https:\/\/warsztatykultury.pl\/pl\/?s={search_term_string}"},"query-input":"required name=search_term_string"}],"inLanguage":"pl-PL"},{"@type":"Organization","@id":"https:\/\/warsztatykultury.pl\/pl\/#organization","name":"Warsztaty Kultury w Lublinie","url":"https:\/\/warsztatykultury.pl\/pl\/","logo":{"@type":"ImageObject","inLanguage":"pl-PL","@id":"https:\/\/warsztatykultury.pl\/pl\/#\/schema\/logo\/image\/","url":"https:\/\/warsztatykultury.pl\/wp-content\/uploads\/2020\/05\/LogoWKRetina-e1589382721171.png","contentUrl":"https:\/\/warsztatykultury.pl\/wp-content\/uploads\/2020\/05\/LogoWKRetina-e1589382721171.png","width":700,"height":112,"caption":"Warsztaty Kultury w Lublinie"},"image":{"@id":"https:\/\/warsztatykultury.pl\/pl\/#\/schema\/logo\/image\/"},"sameAs":["https:\/\/www.facebook.com\/WarsztatyKultury\/","https:\/\/www.instagram.com\/warsztatykultury\/?hl=pl","https:\/\/www.youtube.com\/user\/WarsztatyKultury","https:\/\/pl.wikipedia.org\/wiki\/Warsztaty_Kultury"]}]}},"_links":{"self":[{"href":"https:\/\/warsztatykultury.pl\/pl\/wp-json\/wp\/v2\/pages\/354","targetHints":{"allow":["GET"]}}],"collection":[{"href":"https:\/\/warsztatykultury.pl\/pl\/wp-json\/wp\/v2\/pages"}],"about":[{"href":"https:\/\/warsztatykultury.pl\/pl\/wp-json\/wp\/v2\/types\/page"}],"author":[{"embeddable":true,"href":"https:\/\/warsztatykultury.pl\/pl\/wp-json\/wp\/v2\/users\/2"}],"replies":[{"embeddable":true,"href":"https:\/\/warsztatykultury.pl\/pl\/wp-json\/wp\/v2\/comments?post=354"}],"version-history":[{"count":0,"href":"https:\/\/warsztatykultury.pl\/pl\/wp-json\/wp\/v2\/pages\/354\/revisions"}],"up":[{"embeddable":true,"href":"https:\/\/warsztatykultury.pl\/pl\/wp-json\/wp\/v2\/pages\/450"}],"wp:featuredmedia":[{"embeddable":true,"href":"https:\/\/warsztatykultury.pl\/pl\/wp-json\/wp\/v2\/media\/187"}],"wp:attachment":[{"href":"https:\/\/warsztatykultury.pl\/pl\/wp-json\/wp\/v2\/media?parent=354"}],"curies":[{"name":"wp","href":"https:\/\/api.w.org\/{rel}","templated":true}]}}