{"id":376,"date":"2020-02-26T17:19:53","date_gmt":"2020-02-26T16:19:53","guid":{"rendered":"https:\/\/warsztatykultury.pl\/?page_id=376"},"modified":"2024-01-02T13:13:00","modified_gmt":"2024-01-02T12:13:00","slug":"magda-zaworska","status":"publish","type":"page","link":"https:\/\/warsztatykultury.pl\/pl\/pracownia-ds-kultury-tradycyjnej\/magda-zaworska\/","title":{"rendered":"Magda Zaworska"},"content":{"rendered":"<p><div class=\"fusion-fullwidth fullwidth-box fusion-builder-row-1 nonhundred-percent-fullwidth non-hundred-percent-height-scrolling\" style=\"--awb-border-radius-top-left:0px;--awb-border-radius-top-right:0px;--awb-border-radius-bottom-right:0px;--awb-border-radius-bottom-left:0px;--awb-padding-left:7%;--awb-flex-wrap:wrap;\" ><div class=\"fusion-builder-row fusion-row\"><div class=\"fusion-layout-column fusion_builder_column fusion-builder-column-0 fusion_builder_column_1_2 1_2 fusion-one-half fusion-column-first\" style=\"--awb-padding-top:7%;--awb-bg-size:cover;width:50%;width:calc(50% - ( ( 4% ) * 0.5 ) );margin-right: 4%;\"><div class=\"fusion-column-wrapper fusion-column-has-shadow fusion-flex-column-wrapper-legacy\"><div class=\"fusion-text fusion-text-1\"><h1 style=\"line-height: 0.46; --fontsize: 43.2;\">Magda Zaworska<\/h1>\n<\/div><div class=\"fusion-text fusion-text-2\"><h2><span style=\"font-size: 28px;\" data-fusion-font=\"true\"><b>Pracownia ds. Kultury Tradycyjnej<\/b><\/span><\/h2>\n<\/div><div class=\"fusion-sep-clear\"><\/div><div class=\"fusion-separator fusion-full-width-sep\" style=\"margin-left: auto;margin-right: auto;margin-top:2.5%;margin-bottom:5%;width:100%;\"><div class=\"fusion-separator-border sep-single\" style=\"--awb-height:20px;--awb-amount:20px;border-color:var(--awb-color8);border-top-width:2px;\"><\/div><\/div><div class=\"fusion-sep-clear\"><\/div><div class=\"fusion-text fusion-text-3\"><p>Plastyk, architekt krajobrazu. Stypendystka Ministra Kultury i Dziedzictwa Narodowego \u2013 publikacja \u201eZielone Kieszenie\u201d. Rezydentka Domu Kultury Inspiro w projekcie Strefa 52. Wsp\u00f3\u0142autorka Modu\u0142owej Dzia\u0142ki Przysz\u0142o\u015bci w ramach ART Boom Festiwal oraz kilku instalacji w ramach Nocy Kultury. Pracuje czynnie jako architekt krajobrazu oraz jako animator kultury. Wsp\u00f3\u0142koordynuje program \u201eDzielnice Kultury\u201d oraz \u201eLekcje Sztuki dla Ma\u0142ych i Du\u017cych\u201d.<\/p>\n<p><strong>Kontakt:<\/strong><br \/>\nm.zaworska@warsztatykultury.pl<\/p>\n<\/div><div class=\"fusion-clearfix\"><\/div><\/div><\/div><div class=\"fusion-layout-column fusion_builder_column fusion-builder-column-1 fusion_builder_column_1_2 1_2 fusion-one-half fusion-column-last\" style=\"--awb-bg-size:cover;width:50%;width:calc(50% - ( ( 4% ) * 0.5 ) );\"><div class=\"fusion-column-wrapper fusion-column-has-shadow fusion-flex-column-wrapper-legacy\"><div class=\"fusion-image-element in-legacy-container\" style=\"--awb-caption-title-font-family:var(--h2_typography-font-family);--awb-caption-title-font-weight:var(--h2_typography-font-weight);--awb-caption-title-font-style:var(--h2_typography-font-style);--awb-caption-title-size:var(--h2_typography-font-size);--awb-caption-title-transform:var(--h2_typography-text-transform);--awb-caption-title-line-height:var(--h2_typography-line-height);--awb-caption-title-letter-spacing:var(--h2_typography-letter-spacing);\"><span class=\" fusion-imageframe imageframe-none imageframe-1 hover-type-none\"><img decoding=\"async\" width=\"640\" height=\"640\" alt=\"Magda Zaworska\" title=\"Magda Zaworska\" src=\"https:\/\/warsztatykultury.pl\/wp-content\/uploads\/2020\/02\/Magda-Zaworska-e1582725200747.jpg\" data-orig-src=\"https:\/\/warsztatykultury.pl\/wp-content\/uploads\/2020\/02\/Magda-Zaworska-e1582725200747.jpg\" class=\"lazyload img-responsive wp-image-197\" srcset=\"data:image\/svg+xml,%3Csvg%20xmlns%3D%27http%3A%2F%2Fwww.w3.org%2F2000%2Fsvg%27%20width%3D%27640%27%20height%3D%27640%27%20viewBox%3D%270%200%20640%20640%27%3E%3Crect%20width%3D%27640%27%20height%3D%27640%27%20fill-opacity%3D%220%22%2F%3E%3C%2Fsvg%3E\" data-srcset=\"https:\/\/warsztatykultury.pl\/wp-content\/uploads\/2020\/02\/Magda-Zaworska-e1582725200747-200x200.jpg 200w, https:\/\/warsztatykultury.pl\/wp-content\/uploads\/2020\/02\/Magda-Zaworska-e1582725200747-400x400.jpg 400w, https:\/\/warsztatykultury.pl\/wp-content\/uploads\/2020\/02\/Magda-Zaworska-e1582725200747-600x600.jpg 600w, https:\/\/warsztatykultury.pl\/wp-content\/uploads\/2020\/02\/Magda-Zaworska-e1582725200747.jpg 640w\" data-sizes=\"auto\" data-orig-sizes=\"(max-width: 800px) 100vw, 640px\" \/><\/span><\/div><div class=\"fusion-clearfix\"><\/div><\/div><\/div><\/div><\/div><div class=\"fusion-fullwidth fullwidth-box fusion-builder-row-2 nonhundred-percent-fullwidth non-hundred-percent-height-scrolling\" style=\"--awb-border-radius-top-left:0px;--awb-border-radius-top-right:0px;--awb-border-radius-bottom-right:0px;--awb-border-radius-bottom-left:0px;--awb-padding-right:7%;--awb-padding-left:7%;--awb-flex-wrap:wrap;\" ><div class=\"fusion-builder-row fusion-row\"><div class=\"fusion-layout-column fusion_builder_column fusion-builder-column-2 fusion_builder_column_1_1 1_1 fusion-one-full fusion-column-first fusion-column-last\" style=\"--awb-bg-size:cover;\"><div class=\"fusion-column-wrapper fusion-column-has-shadow fusion-flex-column-wrapper-legacy\"><div class=\"fusion-sep-clear\"><\/div><div class=\"fusion-separator fusion-full-width-sep\" style=\"margin-left: auto;margin-right: auto;margin-top:1.5%;width:100%;\"><div class=\"fusion-separator-border sep-single\" style=\"--awb-height:20px;--awb-amount:20px;border-color:var(--awb-color8);border-top-width:2px;\"><\/div><\/div><div class=\"fusion-sep-clear\"><\/div><div class=\"fusion-clearfix\"><\/div><\/div><\/div><\/div><\/div><\/p>\n","protected":false},"excerpt":{"rendered":"","protected":false},"author":2,"featured_media":197,"parent":450,"menu_order":0,"comment_status":"closed","ping_status":"closed","template":"","meta":{"_acf_changed":false,"ngg_post_thumbnail":0,"footnotes":""},"class_list":["post-376","page","type-page","status-publish","has-post-thumbnail","hentry"],"acf":[],"yoast_head":"<!-- This site is optimized with the Yoast SEO plugin v22.0 - https:\/\/yoast.com\/wordpress\/plugins\/seo\/ -->\n<title>Magda Zaworska<\/title>\n<meta name=\"description\" content=\"Plastyk, architekt krajobrazu. Stypendystka Ministra Kultury i Dziedzictwa Narodowego \u2013 publikacja \u201eZielone Kieszenie\u201d.\" \/>\n<meta name=\"robots\" content=\"index, follow, max-snippet:-1, max-image-preview:large, max-video-preview:-1\" \/>\n<link rel=\"canonical\" href=\"https:\/\/warsztatykultury.pl\/pl\/pracownia-ds-kultury-tradycyjnej\/magda-zaworska\/\" \/>\n<meta property=\"og:locale\" content=\"pl_PL\" \/>\n<meta property=\"og:type\" content=\"article\" \/>\n<meta property=\"og:title\" content=\"Magda Zaworska\" \/>\n<meta property=\"og:description\" content=\"Plastyk, architekt krajobrazu. Stypendystka Ministra Kultury i Dziedzictwa Narodowego \u2013 publikacja \u201eZielone Kieszenie\u201d.\" \/>\n<meta property=\"og:url\" content=\"https:\/\/warsztatykultury.pl\/pl\/pracownia-ds-kultury-tradycyjnej\/magda-zaworska\/\" \/>\n<meta property=\"og:site_name\" content=\"Warsztaty Kultury\" \/>\n<meta property=\"article:publisher\" content=\"https:\/\/www.facebook.com\/WarsztatyKultury\/\" \/>\n<meta property=\"article:modified_time\" content=\"2024-01-02T12:13:00+00:00\" \/>\n<meta property=\"og:image\" content=\"https:\/\/warsztatykultury.pl\/wp-content\/uploads\/2020\/02\/Magda-Zaworska-e1582725200747.jpg\" \/>\n\t<meta property=\"og:image:width\" content=\"640\" \/>\n\t<meta property=\"og:image:height\" content=\"640\" \/>\n\t<meta property=\"og:image:type\" content=\"image\/jpeg\" \/>\n<meta name=\"twitter:card\" content=\"summary_large_image\" \/>\n<meta name=\"twitter:label1\" content=\"Szacowany czas czytania\" \/>\n\t<meta name=\"twitter:data1\" content=\"3 minuty\" \/>\n<script type=\"application\/ld+json\" class=\"yoast-schema-graph\">{\"@context\":\"https:\/\/schema.org\",\"@graph\":[{\"@type\":\"WebPage\",\"@id\":\"https:\/\/warsztatykultury.pl\/pl\/pracownia-ds-kultury-tradycyjnej\/magda-zaworska\/\",\"url\":\"https:\/\/warsztatykultury.pl\/pl\/pracownia-ds-kultury-tradycyjnej\/magda-zaworska\/\",\"name\":\"Magda Zaworska\",\"isPartOf\":{\"@id\":\"https:\/\/warsztatykultury.pl\/pl\/#website\"},\"datePublished\":\"2020-02-26T16:19:53+00:00\",\"dateModified\":\"2024-01-02T12:13:00+00:00\",\"description\":\"Plastyk, architekt krajobrazu. Stypendystka Ministra Kultury i Dziedzictwa Narodowego \u2013 publikacja \u201eZielone Kieszenie\u201d.\",\"breadcrumb\":{\"@id\":\"https:\/\/warsztatykultury.pl\/pl\/pracownia-ds-kultury-tradycyjnej\/magda-zaworska\/#breadcrumb\"},\"inLanguage\":\"pl-PL\",\"potentialAction\":[{\"@type\":\"ReadAction\",\"target\":[\"https:\/\/warsztatykultury.pl\/pl\/pracownia-ds-kultury-tradycyjnej\/magda-zaworska\/\"]}]},{\"@type\":\"BreadcrumbList\",\"@id\":\"https:\/\/warsztatykultury.pl\/pl\/pracownia-ds-kultury-tradycyjnej\/magda-zaworska\/#breadcrumb\",\"itemListElement\":[{\"@type\":\"ListItem\",\"position\":1,\"name\":\"Strona g\u0142\u00f3wna\",\"item\":\"https:\/\/warsztatykultury.pl\/pl\/\"},{\"@type\":\"ListItem\",\"position\":2,\"name\":\"Pracownia ds. Kultury Tradycyjnej\",\"item\":\"https:\/\/warsztatykultury.pl\/pl\/pracownia-ds-kultury-tradycyjnej\/\"},{\"@type\":\"ListItem\",\"position\":3,\"name\":\"Magda Zaworska\"}]},{\"@type\":\"WebSite\",\"@id\":\"https:\/\/warsztatykultury.pl\/pl\/#website\",\"url\":\"https:\/\/warsztatykultury.pl\/pl\/\",\"name\":\"Warsztaty Kultury\",\"description\":\"\",\"publisher\":{\"@id\":\"https:\/\/warsztatykultury.pl\/pl\/#organization\"},\"potentialAction\":[{\"@type\":\"SearchAction\",\"target\":{\"@type\":\"EntryPoint\",\"urlTemplate\":\"https:\/\/warsztatykultury.pl\/pl\/?s={search_term_string}\"},\"query-input\":\"required name=search_term_string\"}],\"inLanguage\":\"pl-PL\"},{\"@type\":\"Organization\",\"@id\":\"https:\/\/warsztatykultury.pl\/pl\/#organization\",\"name\":\"Warsztaty Kultury w Lublinie\",\"url\":\"https:\/\/warsztatykultury.pl\/pl\/\",\"logo\":{\"@type\":\"ImageObject\",\"inLanguage\":\"pl-PL\",\"@id\":\"https:\/\/warsztatykultury.pl\/pl\/#\/schema\/logo\/image\/\",\"url\":\"https:\/\/warsztatykultury.pl\/wp-content\/uploads\/2020\/05\/LogoWKRetina-e1589382721171.png\",\"contentUrl\":\"https:\/\/warsztatykultury.pl\/wp-content\/uploads\/2020\/05\/LogoWKRetina-e1589382721171.png\",\"width\":700,\"height\":112,\"caption\":\"Warsztaty Kultury w Lublinie\"},\"image\":{\"@id\":\"https:\/\/warsztatykultury.pl\/pl\/#\/schema\/logo\/image\/\"},\"sameAs\":[\"https:\/\/www.facebook.com\/WarsztatyKultury\/\",\"https:\/\/www.instagram.com\/warsztatykultury\/?hl=pl\",\"https:\/\/www.youtube.com\/user\/WarsztatyKultury\",\"https:\/\/pl.wikipedia.org\/wiki\/Warsztaty_Kultury\"]}]}<\/script>\n<!-- \/ Yoast SEO plugin. -->","yoast_head_json":{"title":"Magda Zaworska","description":"Plastyk, architekt krajobrazu. Stypendystka Ministra Kultury i Dziedzictwa Narodowego \u2013 publikacja \u201eZielone Kieszenie\u201d.","robots":{"index":"index","follow":"follow","max-snippet":"max-snippet:-1","max-image-preview":"max-image-preview:large","max-video-preview":"max-video-preview:-1"},"canonical":"https:\/\/warsztatykultury.pl\/pl\/pracownia-ds-kultury-tradycyjnej\/magda-zaworska\/","og_locale":"pl_PL","og_type":"article","og_title":"Magda Zaworska","og_description":"Plastyk, architekt krajobrazu. Stypendystka Ministra Kultury i Dziedzictwa Narodowego \u2013 publikacja \u201eZielone Kieszenie\u201d.","og_url":"https:\/\/warsztatykultury.pl\/pl\/pracownia-ds-kultury-tradycyjnej\/magda-zaworska\/","og_site_name":"Warsztaty Kultury","article_publisher":"https:\/\/www.facebook.com\/WarsztatyKultury\/","article_modified_time":"2024-01-02T12:13:00+00:00","og_image":[{"width":640,"height":640,"url":"https:\/\/warsztatykultury.pl\/wp-content\/uploads\/2020\/02\/Magda-Zaworska-e1582725200747.jpg","type":"image\/jpeg"}],"twitter_card":"summary_large_image","twitter_misc":{"Szacowany czas czytania":"3 minuty"},"schema":{"@context":"https:\/\/schema.org","@graph":[{"@type":"WebPage","@id":"https:\/\/warsztatykultury.pl\/pl\/pracownia-ds-kultury-tradycyjnej\/magda-zaworska\/","url":"https:\/\/warsztatykultury.pl\/pl\/pracownia-ds-kultury-tradycyjnej\/magda-zaworska\/","name":"Magda Zaworska","isPartOf":{"@id":"https:\/\/warsztatykultury.pl\/pl\/#website"},"datePublished":"2020-02-26T16:19:53+00:00","dateModified":"2024-01-02T12:13:00+00:00","description":"Plastyk, architekt krajobrazu. Stypendystka Ministra Kultury i Dziedzictwa Narodowego \u2013 publikacja \u201eZielone Kieszenie\u201d.","breadcrumb":{"@id":"https:\/\/warsztatykultury.pl\/pl\/pracownia-ds-kultury-tradycyjnej\/magda-zaworska\/#breadcrumb"},"inLanguage":"pl-PL","potentialAction":[{"@type":"ReadAction","target":["https:\/\/warsztatykultury.pl\/pl\/pracownia-ds-kultury-tradycyjnej\/magda-zaworska\/"]}]},{"@type":"BreadcrumbList","@id":"https:\/\/warsztatykultury.pl\/pl\/pracownia-ds-kultury-tradycyjnej\/magda-zaworska\/#breadcrumb","itemListElement":[{"@type":"ListItem","position":1,"name":"Strona g\u0142\u00f3wna","item":"https:\/\/warsztatykultury.pl\/pl\/"},{"@type":"ListItem","position":2,"name":"Pracownia ds. Kultury Tradycyjnej","item":"https:\/\/warsztatykultury.pl\/pl\/pracownia-ds-kultury-tradycyjnej\/"},{"@type":"ListItem","position":3,"name":"Magda Zaworska"}]},{"@type":"WebSite","@id":"https:\/\/warsztatykultury.pl\/pl\/#website","url":"https:\/\/warsztatykultury.pl\/pl\/","name":"Warsztaty Kultury","description":"","publisher":{"@id":"https:\/\/warsztatykultury.pl\/pl\/#organization"},"potentialAction":[{"@type":"SearchAction","target":{"@type":"EntryPoint","urlTemplate":"https:\/\/warsztatykultury.pl\/pl\/?s={search_term_string}"},"query-input":"required name=search_term_string"}],"inLanguage":"pl-PL"},{"@type":"Organization","@id":"https:\/\/warsztatykultury.pl\/pl\/#organization","name":"Warsztaty Kultury w Lublinie","url":"https:\/\/warsztatykultury.pl\/pl\/","logo":{"@type":"ImageObject","inLanguage":"pl-PL","@id":"https:\/\/warsztatykultury.pl\/pl\/#\/schema\/logo\/image\/","url":"https:\/\/warsztatykultury.pl\/wp-content\/uploads\/2020\/05\/LogoWKRetina-e1589382721171.png","contentUrl":"https:\/\/warsztatykultury.pl\/wp-content\/uploads\/2020\/05\/LogoWKRetina-e1589382721171.png","width":700,"height":112,"caption":"Warsztaty Kultury w Lublinie"},"image":{"@id":"https:\/\/warsztatykultury.pl\/pl\/#\/schema\/logo\/image\/"},"sameAs":["https:\/\/www.facebook.com\/WarsztatyKultury\/","https:\/\/www.instagram.com\/warsztatykultury\/?hl=pl","https:\/\/www.youtube.com\/user\/WarsztatyKultury","https:\/\/pl.wikipedia.org\/wiki\/Warsztaty_Kultury"]}]}},"_links":{"self":[{"href":"https:\/\/warsztatykultury.pl\/pl\/wp-json\/wp\/v2\/pages\/376","targetHints":{"allow":["GET"]}}],"collection":[{"href":"https:\/\/warsztatykultury.pl\/pl\/wp-json\/wp\/v2\/pages"}],"about":[{"href":"https:\/\/warsztatykultury.pl\/pl\/wp-json\/wp\/v2\/types\/page"}],"author":[{"embeddable":true,"href":"https:\/\/warsztatykultury.pl\/pl\/wp-json\/wp\/v2\/users\/2"}],"replies":[{"embeddable":true,"href":"https:\/\/warsztatykultury.pl\/pl\/wp-json\/wp\/v2\/comments?post=376"}],"version-history":[{"count":0,"href":"https:\/\/warsztatykultury.pl\/pl\/wp-json\/wp\/v2\/pages\/376\/revisions"}],"up":[{"embeddable":true,"href":"https:\/\/warsztatykultury.pl\/pl\/wp-json\/wp\/v2\/pages\/450"}],"wp:featuredmedia":[{"embeddable":true,"href":"https:\/\/warsztatykultury.pl\/pl\/wp-json\/wp\/v2\/media\/197"}],"wp:attachment":[{"href":"https:\/\/warsztatykultury.pl\/pl\/wp-json\/wp\/v2\/media?parent=376"}],"curies":[{"name":"wp","href":"https:\/\/api.w.org\/{rel}","templated":true}]}}