{"id":380,"date":"2020-02-26T17:22:38","date_gmt":"2020-02-26T16:22:38","guid":{"rendered":"https:\/\/warsztatykultury.pl\/?page_id=380"},"modified":"2025-12-03T14:06:22","modified_gmt":"2025-12-03T13:06:22","slug":"agnieszka-wojciechowska","status":"publish","type":"page","link":"https:\/\/warsztatykultury.pl\/pl\/pracownia-kultury-aktualnej\/agnieszka-wojciechowska\/","title":{"rendered":"Agnieszka Wojciechowska"},"content":{"rendered":"<p><div class=\"fusion-fullwidth fullwidth-box fusion-builder-row-1 nonhundred-percent-fullwidth non-hundred-percent-height-scrolling\" style=\"--awb-border-radius-top-left:0px;--awb-border-radius-top-right:0px;--awb-border-radius-bottom-right:0px;--awb-border-radius-bottom-left:0px;--awb-padding-right:7%;--awb-padding-left:7%;--awb-flex-wrap:wrap;\" ><div class=\"fusion-builder-row fusion-row\"><div class=\"fusion-layout-column fusion_builder_column fusion-builder-column-0 fusion_builder_column_1_2 1_2 fusion-one-half fusion-column-first\" style=\"--awb-padding-top:7%;--awb-bg-size:cover;width:50%;width:calc(50% - ( ( 4% ) * 0.5 ) );margin-right: 4%;\"><div class=\"fusion-column-wrapper fusion-column-has-shadow fusion-flex-column-wrapper-legacy\"><div class=\"fusion-text fusion-text-1\"><h1 style=\"line-height: 1; --fontsize: 43.2;\">Agnieszka Wojciechowska<\/h1>\n<\/div><div class=\"fusion-text fusion-text-2\"><p><span style=\"font-size: 28px;\" data-fusion-font=\"true\"><b>Kierowniczka Programowa<\/b><\/span><\/p>\n<p><span style=\"font-size: 28px;\" data-fusion-font=\"true\"><b>&nbsp;<br \/>Dyrektor programowa<br \/>festiwalu Wsch\u00f3d Kultury \u2013 Inne Brzmienia<\/b><\/span><\/p>\n<\/div><div class=\"fusion-sep-clear\"><\/div><div class=\"fusion-separator fusion-full-width-sep\" style=\"margin-left: auto;margin-right: auto;margin-top:2.5%;margin-bottom:5%;width:100%;\"><div class=\"fusion-separator-border sep-single\" style=\"--awb-height:20px;--awb-amount:20px;border-color:var(--awb-color8);border-top-width:2px;\"><\/div><\/div><div class=\"fusion-sep-clear\"><\/div><div class=\"fusion-text fusion-text-3\"><p>Z wykszta\u0142cenia animatorka i mened\u017cerka kultury (UMCS) oraz specjalistka od PR-u (UW). Produkcj\u0105 i promocj\u0105 wydarze\u0144 kulturalnych zawodowo zajmuje si\u0119 od 2004 roku. Prac\u0119 w Warsztatach Kultury zaczyna\u0142a jako kierowniczka Dzia\u0142u Komunikacji i Marketingu, kt\u00f3r\u0105 po 7 latach zamieni\u0142a na dzia\u0142alno\u015b\u0107 programow\u0105 i kuratorsk\u0105. Jest autork\u0105 programu edukacyjnego dla kadr kultury \u2013 Inkubator Animacji Kultury, pomys\u0142odawczyni\u0105 projektu \u201ePatterns of Europe | Wzory Europy\u201d \u2013 przybli\u017caj\u0105cego projektantom bogactwo wzornictwa kultury ludowej Lubelszczyzny, inicjatork\u0105 lubelskiego klubu filmowego dla dzieci \u2013 \u201eMagiczna Latarnia\u201d, wsp\u00f3\u0142tw\u00f3rczyni\u0105 projektu MediaLab Lublin Battle, cyklu pokaz\u00f3w filmowych pn. Miasto movie oraz serii koncertowej Strefa Innych Brzmie\u0144. Ponadto, prowadzi zaj\u0119cia dla student\u00f3w kierunku Animacja Kultury UMCS oraz bywa trenerk\u0105 w obszarze marketingu kultury i produkcji kulturalnej. Jest entuzjastk\u0105 i propagatork\u0105 koncepcji audience development oraz liderk\u0105 wielu proces\u00f3w zwi\u0105zanych z programem rozwoju widowni w Lublinie.<\/p>\n<p><strong>Kontakt:<\/strong><br \/>\na.wojciechowska@warsztatykultury.pl<br \/>\ninnebrzmienia@warsztatykultury.pl<\/p>\n<\/div><div class=\"fusion-clearfix\"><\/div><\/div><\/div><div class=\"fusion-layout-column fusion_builder_column fusion-builder-column-1 fusion_builder_column_1_2 1_2 fusion-one-half fusion-column-last\" style=\"--awb-bg-size:cover;width:50%;width:calc(50% - ( ( 4% ) * 0.5 ) );\"><div class=\"fusion-column-wrapper fusion-column-has-shadow fusion-flex-column-wrapper-legacy\"><div class=\"fusion-image-element in-legacy-container\" style=\"--awb-caption-title-font-family:var(--h2_typography-font-family);--awb-caption-title-font-weight:var(--h2_typography-font-weight);--awb-caption-title-font-style:var(--h2_typography-font-style);--awb-caption-title-size:var(--h2_typography-font-size);--awb-caption-title-transform:var(--h2_typography-text-transform);--awb-caption-title-line-height:var(--h2_typography-line-height);--awb-caption-title-letter-spacing:var(--h2_typography-letter-spacing);\"><span class=\" fusion-imageframe imageframe-none imageframe-1 hover-type-none\"><img decoding=\"async\" width=\"1365\" height=\"1365\" alt=\"Zdj\u0119cie pracownika Warsztat\u00f3w Kultury na czarnym tle.\" title=\"_DSC6617b\" src=\"https:\/\/warsztatykultury.pl\/wp-content\/uploads\/2023\/01\/DSC6617b-1.jpg\" data-orig-src=\"https:\/\/warsztatykultury.pl\/wp-content\/uploads\/2023\/01\/DSC6617b-1.jpg\" class=\"lazyload img-responsive wp-image-19468\" srcset=\"data:image\/svg+xml,%3Csvg%20xmlns%3D%27http%3A%2F%2Fwww.w3.org%2F2000%2Fsvg%27%20width%3D%271365%27%20height%3D%271365%27%20viewBox%3D%270%200%201365%201365%27%3E%3Crect%20width%3D%271365%27%20height%3D%271365%27%20fill-opacity%3D%220%22%2F%3E%3C%2Fsvg%3E\" data-srcset=\"https:\/\/warsztatykultury.pl\/wp-content\/uploads\/2023\/01\/DSC6617b-1-200x200.jpg 200w, https:\/\/warsztatykultury.pl\/wp-content\/uploads\/2023\/01\/DSC6617b-1-400x400.jpg 400w, https:\/\/warsztatykultury.pl\/wp-content\/uploads\/2023\/01\/DSC6617b-1-600x600.jpg 600w, https:\/\/warsztatykultury.pl\/wp-content\/uploads\/2023\/01\/DSC6617b-1-800x800.jpg 800w, https:\/\/warsztatykultury.pl\/wp-content\/uploads\/2023\/01\/DSC6617b-1-1200x1200.jpg 1200w, https:\/\/warsztatykultury.pl\/wp-content\/uploads\/2023\/01\/DSC6617b-1.jpg 1365w\" data-sizes=\"auto\" data-orig-sizes=\"(max-width: 800px) 100vw, 1200px\" \/><\/span><\/div><div class=\"fusion-clearfix\"><\/div><\/div><\/div><\/div><\/div><div class=\"fusion-fullwidth fullwidth-box fusion-builder-row-2 nonhundred-percent-fullwidth non-hundred-percent-height-scrolling\" style=\"--awb-border-radius-top-left:0px;--awb-border-radius-top-right:0px;--awb-border-radius-bottom-right:0px;--awb-border-radius-bottom-left:0px;--awb-padding-right:7%;--awb-padding-left:7%;--awb-flex-wrap:wrap;\" ><div class=\"fusion-builder-row fusion-row\"><div class=\"fusion-layout-column fusion_builder_column fusion-builder-column-2 fusion_builder_column_1_1 1_1 fusion-one-full fusion-column-first fusion-column-last\" style=\"--awb-bg-size:cover;\"><div class=\"fusion-column-wrapper fusion-column-has-shadow fusion-flex-column-wrapper-legacy\"><div class=\"fusion-sep-clear\"><\/div><div class=\"fusion-separator fusion-full-width-sep\" style=\"margin-left: auto;margin-right: auto;margin-top:1.5%;width:100%;\"><div class=\"fusion-separator-border sep-single\" style=\"--awb-height:20px;--awb-amount:20px;border-color:var(--awb-color8);border-top-width:2px;\"><\/div><\/div><div class=\"fusion-sep-clear\"><\/div><div class=\"fusion-clearfix\"><\/div><\/div><\/div><\/div><\/div><\/p>\n","protected":false},"excerpt":{"rendered":"","protected":false},"author":2,"featured_media":19468,"parent":462,"menu_order":0,"comment_status":"closed","ping_status":"closed","template":"","meta":{"_acf_changed":false,"ngg_post_thumbnail":0,"footnotes":""},"class_list":["post-380","page","type-page","status-publish","has-post-thumbnail","hentry"],"acf":[],"yoast_head":"<!-- This site is optimized with the Yoast SEO plugin v22.0 - https:\/\/yoast.com\/wordpress\/plugins\/seo\/ -->\n<title>Agnieszka Wojciechowska<\/title>\n<meta name=\"description\" content=\"Z wykszta\u0142cenia animatorka i mened\u017cerka kultury (UMCS) oraz specjalistka od PR-u (UW)\" \/>\n<meta name=\"robots\" content=\"index, follow, max-snippet:-1, max-image-preview:large, max-video-preview:-1\" \/>\n<link rel=\"canonical\" href=\"https:\/\/warsztatykultury.pl\/pl\/pracownia-kultury-aktualnej\/agnieszka-wojciechowska\/\" \/>\n<meta property=\"og:locale\" content=\"pl_PL\" \/>\n<meta property=\"og:type\" content=\"article\" \/>\n<meta property=\"og:title\" content=\"Agnieszka Wojciechowska\" \/>\n<meta property=\"og:description\" content=\"Z wykszta\u0142cenia animatorka i mened\u017cerka kultury (UMCS) oraz specjalistka od PR-u (UW)\" \/>\n<meta property=\"og:url\" content=\"https:\/\/warsztatykultury.pl\/pl\/pracownia-kultury-aktualnej\/agnieszka-wojciechowska\/\" \/>\n<meta property=\"og:site_name\" content=\"Warsztaty Kultury\" \/>\n<meta property=\"article:publisher\" content=\"https:\/\/www.facebook.com\/WarsztatyKultury\/\" \/>\n<meta property=\"article:modified_time\" content=\"2025-12-03T13:06:22+00:00\" \/>\n<meta property=\"og:image\" content=\"https:\/\/warsztatykultury.pl\/wp-content\/uploads\/2023\/01\/DSC6617b-1.jpg\" \/>\n\t<meta property=\"og:image:width\" content=\"1365\" \/>\n\t<meta property=\"og:image:height\" content=\"1365\" \/>\n\t<meta property=\"og:image:type\" content=\"image\/jpeg\" \/>\n<meta name=\"twitter:card\" content=\"summary_large_image\" \/>\n<meta name=\"twitter:label1\" content=\"Szacowany czas czytania\" \/>\n\t<meta name=\"twitter:data1\" content=\"4 minuty\" \/>\n<script type=\"application\/ld+json\" class=\"yoast-schema-graph\">{\"@context\":\"https:\/\/schema.org\",\"@graph\":[{\"@type\":\"WebPage\",\"@id\":\"https:\/\/warsztatykultury.pl\/pl\/pracownia-kultury-aktualnej\/agnieszka-wojciechowska\/\",\"url\":\"https:\/\/warsztatykultury.pl\/pl\/pracownia-kultury-aktualnej\/agnieszka-wojciechowska\/\",\"name\":\"Agnieszka Wojciechowska\",\"isPartOf\":{\"@id\":\"https:\/\/warsztatykultury.pl\/pl\/#website\"},\"datePublished\":\"2020-02-26T16:22:38+00:00\",\"dateModified\":\"2025-12-03T13:06:22+00:00\",\"description\":\"Z wykszta\u0142cenia animatorka i mened\u017cerka kultury (UMCS) oraz specjalistka od PR-u (UW)\",\"breadcrumb\":{\"@id\":\"https:\/\/warsztatykultury.pl\/pl\/pracownia-kultury-aktualnej\/agnieszka-wojciechowska\/#breadcrumb\"},\"inLanguage\":\"pl-PL\",\"potentialAction\":[{\"@type\":\"ReadAction\",\"target\":[\"https:\/\/warsztatykultury.pl\/pl\/pracownia-kultury-aktualnej\/agnieszka-wojciechowska\/\"]}]},{\"@type\":\"BreadcrumbList\",\"@id\":\"https:\/\/warsztatykultury.pl\/pl\/pracownia-kultury-aktualnej\/agnieszka-wojciechowska\/#breadcrumb\",\"itemListElement\":[{\"@type\":\"ListItem\",\"position\":1,\"name\":\"Strona g\u0142\u00f3wna\",\"item\":\"https:\/\/warsztatykultury.pl\/pl\/\"},{\"@type\":\"ListItem\",\"position\":2,\"name\":\"Pracownia Kultury Aktualnej\",\"item\":\"https:\/\/warsztatykultury.pl\/pl\/pracownia-kultury-aktualnej\/\"},{\"@type\":\"ListItem\",\"position\":3,\"name\":\"Agnieszka Wojciechowska\"}]},{\"@type\":\"WebSite\",\"@id\":\"https:\/\/warsztatykultury.pl\/pl\/#website\",\"url\":\"https:\/\/warsztatykultury.pl\/pl\/\",\"name\":\"Warsztaty Kultury\",\"description\":\"\",\"publisher\":{\"@id\":\"https:\/\/warsztatykultury.pl\/pl\/#organization\"},\"potentialAction\":[{\"@type\":\"SearchAction\",\"target\":{\"@type\":\"EntryPoint\",\"urlTemplate\":\"https:\/\/warsztatykultury.pl\/pl\/?s={search_term_string}\"},\"query-input\":\"required name=search_term_string\"}],\"inLanguage\":\"pl-PL\"},{\"@type\":\"Organization\",\"@id\":\"https:\/\/warsztatykultury.pl\/pl\/#organization\",\"name\":\"Warsztaty Kultury w Lublinie\",\"url\":\"https:\/\/warsztatykultury.pl\/pl\/\",\"logo\":{\"@type\":\"ImageObject\",\"inLanguage\":\"pl-PL\",\"@id\":\"https:\/\/warsztatykultury.pl\/pl\/#\/schema\/logo\/image\/\",\"url\":\"https:\/\/warsztatykultury.pl\/wp-content\/uploads\/2020\/05\/LogoWKRetina-e1589382721171.png\",\"contentUrl\":\"https:\/\/warsztatykultury.pl\/wp-content\/uploads\/2020\/05\/LogoWKRetina-e1589382721171.png\",\"width\":700,\"height\":112,\"caption\":\"Warsztaty Kultury w Lublinie\"},\"image\":{\"@id\":\"https:\/\/warsztatykultury.pl\/pl\/#\/schema\/logo\/image\/\"},\"sameAs\":[\"https:\/\/www.facebook.com\/WarsztatyKultury\/\",\"https:\/\/www.instagram.com\/warsztatykultury\/?hl=pl\",\"https:\/\/www.youtube.com\/user\/WarsztatyKultury\",\"https:\/\/pl.wikipedia.org\/wiki\/Warsztaty_Kultury\"]}]}<\/script>\n<!-- \/ Yoast SEO plugin. -->","yoast_head_json":{"title":"Agnieszka Wojciechowska","description":"Z wykszta\u0142cenia animatorka i mened\u017cerka kultury (UMCS) oraz specjalistka od PR-u (UW)","robots":{"index":"index","follow":"follow","max-snippet":"max-snippet:-1","max-image-preview":"max-image-preview:large","max-video-preview":"max-video-preview:-1"},"canonical":"https:\/\/warsztatykultury.pl\/pl\/pracownia-kultury-aktualnej\/agnieszka-wojciechowska\/","og_locale":"pl_PL","og_type":"article","og_title":"Agnieszka Wojciechowska","og_description":"Z wykszta\u0142cenia animatorka i mened\u017cerka kultury (UMCS) oraz specjalistka od PR-u (UW)","og_url":"https:\/\/warsztatykultury.pl\/pl\/pracownia-kultury-aktualnej\/agnieszka-wojciechowska\/","og_site_name":"Warsztaty Kultury","article_publisher":"https:\/\/www.facebook.com\/WarsztatyKultury\/","article_modified_time":"2025-12-03T13:06:22+00:00","og_image":[{"width":1365,"height":1365,"url":"https:\/\/warsztatykultury.pl\/wp-content\/uploads\/2023\/01\/DSC6617b-1.jpg","type":"image\/jpeg"}],"twitter_card":"summary_large_image","twitter_misc":{"Szacowany czas czytania":"4 minuty"},"schema":{"@context":"https:\/\/schema.org","@graph":[{"@type":"WebPage","@id":"https:\/\/warsztatykultury.pl\/pl\/pracownia-kultury-aktualnej\/agnieszka-wojciechowska\/","url":"https:\/\/warsztatykultury.pl\/pl\/pracownia-kultury-aktualnej\/agnieszka-wojciechowska\/","name":"Agnieszka Wojciechowska","isPartOf":{"@id":"https:\/\/warsztatykultury.pl\/pl\/#website"},"datePublished":"2020-02-26T16:22:38+00:00","dateModified":"2025-12-03T13:06:22+00:00","description":"Z wykszta\u0142cenia animatorka i mened\u017cerka kultury (UMCS) oraz specjalistka od PR-u (UW)","breadcrumb":{"@id":"https:\/\/warsztatykultury.pl\/pl\/pracownia-kultury-aktualnej\/agnieszka-wojciechowska\/#breadcrumb"},"inLanguage":"pl-PL","potentialAction":[{"@type":"ReadAction","target":["https:\/\/warsztatykultury.pl\/pl\/pracownia-kultury-aktualnej\/agnieszka-wojciechowska\/"]}]},{"@type":"BreadcrumbList","@id":"https:\/\/warsztatykultury.pl\/pl\/pracownia-kultury-aktualnej\/agnieszka-wojciechowska\/#breadcrumb","itemListElement":[{"@type":"ListItem","position":1,"name":"Strona g\u0142\u00f3wna","item":"https:\/\/warsztatykultury.pl\/pl\/"},{"@type":"ListItem","position":2,"name":"Pracownia Kultury Aktualnej","item":"https:\/\/warsztatykultury.pl\/pl\/pracownia-kultury-aktualnej\/"},{"@type":"ListItem","position":3,"name":"Agnieszka Wojciechowska"}]},{"@type":"WebSite","@id":"https:\/\/warsztatykultury.pl\/pl\/#website","url":"https:\/\/warsztatykultury.pl\/pl\/","name":"Warsztaty Kultury","description":"","publisher":{"@id":"https:\/\/warsztatykultury.pl\/pl\/#organization"},"potentialAction":[{"@type":"SearchAction","target":{"@type":"EntryPoint","urlTemplate":"https:\/\/warsztatykultury.pl\/pl\/?s={search_term_string}"},"query-input":"required name=search_term_string"}],"inLanguage":"pl-PL"},{"@type":"Organization","@id":"https:\/\/warsztatykultury.pl\/pl\/#organization","name":"Warsztaty Kultury w Lublinie","url":"https:\/\/warsztatykultury.pl\/pl\/","logo":{"@type":"ImageObject","inLanguage":"pl-PL","@id":"https:\/\/warsztatykultury.pl\/pl\/#\/schema\/logo\/image\/","url":"https:\/\/warsztatykultury.pl\/wp-content\/uploads\/2020\/05\/LogoWKRetina-e1589382721171.png","contentUrl":"https:\/\/warsztatykultury.pl\/wp-content\/uploads\/2020\/05\/LogoWKRetina-e1589382721171.png","width":700,"height":112,"caption":"Warsztaty Kultury w Lublinie"},"image":{"@id":"https:\/\/warsztatykultury.pl\/pl\/#\/schema\/logo\/image\/"},"sameAs":["https:\/\/www.facebook.com\/WarsztatyKultury\/","https:\/\/www.instagram.com\/warsztatykultury\/?hl=pl","https:\/\/www.youtube.com\/user\/WarsztatyKultury","https:\/\/pl.wikipedia.org\/wiki\/Warsztaty_Kultury"]}]}},"_links":{"self":[{"href":"https:\/\/warsztatykultury.pl\/pl\/wp-json\/wp\/v2\/pages\/380","targetHints":{"allow":["GET"]}}],"collection":[{"href":"https:\/\/warsztatykultury.pl\/pl\/wp-json\/wp\/v2\/pages"}],"about":[{"href":"https:\/\/warsztatykultury.pl\/pl\/wp-json\/wp\/v2\/types\/page"}],"author":[{"embeddable":true,"href":"https:\/\/warsztatykultury.pl\/pl\/wp-json\/wp\/v2\/users\/2"}],"replies":[{"embeddable":true,"href":"https:\/\/warsztatykultury.pl\/pl\/wp-json\/wp\/v2\/comments?post=380"}],"version-history":[{"count":0,"href":"https:\/\/warsztatykultury.pl\/pl\/wp-json\/wp\/v2\/pages\/380\/revisions"}],"up":[{"embeddable":true,"href":"https:\/\/warsztatykultury.pl\/pl\/wp-json\/wp\/v2\/pages\/462"}],"wp:featuredmedia":[{"embeddable":true,"href":"https:\/\/warsztatykultury.pl\/pl\/wp-json\/wp\/v2\/media\/19468"}],"wp:attachment":[{"href":"https:\/\/warsztatykultury.pl\/pl\/wp-json\/wp\/v2\/media?parent=380"}],"curies":[{"name":"wp","href":"https:\/\/api.w.org\/{rel}","templated":true}]}}