{"id":389,"date":"2020-02-26T17:29:19","date_gmt":"2020-02-26T16:29:19","guid":{"rendered":"https:\/\/warsztatykultury.pl\/?page_id=389"},"modified":"2024-12-02T14:42:45","modified_gmt":"2024-12-02T13:42:45","slug":"roman-krawczenko","status":"publish","type":"page","link":"https:\/\/warsztatykultury.pl\/pl\/pracownia-kultury-aktualnej\/roman-krawczenko\/","title":{"rendered":"Roman Krawczenko"},"content":{"rendered":"<p><div class=\"fusion-fullwidth fullwidth-box fusion-builder-row-1 nonhundred-percent-fullwidth non-hundred-percent-height-scrolling\" style=\"--awb-border-radius-top-left:0px;--awb-border-radius-top-right:0px;--awb-border-radius-bottom-right:0px;--awb-border-radius-bottom-left:0px;--awb-padding-right:0%;--awb-padding-left:7%;--awb-flex-wrap:wrap;\" ><div class=\"fusion-builder-row fusion-row\"><div class=\"fusion-layout-column fusion_builder_column fusion-builder-column-0 fusion_builder_column_1_2 1_2 fusion-one-half fusion-column-first\" style=\"--awb-padding-top:7%;--awb-bg-size:cover;width:50%;width:calc(50% - ( ( 4% ) * 0.5 ) );margin-right: 4%;\"><div class=\"fusion-column-wrapper fusion-column-has-shadow fusion-flex-column-wrapper-legacy\"><div class=\"fusion-text fusion-text-1\"><h1 style=\"line-height: 1; --fontsize: 31.68;\">Roman Krawczenko<\/h1>\n<\/div><div class=\"fusion-text fusion-text-2\"><p><span style=\"font-size: 28px;\" data-fusion-font=\"true\"><b>Pracownia Kultury Aktualnej<br \/>\nWarsztat Fotograficzny Warsztat\u00f3w Kultury&nbsp;<\/b><\/span><\/p>\n<\/div><div class=\"fusion-sep-clear\"><\/div><div class=\"fusion-separator fusion-full-width-sep\" style=\"margin-left: auto;margin-right: auto;margin-top:2.5%;margin-bottom:5%;width:100%;\"><div class=\"fusion-separator-border sep-single\" style=\"--awb-height:20px;--awb-amount:20px;border-color:var(--awb-color8);border-top-width:2px;\"><\/div><\/div><div class=\"fusion-sep-clear\"><\/div><div class=\"fusion-text fusion-text-3\" style=\"--awb-text-transform:none;\"><p>Fotografik, historyk, instruktor. Od 2015 roku opiekuje si\u0119 Warsztatem Fotograficznym Warsztat\u00f3w Kultury \u2013 miejscem po\u015bwi\u0119conym szlachetnym technikom fotografii, znajduj\u0105cym si\u0119 w jednym z najpi\u0119kniejszych zak\u0105tk\u00f3w \u015ar\u00f3dmie\u015bcia Lublina \u2013 zau\u0142ku nosz\u0105cym nazwisko Hartwig\u00f3w. Tworz\u0105c w Polsce, Roman Krawczenko wypracowa\u0142 w\u0142asn\u0105 metod\u0119 fotografowania, b\u0119d\u0105c\u0105 wynikiem jego trzyletnich eksperyment\u00f3w (2015\u20132018) z czterema historycznymi technikami fotograficznymi \u2013 procesem kolodionowym, ambrotypi\u0105, verre \u00e9glomis\u00e9 (szk\u0142o eglomizowane) oraz orotone. Ta powsta\u0142a w Lublinie wersja techniki fotografii mieszanej zosta\u0142a okre\u015blona przez jej autora mianem Lublintone. W maju 2016 r. po raz pierwszy odby\u0142a si\u0119 wystawa prac wykonanych t\u0105 technik\u0105 na festiwalu fotografii analogowej w Barcelonie (Hiszpania). Roman Krawczenko ch\u0119tnie przekazuje swoj\u0105 wiedz\u0119 i umiej\u0119tno\u015bci m\u0142odym polskim fotografikom. Dlatego bez przesady mo\u017cna powiedzie\u0107, \u017ce dzi\u0119ki niemu tworzy si\u0119 w Polsce nowa szko\u0142a fotografii. Nale\u017cy doda\u0107, \u017ce artysta, b\u0119d\u0105c mieszka\u0144cem Krymu, by\u0142 te\u017c nieformalnym ambasadorem kultury polskiej \u2013 zaaran\u017cowa\u0142 w Bakczysaraju ekspozycj\u0119 po\u015bwi\u0119con\u0105 Adamowi Mickiewiczowi i jego Sonetom Krymskim oraz organizowa\u0142 liczne plenery dla polskich fotografik\u00f3w. Fotografie Romana Krawczenki zosta\u0142y opublikowane w The Wet Plate Collodion Day Book (2009). Ksi\u0105\u017cka przedstawia prace 51 fotografik\u00f3w z 13 kraj\u00f3w i 3 kontynent\u00f3w.<\/p>\n<p><strong>Kontakt:<\/strong><br \/>\n<a href=\"mailto:r.krawczenko@warsztatykury.pl\">r.krawczenko@warsztatykultury.pl<\/a><\/p>\n<p>&nbsp;<\/p>\n<p>Zdj\u0119cia Romana Krawczenki wzbudzaj\u0105 zachwyt za granic\u0105 i poruszaj\u0105 emocje.<\/p>\n<p>Sonja Horoshko (multidyscyplinarna artystka wizualna, niezale\u017cna dziennikarka i pedago\u017cka. Za\u0142o\u017cycielka Art Juice Studio w Cortez, Colorado) pisze o jednej z fotografii:<\/p>\n<blockquote>\n<p>\u201eBudynek sprawia wra\u017cenie na\u0142adowanego energi\u0105, a jednocze\u015bnie zr\u00f3wnowa\u017conego [\u2026]. Tworzy to efekt tr\u00f3jwymiarowo\u015bci. Walory i faktura zdj\u0119cia s\u0105 sp\u00f3jne i dodaj\u0105 pi\u0119kna ca\u0142ej kompozycji&#8221;.<\/p>\n<\/blockquote>\n<p>&nbsp;<\/p>\n<\/div><div class=\"fusion-clearfix\"><\/div><\/div><\/div><div class=\"fusion-layout-column fusion_builder_column fusion-builder-column-1 fusion_builder_column_1_2 1_2 fusion-one-half fusion-column-last\" style=\"--awb-bg-size:cover;width:50%;width:calc(50% - ( ( 4% ) * 0.5 ) );\"><div class=\"fusion-column-wrapper fusion-column-has-shadow fusion-flex-column-wrapper-legacy\"><div class=\"fusion-image-element in-legacy-container\" style=\"--awb-caption-title-font-family:var(--h2_typography-font-family);--awb-caption-title-font-weight:var(--h2_typography-font-weight);--awb-caption-title-font-style:var(--h2_typography-font-style);--awb-caption-title-size:var(--h2_typography-font-size);--awb-caption-title-transform:var(--h2_typography-text-transform);--awb-caption-title-line-height:var(--h2_typography-line-height);--awb-caption-title-letter-spacing:var(--h2_typography-letter-spacing);\"><span class=\" fusion-imageframe imageframe-none imageframe-1 hover-type-none\"><img decoding=\"async\" width=\"640\" height=\"640\" alt=\"Roman Krawczenko\" title=\"Roman Krawczenko\" src=\"https:\/\/warsztatykultury.pl\/wp-content\/uploads\/2020\/02\/Roman-Krawczenko-e1582724820974.jpg\" data-orig-src=\"https:\/\/warsztatykultury.pl\/wp-content\/uploads\/2020\/02\/Roman-Krawczenko-e1582724820974.jpg\" class=\"lazyload img-responsive wp-image-223\" srcset=\"data:image\/svg+xml,%3Csvg%20xmlns%3D%27http%3A%2F%2Fwww.w3.org%2F2000%2Fsvg%27%20width%3D%27640%27%20height%3D%27640%27%20viewBox%3D%270%200%20640%20640%27%3E%3Crect%20width%3D%27640%27%20height%3D%27640%27%20fill-opacity%3D%220%22%2F%3E%3C%2Fsvg%3E\" data-srcset=\"https:\/\/warsztatykultury.pl\/wp-content\/uploads\/2020\/02\/Roman-Krawczenko-e1582724820974-200x200.jpg 200w, https:\/\/warsztatykultury.pl\/wp-content\/uploads\/2020\/02\/Roman-Krawczenko-e1582724820974-400x400.jpg 400w, https:\/\/warsztatykultury.pl\/wp-content\/uploads\/2020\/02\/Roman-Krawczenko-e1582724820974-600x600.jpg 600w, https:\/\/warsztatykultury.pl\/wp-content\/uploads\/2020\/02\/Roman-Krawczenko-e1582724820974.jpg 640w\" data-sizes=\"auto\" data-orig-sizes=\"(max-width: 800px) 100vw, 640px\" \/><\/span><\/div><div class=\"fusion-clearfix\"><\/div><\/div><\/div><\/div><\/div><div class=\"fusion-fullwidth fullwidth-box fusion-builder-row-2 nonhundred-percent-fullwidth non-hundred-percent-height-scrolling\" style=\"--awb-border-radius-top-left:0px;--awb-border-radius-top-right:0px;--awb-border-radius-bottom-right:0px;--awb-border-radius-bottom-left:0px;--awb-padding-right:7%;--awb-padding-left:7%;--awb-flex-wrap:wrap;\" ><div class=\"fusion-builder-row fusion-row\"><div class=\"fusion-layout-column fusion_builder_column fusion-builder-column-2 fusion_builder_column_1_1 1_1 fusion-one-full fusion-column-first fusion-column-last\" style=\"--awb-bg-size:cover;\"><div class=\"fusion-column-wrapper fusion-column-has-shadow fusion-flex-column-wrapper-legacy\"><div class=\"fusion-sep-clear\"><\/div><div class=\"fusion-separator fusion-full-width-sep\" style=\"margin-left: auto;margin-right: auto;margin-top:1.5%;width:100%;\"><div class=\"fusion-separator-border sep-single\" style=\"--awb-height:20px;--awb-amount:20px;border-color:var(--awb-color8);border-top-width:2px;\"><\/div><\/div><div class=\"fusion-sep-clear\"><\/div><div class=\"fusion-clearfix\"><\/div><\/div><\/div><\/div><\/div><\/p>\n","protected":false},"excerpt":{"rendered":"","protected":false},"author":2,"featured_media":223,"parent":462,"menu_order":0,"comment_status":"closed","ping_status":"closed","template":"","meta":{"_acf_changed":false,"ngg_post_thumbnail":0,"footnotes":""},"class_list":["post-389","page","type-page","status-publish","has-post-thumbnail","hentry"],"acf":[],"yoast_head":"<!-- This site is optimized with the Yoast SEO plugin v22.0 - https:\/\/yoast.com\/wordpress\/plugins\/seo\/ -->\n<title>Roman Krawczenko<\/title>\n<meta name=\"description\" content=\"Od 2015 roku opiekuje si\u0119 Warsztatem Fotograficznym Warsztat\u00f3w Kultury \u2013 miejscem po\u015bwi\u0119conym szlachetnym technikom fotografii.\" \/>\n<meta name=\"robots\" content=\"index, follow, max-snippet:-1, max-image-preview:large, max-video-preview:-1\" \/>\n<link rel=\"canonical\" href=\"https:\/\/warsztatykultury.pl\/pl\/pracownia-kultury-aktualnej\/roman-krawczenko\/\" \/>\n<meta property=\"og:locale\" content=\"pl_PL\" \/>\n<meta property=\"og:type\" content=\"article\" \/>\n<meta property=\"og:title\" content=\"Roman Krawczenko\" \/>\n<meta property=\"og:description\" content=\"Od 2015 roku opiekuje si\u0119 Warsztatem Fotograficznym Warsztat\u00f3w Kultury \u2013 miejscem po\u015bwi\u0119conym szlachetnym technikom fotografii.\" \/>\n<meta property=\"og:url\" content=\"https:\/\/warsztatykultury.pl\/pl\/pracownia-kultury-aktualnej\/roman-krawczenko\/\" \/>\n<meta property=\"og:site_name\" content=\"Warsztaty Kultury\" \/>\n<meta property=\"article:publisher\" content=\"https:\/\/www.facebook.com\/WarsztatyKultury\/\" \/>\n<meta property=\"article:modified_time\" content=\"2024-12-02T13:42:45+00:00\" \/>\n<meta property=\"og:image\" content=\"https:\/\/warsztatykultury.pl\/wp-content\/uploads\/2020\/02\/Roman-Krawczenko-e1582724820974.jpg\" \/>\n\t<meta property=\"og:image:width\" content=\"640\" \/>\n\t<meta property=\"og:image:height\" content=\"640\" \/>\n\t<meta property=\"og:image:type\" content=\"image\/jpeg\" \/>\n<meta name=\"twitter:card\" content=\"summary_large_image\" \/>\n<meta name=\"twitter:label1\" content=\"Szacowany czas czytania\" \/>\n\t<meta name=\"twitter:data1\" content=\"2 minuty\" \/>\n<script type=\"application\/ld+json\" class=\"yoast-schema-graph\">{\"@context\":\"https:\/\/schema.org\",\"@graph\":[{\"@type\":\"WebPage\",\"@id\":\"https:\/\/warsztatykultury.pl\/pl\/pracownia-kultury-aktualnej\/roman-krawczenko\/\",\"url\":\"https:\/\/warsztatykultury.pl\/pl\/pracownia-kultury-aktualnej\/roman-krawczenko\/\",\"name\":\"Roman Krawczenko\",\"isPartOf\":{\"@id\":\"https:\/\/warsztatykultury.pl\/pl\/#website\"},\"datePublished\":\"2020-02-26T16:29:19+00:00\",\"dateModified\":\"2024-12-02T13:42:45+00:00\",\"description\":\"Od 2015 roku opiekuje si\u0119 Warsztatem Fotograficznym Warsztat\u00f3w Kultury \u2013 miejscem po\u015bwi\u0119conym szlachetnym technikom fotografii.\",\"breadcrumb\":{\"@id\":\"https:\/\/warsztatykultury.pl\/pl\/pracownia-kultury-aktualnej\/roman-krawczenko\/#breadcrumb\"},\"inLanguage\":\"pl-PL\",\"potentialAction\":[{\"@type\":\"ReadAction\",\"target\":[\"https:\/\/warsztatykultury.pl\/pl\/pracownia-kultury-aktualnej\/roman-krawczenko\/\"]}]},{\"@type\":\"BreadcrumbList\",\"@id\":\"https:\/\/warsztatykultury.pl\/pl\/pracownia-kultury-aktualnej\/roman-krawczenko\/#breadcrumb\",\"itemListElement\":[{\"@type\":\"ListItem\",\"position\":1,\"name\":\"Strona g\u0142\u00f3wna\",\"item\":\"https:\/\/warsztatykultury.pl\/pl\/\"},{\"@type\":\"ListItem\",\"position\":2,\"name\":\"Pracownia Kultury Aktualnej\",\"item\":\"https:\/\/warsztatykultury.pl\/pl\/pracownia-kultury-aktualnej\/\"},{\"@type\":\"ListItem\",\"position\":3,\"name\":\"Roman Krawczenko\"}]},{\"@type\":\"WebSite\",\"@id\":\"https:\/\/warsztatykultury.pl\/pl\/#website\",\"url\":\"https:\/\/warsztatykultury.pl\/pl\/\",\"name\":\"Warsztaty Kultury\",\"description\":\"\",\"publisher\":{\"@id\":\"https:\/\/warsztatykultury.pl\/pl\/#organization\"},\"potentialAction\":[{\"@type\":\"SearchAction\",\"target\":{\"@type\":\"EntryPoint\",\"urlTemplate\":\"https:\/\/warsztatykultury.pl\/pl\/?s={search_term_string}\"},\"query-input\":\"required name=search_term_string\"}],\"inLanguage\":\"pl-PL\"},{\"@type\":\"Organization\",\"@id\":\"https:\/\/warsztatykultury.pl\/pl\/#organization\",\"name\":\"Warsztaty Kultury w Lublinie\",\"url\":\"https:\/\/warsztatykultury.pl\/pl\/\",\"logo\":{\"@type\":\"ImageObject\",\"inLanguage\":\"pl-PL\",\"@id\":\"https:\/\/warsztatykultury.pl\/pl\/#\/schema\/logo\/image\/\",\"url\":\"https:\/\/warsztatykultury.pl\/wp-content\/uploads\/2020\/05\/LogoWKRetina-e1589382721171.png\",\"contentUrl\":\"https:\/\/warsztatykultury.pl\/wp-content\/uploads\/2020\/05\/LogoWKRetina-e1589382721171.png\",\"width\":700,\"height\":112,\"caption\":\"Warsztaty Kultury w Lublinie\"},\"image\":{\"@id\":\"https:\/\/warsztatykultury.pl\/pl\/#\/schema\/logo\/image\/\"},\"sameAs\":[\"https:\/\/www.facebook.com\/WarsztatyKultury\/\",\"https:\/\/www.instagram.com\/warsztatykultury\/?hl=pl\",\"https:\/\/www.youtube.com\/user\/WarsztatyKultury\",\"https:\/\/pl.wikipedia.org\/wiki\/Warsztaty_Kultury\"]}]}<\/script>\n<!-- \/ Yoast SEO plugin. -->","yoast_head_json":{"title":"Roman Krawczenko","description":"Od 2015 roku opiekuje si\u0119 Warsztatem Fotograficznym Warsztat\u00f3w Kultury \u2013 miejscem po\u015bwi\u0119conym szlachetnym technikom fotografii.","robots":{"index":"index","follow":"follow","max-snippet":"max-snippet:-1","max-image-preview":"max-image-preview:large","max-video-preview":"max-video-preview:-1"},"canonical":"https:\/\/warsztatykultury.pl\/pl\/pracownia-kultury-aktualnej\/roman-krawczenko\/","og_locale":"pl_PL","og_type":"article","og_title":"Roman Krawczenko","og_description":"Od 2015 roku opiekuje si\u0119 Warsztatem Fotograficznym Warsztat\u00f3w Kultury \u2013 miejscem po\u015bwi\u0119conym szlachetnym technikom fotografii.","og_url":"https:\/\/warsztatykultury.pl\/pl\/pracownia-kultury-aktualnej\/roman-krawczenko\/","og_site_name":"Warsztaty Kultury","article_publisher":"https:\/\/www.facebook.com\/WarsztatyKultury\/","article_modified_time":"2024-12-02T13:42:45+00:00","og_image":[{"width":640,"height":640,"url":"https:\/\/warsztatykultury.pl\/wp-content\/uploads\/2020\/02\/Roman-Krawczenko-e1582724820974.jpg","type":"image\/jpeg"}],"twitter_card":"summary_large_image","twitter_misc":{"Szacowany czas czytania":"2 minuty"},"schema":{"@context":"https:\/\/schema.org","@graph":[{"@type":"WebPage","@id":"https:\/\/warsztatykultury.pl\/pl\/pracownia-kultury-aktualnej\/roman-krawczenko\/","url":"https:\/\/warsztatykultury.pl\/pl\/pracownia-kultury-aktualnej\/roman-krawczenko\/","name":"Roman Krawczenko","isPartOf":{"@id":"https:\/\/warsztatykultury.pl\/pl\/#website"},"datePublished":"2020-02-26T16:29:19+00:00","dateModified":"2024-12-02T13:42:45+00:00","description":"Od 2015 roku opiekuje si\u0119 Warsztatem Fotograficznym Warsztat\u00f3w Kultury \u2013 miejscem po\u015bwi\u0119conym szlachetnym technikom fotografii.","breadcrumb":{"@id":"https:\/\/warsztatykultury.pl\/pl\/pracownia-kultury-aktualnej\/roman-krawczenko\/#breadcrumb"},"inLanguage":"pl-PL","potentialAction":[{"@type":"ReadAction","target":["https:\/\/warsztatykultury.pl\/pl\/pracownia-kultury-aktualnej\/roman-krawczenko\/"]}]},{"@type":"BreadcrumbList","@id":"https:\/\/warsztatykultury.pl\/pl\/pracownia-kultury-aktualnej\/roman-krawczenko\/#breadcrumb","itemListElement":[{"@type":"ListItem","position":1,"name":"Strona g\u0142\u00f3wna","item":"https:\/\/warsztatykultury.pl\/pl\/"},{"@type":"ListItem","position":2,"name":"Pracownia Kultury Aktualnej","item":"https:\/\/warsztatykultury.pl\/pl\/pracownia-kultury-aktualnej\/"},{"@type":"ListItem","position":3,"name":"Roman Krawczenko"}]},{"@type":"WebSite","@id":"https:\/\/warsztatykultury.pl\/pl\/#website","url":"https:\/\/warsztatykultury.pl\/pl\/","name":"Warsztaty Kultury","description":"","publisher":{"@id":"https:\/\/warsztatykultury.pl\/pl\/#organization"},"potentialAction":[{"@type":"SearchAction","target":{"@type":"EntryPoint","urlTemplate":"https:\/\/warsztatykultury.pl\/pl\/?s={search_term_string}"},"query-input":"required name=search_term_string"}],"inLanguage":"pl-PL"},{"@type":"Organization","@id":"https:\/\/warsztatykultury.pl\/pl\/#organization","name":"Warsztaty Kultury w Lublinie","url":"https:\/\/warsztatykultury.pl\/pl\/","logo":{"@type":"ImageObject","inLanguage":"pl-PL","@id":"https:\/\/warsztatykultury.pl\/pl\/#\/schema\/logo\/image\/","url":"https:\/\/warsztatykultury.pl\/wp-content\/uploads\/2020\/05\/LogoWKRetina-e1589382721171.png","contentUrl":"https:\/\/warsztatykultury.pl\/wp-content\/uploads\/2020\/05\/LogoWKRetina-e1589382721171.png","width":700,"height":112,"caption":"Warsztaty Kultury w Lublinie"},"image":{"@id":"https:\/\/warsztatykultury.pl\/pl\/#\/schema\/logo\/image\/"},"sameAs":["https:\/\/www.facebook.com\/WarsztatyKultury\/","https:\/\/www.instagram.com\/warsztatykultury\/?hl=pl","https:\/\/www.youtube.com\/user\/WarsztatyKultury","https:\/\/pl.wikipedia.org\/wiki\/Warsztaty_Kultury"]}]}},"_links":{"self":[{"href":"https:\/\/warsztatykultury.pl\/pl\/wp-json\/wp\/v2\/pages\/389","targetHints":{"allow":["GET"]}}],"collection":[{"href":"https:\/\/warsztatykultury.pl\/pl\/wp-json\/wp\/v2\/pages"}],"about":[{"href":"https:\/\/warsztatykultury.pl\/pl\/wp-json\/wp\/v2\/types\/page"}],"author":[{"embeddable":true,"href":"https:\/\/warsztatykultury.pl\/pl\/wp-json\/wp\/v2\/users\/2"}],"replies":[{"embeddable":true,"href":"https:\/\/warsztatykultury.pl\/pl\/wp-json\/wp\/v2\/comments?post=389"}],"version-history":[{"count":0,"href":"https:\/\/warsztatykultury.pl\/pl\/wp-json\/wp\/v2\/pages\/389\/revisions"}],"up":[{"embeddable":true,"href":"https:\/\/warsztatykultury.pl\/pl\/wp-json\/wp\/v2\/pages\/462"}],"wp:featuredmedia":[{"embeddable":true,"href":"https:\/\/warsztatykultury.pl\/pl\/wp-json\/wp\/v2\/media\/223"}],"wp:attachment":[{"href":"https:\/\/warsztatykultury.pl\/pl\/wp-json\/wp\/v2\/media?parent=389"}],"curies":[{"name":"wp","href":"https:\/\/api.w.org\/{rel}","templated":true}]}}