{"id":6294,"date":"2020-07-09T16:25:44","date_gmt":"2020-07-09T14:25:44","guid":{"rendered":"https:\/\/warsztatykultury.pl\/?page_id=6294"},"modified":"2022-01-04T15:53:32","modified_gmt":"2022-01-04T14:53:32","slug":"bezpieczenstwo","status":"publish","type":"page","link":"https:\/\/warsztatykultury.pl\/pl\/bezpieczenstwo\/","title":{"rendered":"Bezpiecze\u0144stwo"},"content":{"rendered":"<div class=\"fusion-fullwidth fullwidth-box fusion-builder-row-1 nonhundred-percent-fullwidth non-hundred-percent-height-scrolling\" style=\"--awb-border-radius-top-left:0px;--awb-border-radius-top-right:0px;--awb-border-radius-bottom-right:0px;--awb-border-radius-bottom-left:0px;--awb-padding-right:0%;--awb-padding-left:0%;--awb-flex-wrap:wrap;\" ><div class=\"fusion-builder-row fusion-row\"><div class=\"fusion-layout-column fusion_builder_column fusion-builder-column-0 fusion_builder_column_1_2 1_2 fusion-one-half fusion-column-first\" style=\"--awb-padding-top:3%;--awb-padding-right:7%;--awb-padding-bottom:21px;--awb-padding-left:7%;--awb-bg-size:cover;width:50%;width:calc(50% - ( ( 2% ) * 0.5 ) );margin-right: 2%;\"><div class=\"fusion-column-wrapper fusion-column-has-shadow fusion-flex-column-wrapper-legacy\"><div class=\"fusion-text fusion-text-1\"><h1 class=\"\" style=\"--fontsize: 43.2; line-height: 1.16;\" data-fontsize=\"43.2\" data-lineheight=\"50.1167px\">Bezpieczne Warsztaty Kultury<\/h1>\n<\/div><div class=\"fusion-sep-clear\"><\/div><div class=\"fusion-separator fusion-full-width-sep\" style=\"margin-left: auto;margin-right: auto;margin-bottom:3%;width:100%;\"><div class=\"fusion-separator-border sep-single\" style=\"--awb-height:20px;--awb-amount:20px;border-color:var(--awb-color8);border-top-width:2px;\"><\/div><\/div><div class=\"fusion-sep-clear\"><\/div><div class=\"fusion-text fusion-text-2 description_scrollbar\" style=\"--awb-text-transform:none;\"><div id=\"mCSB_4\" class=\"mCustomScrollBox mCS-light mCSB_vertical mCSB_outside\" style=\"max-height: none;\" tabindex=\"0\">\n<div id=\"mCSB_4_container\" class=\"mCSB_container\" dir=\"ltr\" style=\"position: relative; top: 0px; left: 0px;\">\n<div id=\"mCSB_3\" class=\"mCustomScrollBox mCS-light mCSB_vertical mCSB_outside\" style=\"max-height: none;\" tabindex=\"0\">\n<div id=\"mCSB_3_container\" class=\"mCSB_container\" dir=\"ltr\" style=\"position: relative; top: 0; left: 0;\">\n<div id=\"mCSB_3\" class=\"mCustomScrollBox mCS-light mCSB_vertical mCSB_outside\" style=\"max-height: none;\" tabindex=\"0\">\n<div id=\"mCSB_3_container\" class=\"mCSB_container\" dir=\"ltr\" style=\"position: relative; top: 0; left: 0;\">\n<div id=\"mCSB_13\" class=\"mCustomScrollBox mCS-light mCSB_vertical mCSB_outside\" style=\"max-height: none;\" tabindex=\"0\">\n<div id=\"mCSB_13_container\" class=\"mCSB_container\" dir=\"ltr\" style=\"position: relative; top: 0; left: 0;\">\n<div id=\"mCSB_9\" class=\"mCustomScrollBox mCS-light mCSB_vertical mCSB_outside\" style=\"max-height: none;\" tabindex=\"0\">\n<div id=\"mCSB_9_container\" class=\"mCSB_container\" dir=\"ltr\" style=\"position: relative; top: 0; left: 0;\">\n<div id=\"mCSB_7\" class=\"mCustomScrollBox mCS-light mCSB_vertical mCSB_outside\" style=\"max-height: none;\" tabindex=\"0\">\n<div id=\"mCSB_7_container\" class=\"mCSB_container\" dir=\"ltr\" style=\"position: relative; top: 0; left: 0;\">\n<div id=\"mCSB_1\" class=\"mCustomScrollBox mCS-light mCSB_vertical mCSB_outside\" style=\"max-height: none;\" tabindex=\"0\">\n<div id=\"mCSB_1_container\" class=\"mCSB_container\" dir=\"ltr\" style=\"position: relative; top: 0px; left: 0px;\">\n<div id=\"mCSB_6\" class=\"mCustomScrollBox mCS-light mCSB_vertical mCSB_outside\" style=\"max-height: none;\" tabindex=\"0\">\n<div id=\"mCSB_6_container\" class=\"mCSB_container\" dir=\"ltr\" style=\"position: relative; top: 0; left: 0;\">\n<div id=\"mCSB_6\" class=\"mCustomScrollBox mCS-light mCSB_vertical mCSB_outside\" style=\"max-height: none;\" tabindex=\"0\">\n<div id=\"mCSB_6_container\" class=\"mCSB_container\" dir=\"ltr\" style=\"position: relative; top: 0; left: 0;\">\n<p>Drodzy uczestnicy, zapewne s\u0142yszeli\u015bcie o aktualnych zmianach w przepisach dotycz\u0105cych organizacji wydarze\u0144 kulturalnych podczas pandemii COVID-19 i chcieliby\u015bcie wiedzie\u0107 jak to wp\u0142ynie na Wasz udzia\u0142 w naszych koncertach \/ pokazach filmowych czy spotkaniach.<\/p>\n<p>Zapraszamy absolutnie WSZYSTKICH do udzia\u0142u w naszych wydarzeniach w bezpieczny i zgodny z przepisami spos\u00f3b:<\/p>\n<p>1. pami\u0119tajcie o zabraniu ze sob\u0105 maseczki, kt\u00f3rej noszenie b\u0119dzie wymagane na terenie Warsztat\u00f3w Kultury<br \/>2. je\u015bli posiadasz Unijny Certyfikat COVID tj. jeden z nast\u0119puj\u0105cych dokument\u00f3w umo\u017cliwiaj\u0105cych niewliczanie Ci\u0119 w ustanowione limity widz\u00f3w tj.:<br \/>&#8211; certyfikat szczepienia, &#8211; certyfikat o negatywnym wyniku testu &#8211; certyfikat ozdrowienia<br \/>we\u017a go ze sob\u0105 i poka\u017c obs\u0142udze przy wej\u015bciu do sali. Osoby z takim za\u015bwiadczeniem wchodz\u0105 bez limitu zwi\u0105zanego z bezpiecze\u0144stwem covidowym<\/p>\n<p>3. udzia\u0142 w wydarzeniu mog\u0105 wzi\u0105\u0107 tak\u017ce osoby, kt\u00f3re nie posiadaj\u0105 \u017cadnego z powy\u017cszych certyfikat\u00f3w, natomiast mo\u017ce zdarzy\u0107 si\u0119 sytuacja, kiedy osi\u0105gniemy limit i dlatego warto przyj\u015b\u0107 wcze\u015bniej. Nowe przepisy pozwalaj\u0105 nam wpu\u015bci\u0107 do siedziby okre\u015blon\u0105 liczb\u0119 os\u00f3b, kt\u00f3re za\u015bwiadczenia o szczepieniu nie posiadaj\u0105.<br \/>4. je\u015bli masz objawy przezi\u0119bienia, zosta\u0144 w domu.<\/p>\n<p>Prosimy o wyrozumia\u0142o\u015b\u0107 i zrobimy wszystko co w naszej mocy, aby nowe obostrzenia nie wp\u0142yn\u0119\u0142y negatywnie na odbi\u00f3r kultury. \ud83d\ude42<\/p>\n<p><a href=\"https:\/\/warsztatykultury.pl\/wp-content\/uploads\/2021\/12\/9k632e-Rozporzadzenie-o-ograniczeniach.pdf?fbclid=IwAR1sm1yF821Xfq2pnSJvTOgv2DS1-wLfDyrB_z6rZyKo63tRxGEzBnFZKfA\" target=\"_blank\" rel=\"noopener\">Podstawa prawna: ROZPORZ\u0104DZENIE RADY MINISTR\u00d3W z dnia 14 grudnia 2021 r. zmieniaj\u0105ce rozporz\u0105dzenie w sprawie ustanowienia okre\u015blonych ogranicze\u0144, nakaz\u00f3w i zakaz\u00f3w w zwi\u0105zku z wyst\u0105pieniem stanu epidemii Covid-19.\u00a0<\/a><\/p>\n<\/div>\n<\/div>\n<\/div>\n<\/div>\n<\/div>\n<\/div>\n<\/div>\n<\/div>\n<\/div>\n<\/div>\n<div id=\"mCSB_9_scrollbar_vertical\" class=\"mCSB_scrollTools mCSB_9_scrollbar mCS-light mCSB_scrollTools_vertical\" style=\"display: block; visibility: hidden;\">\n<div class=\"mCSB_draggerContainer\">\n<div id=\"mCSB_9_dragger_vertical\" class=\"mCSB_dragger\" style=\"position: absolute; min-height: 30px; display: block; height: 80px; max-height: 390px; background-color: #ffffff; top: 0px;\">\n<div class=\"mCSB_dragger_bar\" style=\"line-height: 30px; background-color: #020000;\">\u00a0<\/div>\n<\/div>\n<div class=\"mCSB_draggerRail\">\u00a0<\/div>\n<\/div>\n<\/div>\n<\/div>\n<\/div>\n<div id=\"mCSB_13_scrollbar_vertical\" class=\"mCSB_scrollTools mCSB_13_scrollbar mCS-light mCSB_scrollTools_vertical\" style=\"display: block;\">\n<div class=\"mCSB_draggerContainer\">\n<div id=\"mCSB_13_dragger_vertical\" class=\"mCSB_dragger\" style=\"position: absolute; min-height: 30px; display: block; height: 83px; max-height: 390px; background-color: #ffffff; top: 0px;\">\n<div class=\"mCSB_dragger_bar\" style=\"line-height: 30px; background-color: #020000;\">\u00a0<\/div>\n<\/div>\n<div class=\"mCSB_draggerRail\">\u00a0<\/div>\n<\/div>\n<\/div>\n<\/div>\n<\/div>\n<\/div>\n<\/div>\n<\/div>\n<\/div>\n<div id=\"mCSB_4_scrollbar_vertical\" class=\"mCSB_scrollTools mCSB_4_scrollbar mCS-light mCSB_scrollTools_vertical\" style=\"display: block;\">\n<div class=\"mCSB_draggerContainer\">\n<div id=\"mCSB_4_dragger_vertical\" class=\"mCSB_dragger\" style=\"position: absolute; min-height: 30px; display: block; height: 81px; max-height: 390px; background-color: #ffffff; top: 0px;\">\n<div class=\"mCSB_dragger_bar\" style=\"line-height: 30px; background-color: #020000;\">\u00a0<\/div>\n<\/div>\n<div class=\"mCSB_draggerRail\">\u00a0<\/div>\n<\/div>\n<\/div>\n<\/div><div class=\"fusion-sep-clear\"><\/div><div class=\"fusion-separator fusion-full-width-sep\" style=\"margin-left: auto;margin-right: auto;margin-top:20px;width:100%;\"><div class=\"fusion-separator-border sep-single\" style=\"--awb-height:20px;--awb-amount:20px;--awb-sep-color:#ffffff;border-color:#ffffff;border-top-width:2px;\"><\/div><\/div><div class=\"fusion-sep-clear\"><\/div><div class=\"fusion-aligncenter\"><a class=\"fusion-button button-flat button-large button-default fusion-button-default button-1 fusion-button-span-no fusion-button-default-type\" style=\"--button_text_transform:uppercase;\" target=\"_blank\" rel=\"noopener noreferrer\" href=\"https:\/\/www.gov.pl\/web\/koronawirus\/aktualne-zasady-i-ograniczenia\"><span class=\"fusion-button-text\">Aktualne zasady i ograniczenia<\/span><\/a><\/div><div class=\"fusion-clearfix\"><\/div><\/div><\/div><div class=\"fusion-layout-column fusion_builder_column fusion-builder-column-1 fusion_builder_column_1_2 1_2 fusion-one-half fusion-column-last\" style=\"--awb-bg-size:cover;--awb-margin-bottom:4px;width:50%;width:calc(50% - ( ( 2% ) * 0.5 ) );\"><div class=\"fusion-column-wrapper fusion-column-has-shadow fusion-flex-column-wrapper-legacy\"><div class=\"fusion-image-element in-legacy-container\" style=\"--awb-caption-title-font-family:var(--h2_typography-font-family);--awb-caption-title-font-weight:var(--h2_typography-font-weight);--awb-caption-title-font-style:var(--h2_typography-font-style);--awb-caption-title-size:var(--h2_typography-font-size);--awb-caption-title-transform:var(--h2_typography-text-transform);--awb-caption-title-line-height:var(--h2_typography-line-height);--awb-caption-title-letter-spacing:var(--h2_typography-letter-spacing);\"><span class=\" fusion-imageframe imageframe-none imageframe-1 hover-type-none\"><img decoding=\"async\" width=\"1000\" height=\"665\" alt=\"Dzieci z rodzicami ogl\u0105daj\u0105 spektakl.\" title=\"_DSC9673_M_Borny\" src=\"https:\/\/warsztatykultury.pl\/wp-content\/uploads\/2021\/12\/DSC9673_M_Borny.jpg\" data-orig-src=\"https:\/\/warsztatykultury.pl\/wp-content\/uploads\/2021\/12\/DSC9673_M_Borny.jpg\" class=\"lazyload img-responsive wp-image-12408\" srcset=\"data:image\/svg+xml,%3Csvg%20xmlns%3D%27http%3A%2F%2Fwww.w3.org%2F2000%2Fsvg%27%20width%3D%271000%27%20height%3D%27665%27%20viewBox%3D%270%200%201000%20665%27%3E%3Crect%20width%3D%271000%27%20height%3D%27665%27%20fill-opacity%3D%220%22%2F%3E%3C%2Fsvg%3E\" data-srcset=\"https:\/\/warsztatykultury.pl\/wp-content\/uploads\/2021\/12\/DSC9673_M_Borny-200x133.jpg 200w, https:\/\/warsztatykultury.pl\/wp-content\/uploads\/2021\/12\/DSC9673_M_Borny-400x266.jpg 400w, https:\/\/warsztatykultury.pl\/wp-content\/uploads\/2021\/12\/DSC9673_M_Borny-600x399.jpg 600w, https:\/\/warsztatykultury.pl\/wp-content\/uploads\/2021\/12\/DSC9673_M_Borny-800x532.jpg 800w, https:\/\/warsztatykultury.pl\/wp-content\/uploads\/2021\/12\/DSC9673_M_Borny.jpg 1000w\" data-sizes=\"auto\" data-orig-sizes=\"(max-width: 800px) 100vw, 1000px\" \/><\/span><\/div><div class=\"fusion-clearfix\"><\/div><\/div><\/div><\/div><\/div>\n","protected":false},"excerpt":{"rendered":"","protected":false},"author":1,"featured_media":0,"parent":0,"menu_order":0,"comment_status":"closed","ping_status":"closed","template":"","meta":{"_acf_changed":false,"ngg_post_thumbnail":0,"footnotes":""},"class_list":["post-6294","page","type-page","status-publish","hentry"],"acf":[],"yoast_head":"<!-- This site is optimized with the Yoast SEO plugin v22.0 - https:\/\/yoast.com\/wordpress\/plugins\/seo\/ -->\n<title>Zasady bezpiecze\u0144stwa podczas pandemii covid-19<\/title>\n<meta name=\"description\" content=\"Aktualne zasady bezpiecze\u0144stwa dotycz\u0105ce uczestnictwa w wydarzeniach kulturalnych w siedzibie Warsztat\u00f3w Kultury podczas pandemii COVID-19.\" \/>\n<meta name=\"robots\" content=\"index, follow, max-snippet:-1, max-image-preview:large, max-video-preview:-1\" \/>\n<link rel=\"canonical\" href=\"https:\/\/warsztatykultury.pl\/pl\/bezpieczenstwo\/\" \/>\n<meta property=\"og:locale\" content=\"pl_PL\" \/>\n<meta property=\"og:type\" content=\"article\" \/>\n<meta property=\"og:title\" content=\"Zasady bezpiecze\u0144stwa podczas pandemii covid-19\" \/>\n<meta property=\"og:description\" content=\"Aktualne zasady bezpiecze\u0144stwa dotycz\u0105ce uczestnictwa w wydarzeniach kulturalnych w siedzibie Warsztat\u00f3w Kultury podczas pandemii COVID-19.\" \/>\n<meta property=\"og:url\" content=\"https:\/\/warsztatykultury.pl\/pl\/bezpieczenstwo\/\" \/>\n<meta property=\"og:site_name\" content=\"Warsztaty Kultury\" \/>\n<meta property=\"article:publisher\" content=\"https:\/\/www.facebook.com\/WarsztatyKultury\/\" \/>\n<meta property=\"article:modified_time\" content=\"2022-01-04T14:53:32+00:00\" \/>\n<meta name=\"twitter:card\" content=\"summary_large_image\" \/>\n<meta name=\"twitter:label1\" content=\"Szacowany czas czytania\" \/>\n\t<meta name=\"twitter:data1\" content=\"5 minut\" \/>\n<script type=\"application\/ld+json\" class=\"yoast-schema-graph\">{\"@context\":\"https:\/\/schema.org\",\"@graph\":[{\"@type\":\"WebPage\",\"@id\":\"https:\/\/warsztatykultury.pl\/pl\/bezpieczenstwo\/\",\"url\":\"https:\/\/warsztatykultury.pl\/pl\/bezpieczenstwo\/\",\"name\":\"Zasady bezpiecze\u0144stwa podczas pandemii covid-19\",\"isPartOf\":{\"@id\":\"https:\/\/warsztatykultury.pl\/pl\/#website\"},\"datePublished\":\"2020-07-09T14:25:44+00:00\",\"dateModified\":\"2022-01-04T14:53:32+00:00\",\"description\":\"Aktualne zasady bezpiecze\u0144stwa dotycz\u0105ce uczestnictwa w wydarzeniach kulturalnych w siedzibie Warsztat\u00f3w Kultury podczas pandemii COVID-19.\",\"breadcrumb\":{\"@id\":\"https:\/\/warsztatykultury.pl\/pl\/bezpieczenstwo\/#breadcrumb\"},\"inLanguage\":\"pl-PL\",\"potentialAction\":[{\"@type\":\"ReadAction\",\"target\":[\"https:\/\/warsztatykultury.pl\/pl\/bezpieczenstwo\/\"]}]},{\"@type\":\"BreadcrumbList\",\"@id\":\"https:\/\/warsztatykultury.pl\/pl\/bezpieczenstwo\/#breadcrumb\",\"itemListElement\":[{\"@type\":\"ListItem\",\"position\":1,\"name\":\"Strona g\u0142\u00f3wna\",\"item\":\"https:\/\/warsztatykultury.pl\/pl\/\"},{\"@type\":\"ListItem\",\"position\":2,\"name\":\"Bezpiecze\u0144stwo\"}]},{\"@type\":\"WebSite\",\"@id\":\"https:\/\/warsztatykultury.pl\/pl\/#website\",\"url\":\"https:\/\/warsztatykultury.pl\/pl\/\",\"name\":\"Warsztaty Kultury\",\"description\":\"\",\"publisher\":{\"@id\":\"https:\/\/warsztatykultury.pl\/pl\/#organization\"},\"potentialAction\":[{\"@type\":\"SearchAction\",\"target\":{\"@type\":\"EntryPoint\",\"urlTemplate\":\"https:\/\/warsztatykultury.pl\/pl\/?s={search_term_string}\"},\"query-input\":\"required name=search_term_string\"}],\"inLanguage\":\"pl-PL\"},{\"@type\":\"Organization\",\"@id\":\"https:\/\/warsztatykultury.pl\/pl\/#organization\",\"name\":\"Warsztaty Kultury w Lublinie\",\"url\":\"https:\/\/warsztatykultury.pl\/pl\/\",\"logo\":{\"@type\":\"ImageObject\",\"inLanguage\":\"pl-PL\",\"@id\":\"https:\/\/warsztatykultury.pl\/pl\/#\/schema\/logo\/image\/\",\"url\":\"https:\/\/warsztatykultury.pl\/wp-content\/uploads\/2020\/05\/LogoWKRetina-e1589382721171.png\",\"contentUrl\":\"https:\/\/warsztatykultury.pl\/wp-content\/uploads\/2020\/05\/LogoWKRetina-e1589382721171.png\",\"width\":700,\"height\":112,\"caption\":\"Warsztaty Kultury w Lublinie\"},\"image\":{\"@id\":\"https:\/\/warsztatykultury.pl\/pl\/#\/schema\/logo\/image\/\"},\"sameAs\":[\"https:\/\/www.facebook.com\/WarsztatyKultury\/\",\"https:\/\/www.instagram.com\/warsztatykultury\/?hl=pl\",\"https:\/\/www.youtube.com\/user\/WarsztatyKultury\",\"https:\/\/pl.wikipedia.org\/wiki\/Warsztaty_Kultury\"]}]}<\/script>\n<!-- \/ Yoast SEO plugin. -->","yoast_head_json":{"title":"Zasady bezpiecze\u0144stwa podczas pandemii covid-19","description":"Aktualne zasady bezpiecze\u0144stwa dotycz\u0105ce uczestnictwa w wydarzeniach kulturalnych w siedzibie Warsztat\u00f3w Kultury podczas pandemii COVID-19.","robots":{"index":"index","follow":"follow","max-snippet":"max-snippet:-1","max-image-preview":"max-image-preview:large","max-video-preview":"max-video-preview:-1"},"canonical":"https:\/\/warsztatykultury.pl\/pl\/bezpieczenstwo\/","og_locale":"pl_PL","og_type":"article","og_title":"Zasady bezpiecze\u0144stwa podczas pandemii covid-19","og_description":"Aktualne zasady bezpiecze\u0144stwa dotycz\u0105ce uczestnictwa w wydarzeniach kulturalnych w siedzibie Warsztat\u00f3w Kultury podczas pandemii COVID-19.","og_url":"https:\/\/warsztatykultury.pl\/pl\/bezpieczenstwo\/","og_site_name":"Warsztaty Kultury","article_publisher":"https:\/\/www.facebook.com\/WarsztatyKultury\/","article_modified_time":"2022-01-04T14:53:32+00:00","twitter_card":"summary_large_image","twitter_misc":{"Szacowany czas czytania":"5 minut"},"schema":{"@context":"https:\/\/schema.org","@graph":[{"@type":"WebPage","@id":"https:\/\/warsztatykultury.pl\/pl\/bezpieczenstwo\/","url":"https:\/\/warsztatykultury.pl\/pl\/bezpieczenstwo\/","name":"Zasady bezpiecze\u0144stwa podczas pandemii covid-19","isPartOf":{"@id":"https:\/\/warsztatykultury.pl\/pl\/#website"},"datePublished":"2020-07-09T14:25:44+00:00","dateModified":"2022-01-04T14:53:32+00:00","description":"Aktualne zasady bezpiecze\u0144stwa dotycz\u0105ce uczestnictwa w wydarzeniach kulturalnych w siedzibie Warsztat\u00f3w Kultury podczas pandemii COVID-19.","breadcrumb":{"@id":"https:\/\/warsztatykultury.pl\/pl\/bezpieczenstwo\/#breadcrumb"},"inLanguage":"pl-PL","potentialAction":[{"@type":"ReadAction","target":["https:\/\/warsztatykultury.pl\/pl\/bezpieczenstwo\/"]}]},{"@type":"BreadcrumbList","@id":"https:\/\/warsztatykultury.pl\/pl\/bezpieczenstwo\/#breadcrumb","itemListElement":[{"@type":"ListItem","position":1,"name":"Strona g\u0142\u00f3wna","item":"https:\/\/warsztatykultury.pl\/pl\/"},{"@type":"ListItem","position":2,"name":"Bezpiecze\u0144stwo"}]},{"@type":"WebSite","@id":"https:\/\/warsztatykultury.pl\/pl\/#website","url":"https:\/\/warsztatykultury.pl\/pl\/","name":"Warsztaty Kultury","description":"","publisher":{"@id":"https:\/\/warsztatykultury.pl\/pl\/#organization"},"potentialAction":[{"@type":"SearchAction","target":{"@type":"EntryPoint","urlTemplate":"https:\/\/warsztatykultury.pl\/pl\/?s={search_term_string}"},"query-input":"required name=search_term_string"}],"inLanguage":"pl-PL"},{"@type":"Organization","@id":"https:\/\/warsztatykultury.pl\/pl\/#organization","name":"Warsztaty Kultury w Lublinie","url":"https:\/\/warsztatykultury.pl\/pl\/","logo":{"@type":"ImageObject","inLanguage":"pl-PL","@id":"https:\/\/warsztatykultury.pl\/pl\/#\/schema\/logo\/image\/","url":"https:\/\/warsztatykultury.pl\/wp-content\/uploads\/2020\/05\/LogoWKRetina-e1589382721171.png","contentUrl":"https:\/\/warsztatykultury.pl\/wp-content\/uploads\/2020\/05\/LogoWKRetina-e1589382721171.png","width":700,"height":112,"caption":"Warsztaty Kultury w Lublinie"},"image":{"@id":"https:\/\/warsztatykultury.pl\/pl\/#\/schema\/logo\/image\/"},"sameAs":["https:\/\/www.facebook.com\/WarsztatyKultury\/","https:\/\/www.instagram.com\/warsztatykultury\/?hl=pl","https:\/\/www.youtube.com\/user\/WarsztatyKultury","https:\/\/pl.wikipedia.org\/wiki\/Warsztaty_Kultury"]}]}},"_links":{"self":[{"href":"https:\/\/warsztatykultury.pl\/pl\/wp-json\/wp\/v2\/pages\/6294","targetHints":{"allow":["GET"]}}],"collection":[{"href":"https:\/\/warsztatykultury.pl\/pl\/wp-json\/wp\/v2\/pages"}],"about":[{"href":"https:\/\/warsztatykultury.pl\/pl\/wp-json\/wp\/v2\/types\/page"}],"author":[{"embeddable":true,"href":"https:\/\/warsztatykultury.pl\/pl\/wp-json\/wp\/v2\/users\/1"}],"replies":[{"embeddable":true,"href":"https:\/\/warsztatykultury.pl\/pl\/wp-json\/wp\/v2\/comments?post=6294"}],"version-history":[{"count":0,"href":"https:\/\/warsztatykultury.pl\/pl\/wp-json\/wp\/v2\/pages\/6294\/revisions"}],"wp:attachment":[{"href":"https:\/\/warsztatykultury.pl\/pl\/wp-json\/wp\/v2\/media?parent=6294"}],"curies":[{"name":"wp","href":"https:\/\/api.w.org\/{rel}","templated":true}]}}