{"id":8949,"date":"2021-03-18T14:33:56","date_gmt":"2021-03-18T13:33:56","guid":{"rendered":"https:\/\/warsztatykultury.pl\/?page_id=8949"},"modified":"2023-01-09T17:50:08","modified_gmt":"2023-01-09T16:50:08","slug":"klauzula-informacyjna","status":"publish","type":"page","link":"https:\/\/warsztatykultury.pl\/pl\/klauzula-informacyjna\/","title":{"rendered":"Klauzula informacyjna"},"content":{"rendered":"<div class=\"fusion-fullwidth fullwidth-box fusion-builder-row-1 nonhundred-percent-fullwidth non-hundred-percent-height-scrolling\" style=\"--awb-border-radius-top-left:0px;--awb-border-radius-top-right:0px;--awb-border-radius-bottom-right:0px;--awb-border-radius-bottom-left:0px;--awb-padding-right:7%;--awb-padding-left:7%;--awb-margin-top:0px;--awb-flex-wrap:wrap;\" ><div class=\"fusion-builder-row fusion-row\"><div class=\"fusion-layout-column fusion_builder_column fusion-builder-column-0 fusion_builder_column_1_1 1_1 fusion-one-full fusion-column-first fusion-column-last\" style=\"--awb-padding-top:5%;--awb-bg-size:cover;\"><div class=\"fusion-column-wrapper fusion-column-has-shadow fusion-flex-column-wrapper-legacy\"><div class=\"fusion-text fusion-text-1\"><h1 class=\"\" style=\"--fontsize: 34.56; line-height: 1.16;\" data-fontsize=\"34.56\" data-lineheight=\"40.0896px\">Klauzula informacyjna<\/h1>\n<p>Zgodnie z art. 13 ust. 1 i 2 rozporz\u0105dzenia Parlamentu Europejskiego i Rady (UE) 2016\/679 z dnia 27 kwietnia 2016 r. w sprawie ochrony os\u00f3b fizycznych w zwi\u0105zku z przetwarzaniem danych osobowych i w sprawie swobodnego przep\u0142ywu takich danych oraz uchylenia dyrektywy 95\/46\/WE (og\u00f3lnego rozporz\u0105dzenia o ochronie danych), Dz.U.UE.L.2016.119.1 (dalej: RODO), informujemy, \u017ce:<\/p>\n<p>1.Administratorem Pani\/Pana danych osobowych s\u0105 Warsztaty Kultury w Lublinie z siedzib\u0105 przy ul. Grodzkiej 5a, 20-112 w Lublinie.<\/p>\n<p>2.Administrator powo\u0142a\u0142 Inspektora Ochrony danych Osobowych, z kt\u00f3rym kontakt jest mo\u017cliwy pod adresem korespondencyjnym Administratora, b\u0105d\u017a za pomoc\u0105 adresu e-mail: iodo@warsztatykultury.pl<\/p>\n<p>3.Pa\u0144stwa dane osobowe b\u0119d\u0105 przetwarzane w celu rozpatrzenia otrzymanej korespondencji oraz wymiany informacji drog\u0105 elektroniczn\u0105.<\/p>\n<p>4. Pa\u0144stwa dane osobowe b\u0119d\u0105 przetwarzane na podstawie:<\/p>\n<ul>\n<li>6 ust. 1 lit. a RODO, tj. dobrowolnie wyra\u017conej zgody, poprzez wyra\u017ane dzia\u0142anie potwierdzaj\u0105ce, polegaj\u0105ce na podaniu przez Pani\u0105\/Pana adresu mailowego celem kontaktu,<\/li>\n<li>6 ust. 1 lit c RODO tj. wype\u0142nienia obowi\u0105zku ci\u0105\u017c\u0105cego na administratorze,<br \/>\nw zwi\u0105zku z obowi\u0105zkiem udzielenia odpowiedzi na skierowan\u0105 przez Pani\u0105\/Pana korespondencj\u0119 mailow\u0105,<\/li>\n<li>6 ust. 1 lit. b RODO, w przypadku niezb\u0119dno\u015bci realizacji zawartej z Pani\u0105\/Panem umowy w zakresie korespondencji prowadzonej w celu realizacji umowy,<\/li>\n<li>6 ust. 1 lit. f RODO tj. w celu ustalenia, dochodzenia lub obrony powsta\u0142ych roszcze\u0144 zwi\u0105zanych z prowadzon\u0105 korespondencj\u0105 mailow\u0105, zgodnie z obowi\u0105zuj\u0105cymi przepisami prawa, w szczeg\u00f3lno\u015bci z Kodeksem cywilnym.<\/li>\n<\/ul>\n<p>5. Odbiorcami Pani\/Pana danych osobowych mog\u0105 by\u0107 podmioty \u015bwiadcz\u0105ce us\u0142ugi na rzecz Administratora danych, z kt\u00f3rymi zawarte zosta\u0142y umowy powierzenia przetwarzania danych, w tym: us\u0142ugi hostingowe, doradcze, prawnicze, podmioty \u015bwiadcz\u0105ce us\u0142ugi serwisowe z zakresu IT. Dost\u0119p do Pani\/Pana danych mog\u0105 mie\u0107 r\u00f3wnie\u017c podmioty i instytucje, kt\u00f3rych dost\u0119p do danych wynika z obowi\u0105zuj\u0105cych przepis\u00f3w prawa (m.in. s\u0105d, organy \u015bcigania)<\/p>\n<p>6.Przys\u0142uguje Pani\/Panu prawo dost\u0119pu do swoich danych osobowych, otrzymania ich kopii, \u017c\u0105dania ich sprostowania, usuni\u0119cia oraz ograniczenia przetwarzania danych.<\/p>\n<p>7. W zakresie w jakim przetwarzanie danych odbywa si\u0119 w oparciu o zgod\u0119, ma Pani\/Pan prawo do cofni\u0119cia zgody w dowolnym momencie bez wp\u0142ywu na zgodno\u015b\u0107 z prawem przetwarzania, kt\u00f3rego dokonano na podstawie zgody przed jej cofni\u0119ciem<\/p>\n<p>8. Je\u017celi uzna Pani\/Pan, \u017ce dane osobowe b\u0119d\u0105 przetwarzane niezgodnie z wymogami prawa ma Pani\/Pan prawo wnie\u015b\u0107 skarg\u0119 do organu nadzorczego, kt\u00f3rym jest Prezes Urz\u0119du Ochrony Danych Osobowych.<\/p>\n<p>9. Pani\/Pana dane osobowe nie b\u0119d\u0105 przekazywane do pa\u0144stwa trzeciego lub organizacji mi\u0119dzynarodowej, oraz nie b\u0119d\u0105 stanowi\u0142y podstawy do zautomatyzowanego podejmowania decyzji, w tym opartego na profilowaniu.<\/p>\n<p>10. Podanie przez Pani\u0105\/Pana danych osobowych jest dobrowolne, ale bez ich podania nie b\u0119dzie mo\u017cliwe nawi\u0105zanie kontaktu i za\u0142atwienie sprawy za pomoc\u0105 komunikacji elektronicznej.<\/p>\n<p>11. Pana\/Pani dane osobowe b\u0119d\u0105 przechowywane do momentu cofni\u0119cia przez Pani\u0105\/Pana zgody na przetwarzanie adresu poczty elektronicznej lub do ustania zasadno\u015bci przetwarzania Pani\/Pana danych przez Administratora. W przypadku, kiedy korespondencja b\u0119dzie zawiera\u0142a tre\u015b\u0107 istotn\u0105 dla dochodzenia roszcze\u0144 lub obrony przed roszczeniami, w\u00f3wczas wybrane wiadomo\u015bci mog\u0105 by\u0107 przetwarzane do czasu up\u0142ywu terminu przedawnienia roszcze\u0144 zgodnie z Kodeksem cywilnym.<\/p>\n<\/div><div class=\"fusion-clearfix\"><\/div><\/div><\/div><\/div><\/div>\n","protected":false},"excerpt":{"rendered":"","protected":false},"author":4,"featured_media":0,"parent":0,"menu_order":0,"comment_status":"closed","ping_status":"closed","template":"","meta":{"_acf_changed":false,"ngg_post_thumbnail":0,"footnotes":""},"class_list":["post-8949","page","type-page","status-publish","hentry"],"acf":[],"yoast_head":"<!-- This site is optimized with the Yoast SEO plugin v22.0 - https:\/\/yoast.com\/wordpress\/plugins\/seo\/ -->\n<title>Klauzula informacyjna - Warsztaty Kultury<\/title>\n<meta name=\"description\" content=\"klauzula informacyjna dotycz\u0105ca RODO oraz danych osobowych zamieszczanych na stronie internetowej Warsztat\u00f3w Kultury.\" \/>\n<meta name=\"robots\" content=\"index, follow, max-snippet:-1, max-image-preview:large, max-video-preview:-1\" \/>\n<link rel=\"canonical\" href=\"https:\/\/warsztatykultury.pl\/pl\/klauzula-informacyjna\/\" \/>\n<meta property=\"og:locale\" content=\"pl_PL\" \/>\n<meta property=\"og:type\" content=\"article\" \/>\n<meta property=\"og:title\" content=\"Klauzula informacyjna - Warsztaty Kultury\" \/>\n<meta property=\"og:description\" content=\"klauzula informacyjna dotycz\u0105ca RODO oraz danych osobowych zamieszczanych na stronie internetowej Warsztat\u00f3w Kultury.\" \/>\n<meta property=\"og:url\" content=\"https:\/\/warsztatykultury.pl\/pl\/klauzula-informacyjna\/\" \/>\n<meta property=\"og:site_name\" content=\"Warsztaty Kultury\" \/>\n<meta property=\"article:publisher\" content=\"https:\/\/www.facebook.com\/WarsztatyKultury\/\" \/>\n<meta property=\"article:modified_time\" content=\"2023-01-09T16:50:08+00:00\" \/>\n<meta name=\"twitter:card\" content=\"summary_large_image\" \/>\n<meta name=\"twitter:label1\" content=\"Szacowany czas czytania\" \/>\n\t<meta name=\"twitter:data1\" content=\"4 minuty\" \/>\n<script type=\"application\/ld+json\" class=\"yoast-schema-graph\">{\"@context\":\"https:\/\/schema.org\",\"@graph\":[{\"@type\":\"WebPage\",\"@id\":\"https:\/\/warsztatykultury.pl\/pl\/klauzula-informacyjna\/\",\"url\":\"https:\/\/warsztatykultury.pl\/pl\/klauzula-informacyjna\/\",\"name\":\"Klauzula informacyjna - Warsztaty Kultury\",\"isPartOf\":{\"@id\":\"https:\/\/warsztatykultury.pl\/pl\/#website\"},\"datePublished\":\"2021-03-18T13:33:56+00:00\",\"dateModified\":\"2023-01-09T16:50:08+00:00\",\"description\":\"klauzula informacyjna dotycz\u0105ca RODO oraz danych osobowych zamieszczanych na stronie internetowej Warsztat\u00f3w Kultury.\",\"breadcrumb\":{\"@id\":\"https:\/\/warsztatykultury.pl\/pl\/klauzula-informacyjna\/#breadcrumb\"},\"inLanguage\":\"pl-PL\",\"potentialAction\":[{\"@type\":\"ReadAction\",\"target\":[\"https:\/\/warsztatykultury.pl\/pl\/klauzula-informacyjna\/\"]}]},{\"@type\":\"BreadcrumbList\",\"@id\":\"https:\/\/warsztatykultury.pl\/pl\/klauzula-informacyjna\/#breadcrumb\",\"itemListElement\":[{\"@type\":\"ListItem\",\"position\":1,\"name\":\"Strona g\u0142\u00f3wna\",\"item\":\"https:\/\/warsztatykultury.pl\/pl\/\"},{\"@type\":\"ListItem\",\"position\":2,\"name\":\"Klauzula informacyjna\"}]},{\"@type\":\"WebSite\",\"@id\":\"https:\/\/warsztatykultury.pl\/pl\/#website\",\"url\":\"https:\/\/warsztatykultury.pl\/pl\/\",\"name\":\"Warsztaty Kultury\",\"description\":\"\",\"publisher\":{\"@id\":\"https:\/\/warsztatykultury.pl\/pl\/#organization\"},\"potentialAction\":[{\"@type\":\"SearchAction\",\"target\":{\"@type\":\"EntryPoint\",\"urlTemplate\":\"https:\/\/warsztatykultury.pl\/pl\/?s={search_term_string}\"},\"query-input\":\"required name=search_term_string\"}],\"inLanguage\":\"pl-PL\"},{\"@type\":\"Organization\",\"@id\":\"https:\/\/warsztatykultury.pl\/pl\/#organization\",\"name\":\"Warsztaty Kultury w Lublinie\",\"url\":\"https:\/\/warsztatykultury.pl\/pl\/\",\"logo\":{\"@type\":\"ImageObject\",\"inLanguage\":\"pl-PL\",\"@id\":\"https:\/\/warsztatykultury.pl\/pl\/#\/schema\/logo\/image\/\",\"url\":\"https:\/\/warsztatykultury.pl\/wp-content\/uploads\/2020\/05\/LogoWKRetina-e1589382721171.png\",\"contentUrl\":\"https:\/\/warsztatykultury.pl\/wp-content\/uploads\/2020\/05\/LogoWKRetina-e1589382721171.png\",\"width\":700,\"height\":112,\"caption\":\"Warsztaty Kultury w Lublinie\"},\"image\":{\"@id\":\"https:\/\/warsztatykultury.pl\/pl\/#\/schema\/logo\/image\/\"},\"sameAs\":[\"https:\/\/www.facebook.com\/WarsztatyKultury\/\",\"https:\/\/www.instagram.com\/warsztatykultury\/?hl=pl\",\"https:\/\/www.youtube.com\/user\/WarsztatyKultury\",\"https:\/\/pl.wikipedia.org\/wiki\/Warsztaty_Kultury\"]}]}<\/script>\n<!-- \/ Yoast SEO plugin. -->","yoast_head_json":{"title":"Klauzula informacyjna - Warsztaty Kultury","description":"klauzula informacyjna dotycz\u0105ca RODO oraz danych osobowych zamieszczanych na stronie internetowej Warsztat\u00f3w Kultury.","robots":{"index":"index","follow":"follow","max-snippet":"max-snippet:-1","max-image-preview":"max-image-preview:large","max-video-preview":"max-video-preview:-1"},"canonical":"https:\/\/warsztatykultury.pl\/pl\/klauzula-informacyjna\/","og_locale":"pl_PL","og_type":"article","og_title":"Klauzula informacyjna - Warsztaty Kultury","og_description":"klauzula informacyjna dotycz\u0105ca RODO oraz danych osobowych zamieszczanych na stronie internetowej Warsztat\u00f3w Kultury.","og_url":"https:\/\/warsztatykultury.pl\/pl\/klauzula-informacyjna\/","og_site_name":"Warsztaty Kultury","article_publisher":"https:\/\/www.facebook.com\/WarsztatyKultury\/","article_modified_time":"2023-01-09T16:50:08+00:00","twitter_card":"summary_large_image","twitter_misc":{"Szacowany czas czytania":"4 minuty"},"schema":{"@context":"https:\/\/schema.org","@graph":[{"@type":"WebPage","@id":"https:\/\/warsztatykultury.pl\/pl\/klauzula-informacyjna\/","url":"https:\/\/warsztatykultury.pl\/pl\/klauzula-informacyjna\/","name":"Klauzula informacyjna - Warsztaty Kultury","isPartOf":{"@id":"https:\/\/warsztatykultury.pl\/pl\/#website"},"datePublished":"2021-03-18T13:33:56+00:00","dateModified":"2023-01-09T16:50:08+00:00","description":"klauzula informacyjna dotycz\u0105ca RODO oraz danych osobowych zamieszczanych na stronie internetowej Warsztat\u00f3w Kultury.","breadcrumb":{"@id":"https:\/\/warsztatykultury.pl\/pl\/klauzula-informacyjna\/#breadcrumb"},"inLanguage":"pl-PL","potentialAction":[{"@type":"ReadAction","target":["https:\/\/warsztatykultury.pl\/pl\/klauzula-informacyjna\/"]}]},{"@type":"BreadcrumbList","@id":"https:\/\/warsztatykultury.pl\/pl\/klauzula-informacyjna\/#breadcrumb","itemListElement":[{"@type":"ListItem","position":1,"name":"Strona g\u0142\u00f3wna","item":"https:\/\/warsztatykultury.pl\/pl\/"},{"@type":"ListItem","position":2,"name":"Klauzula informacyjna"}]},{"@type":"WebSite","@id":"https:\/\/warsztatykultury.pl\/pl\/#website","url":"https:\/\/warsztatykultury.pl\/pl\/","name":"Warsztaty Kultury","description":"","publisher":{"@id":"https:\/\/warsztatykultury.pl\/pl\/#organization"},"potentialAction":[{"@type":"SearchAction","target":{"@type":"EntryPoint","urlTemplate":"https:\/\/warsztatykultury.pl\/pl\/?s={search_term_string}"},"query-input":"required name=search_term_string"}],"inLanguage":"pl-PL"},{"@type":"Organization","@id":"https:\/\/warsztatykultury.pl\/pl\/#organization","name":"Warsztaty Kultury w Lublinie","url":"https:\/\/warsztatykultury.pl\/pl\/","logo":{"@type":"ImageObject","inLanguage":"pl-PL","@id":"https:\/\/warsztatykultury.pl\/pl\/#\/schema\/logo\/image\/","url":"https:\/\/warsztatykultury.pl\/wp-content\/uploads\/2020\/05\/LogoWKRetina-e1589382721171.png","contentUrl":"https:\/\/warsztatykultury.pl\/wp-content\/uploads\/2020\/05\/LogoWKRetina-e1589382721171.png","width":700,"height":112,"caption":"Warsztaty Kultury w Lublinie"},"image":{"@id":"https:\/\/warsztatykultury.pl\/pl\/#\/schema\/logo\/image\/"},"sameAs":["https:\/\/www.facebook.com\/WarsztatyKultury\/","https:\/\/www.instagram.com\/warsztatykultury\/?hl=pl","https:\/\/www.youtube.com\/user\/WarsztatyKultury","https:\/\/pl.wikipedia.org\/wiki\/Warsztaty_Kultury"]}]}},"_links":{"self":[{"href":"https:\/\/warsztatykultury.pl\/pl\/wp-json\/wp\/v2\/pages\/8949","targetHints":{"allow":["GET"]}}],"collection":[{"href":"https:\/\/warsztatykultury.pl\/pl\/wp-json\/wp\/v2\/pages"}],"about":[{"href":"https:\/\/warsztatykultury.pl\/pl\/wp-json\/wp\/v2\/types\/page"}],"author":[{"embeddable":true,"href":"https:\/\/warsztatykultury.pl\/pl\/wp-json\/wp\/v2\/users\/4"}],"replies":[{"embeddable":true,"href":"https:\/\/warsztatykultury.pl\/pl\/wp-json\/wp\/v2\/comments?post=8949"}],"version-history":[{"count":0,"href":"https:\/\/warsztatykultury.pl\/pl\/wp-json\/wp\/v2\/pages\/8949\/revisions"}],"wp:attachment":[{"href":"https:\/\/warsztatykultury.pl\/pl\/wp-json\/wp\/v2\/media?parent=8949"}],"curies":[{"name":"wp","href":"https:\/\/api.w.org\/{rel}","templated":true}]}}